{"id":700106,"date":"2025-08-27T14:56:02","date_gmt":"2025-08-27T11:56:02","guid":{"rendered":"https:\/\/roveyayinevi.com.tr\/index.php\/urun\/mikro-ifadeler\/"},"modified":"2025-12-30T09:50:21","modified_gmt":"2025-12-30T06:50:21","slug":"mikro-ifadeler","status":"publish","type":"product","link":"https:\/\/roveyayinevi.com.tr\/index.php\/urun\/mikro-ifadeler\/","title":{"rendered":"Mikro \u0130fadeler"},"content":{"rendered":"<p>Duygular\u0131n\u0131z\u0131n bir yans\u0131mas\u0131 olan mimikleriniz sizleri nas\u0131l ele veriyor? G\u00fcl\u00fcmsemeniz sahte mi, ger\u00e7ek mi? Kar\u015f\u0131n\u0131zdaki insan do\u011fru mu s\u00f6yl\u00fcyor? \u0130\u015fte t\u00fcm bu sorular\u0131n\u0131z\u0131n cevab\u0131n\u0131 O\u011fuz Benlio\u011flu&#8217;nun Mikro \u0130fadeler adl\u0131 kitab\u0131nda bulacaks\u0131n\u0131z. Mikro ifadeleri anlama teknikleri, y\u00fcz kaslar\u0131n\u0131n en k\u00fc\u00e7\u00fck hareketiyle ortaya \u00e7\u0131kan ifadelerin yorumlanmas\u0131, hem \u00f6zel hayat\u0131n\u0131zda hem de i\u015f ili\u015fkilerinizde sizlere yard\u0131mc\u0131 olacak ve art\u0131k insanlar\u0131n duygular\u0131n\u0131 \u00e7ok daha iyi anlayabileceksiniz. Beden dili \u00fczerine T\u00fcrkiye&#8217;de yay\u0131mlanm\u0131\u015f Dikkat V\u00fccudunuz Konu\u015fuyor da dahil t\u00fcm kitaplar konuyu temel d\u00fczeyde ele al\u0131rlar. O\u011fuz Benlio\u011flu&#8217;nun bu kitab\u0131 ise bir sonraki a\u015famay\u0131 derinlemesine anlat\u0131yor. E\u011fer konu \u00fczerinde uzmanl\u0131\u011f\u0131n\u0131z\u0131 art\u0131rmak istiyorsan\u0131z, kendini hep geli\u015ftirmeyi hedefleyen ak\u0131ll\u0131 ve giri\u015fimci yazar O\u011fuz Benlio\u011flu&#8217;nun bu de\u011ferli ve detayl\u0131 kitab\u0131n\u0131 okumal\u0131s\u0131n\u0131z. -Ahmet \u015eerif \u0130zg\u00f6ren E\u011fitmen-Yazar- \u00c7evrenizde egoist birisi olarak alg\u0131lanmak istemiyorsan\u0131z, beyninizin konu\u015fma dilini \u00f6\u011frenip, incinmek ve \u00e7evrenizi incitmek istemiyorsan\u0131z, alg\u0131 merkezlerinizin g\u00fc\u00e7lenmesiyle kendinize ve \u00e7evrenize farkl\u0131 bir g\u00f6zle bakmak istiyorsan\u0131z, konu\u015fmadan dinleyicilerinizle ileti\u015fime ge\u00e7mek istiyorsan\u0131z, insanlar\u0131n ger\u00e7e\u011fi s\u00f6yleyip s\u00f6ylemedi\u011fini merak ediyorsan\u0131z bu kitap ba\u015fvurman\u0131z gereken \u00f6nemli bilimsel bir kaynak. -Prof.Dr.Mesut Bedri ERYILMAZ Polis Akademisi Ceza ve Ceza Muhakemesi Hukuku \u00d6\u011fretim \u00dcyesi- Bu kitap sizi bilin\u00e7lendirmek ve ileti\u015fim becerilerinde bir \u00fcst seviyeye y\u00fckselmeniz i\u00e7in haz\u0131rlanm\u0131\u015ft\u0131r. \u00c7al\u0131\u015fanlar\u0131n\u0131zla, m\u00fc\u015fterilerinizle ya da \u00e7evrenizdeki insanlarla s\u00f6zel olmayan sinyallerle anla\u015fman\u0131n yollar\u0131n\u0131 ke\u015ffetmek i\u00e7in harika bir kitap. -Robert K\u00f6rner Alman Emniyet Te\u015fkilat\u0131 Mensubu\/ Dan\u0131\u015fman- <\/p>\n","protected":false},"excerpt":{"rendered":"<p>Duygular\u0131n\u0131z\u0131n bir yans\u0131mas\u0131 olan mimikleriniz sizleri nas\u0131l ele veriyor? G\u00fcl\u00fcmsemeniz sahte mi, ger\u00e7ek mi? Kar\u015f\u0131n\u0131zdaki insan do\u011fru mu s\u00f6yl\u00fcyor? \u0130\u015fte t\u00fcm bu sorular\u0131n\u0131z\u0131n cevab\u0131n\u0131 O\u011fuz Benlio\u011flu&#8217;nun<span class=\"excerpt-hellip\"> [\u2026]<\/span><\/p>\n","protected":false},"featured_media":0,"template":"","meta":{"_monsterinsights_skip_tracking":false,"_monsterinsights_sitenote_active":false,"_monsterinsights_sitenote_note":"","_monsterinsights_sitenote_category":0},"product_brand":[],"product_cat":[12364,12376],"product_tag":[],"class_list":{"0":"post-700106","1":"product","2":"type-product","3":"status-publish","5":"product_cat-genel-konular","6":"product_cat-kisisel-gelisim","7":"pa_cilt-ciltsiz","8":"pa_tur-kitap","9":"pa_yayinevi-elma-yayinevi","10":"pa_yazar-oguz-benlioglu","12":"first","13":"instock","14":"sale","15":"shipping-taxable","16":"purchasable","17":"product-type-simple"},"_links":{"self":[{"href":"https:\/\/roveyayinevi.com.tr\/index.php\/wp-json\/wp\/v2\/product\/700106","targetHints":{"allow":["GET"]}}],"collection":[{"href":"https:\/\/roveyayinevi.com.tr\/index.php\/wp-json\/wp\/v2\/product"}],"about":[{"href":"https:\/\/roveyayinevi.com.tr\/index.php\/wp-json\/wp\/v2\/types\/product"}],"wp:attachment":[{"href":"https:\/\/roveyayinevi.com.tr\/index.php\/wp-json\/wp\/v2\/media?parent=700106"}],"wp:term":[{"taxonomy":"product_brand","embeddable":true,"href":"https:\/\/roveyayinevi.com.tr\/index.php\/wp-json\/wp\/v2\/product_brand?post=700106"},{"taxonomy":"product_cat","embeddable":true,"href":"https:\/\/roveyayinevi.com.tr\/index.php\/wp-json\/wp\/v2\/product_cat?post=700106"},{"taxonomy":"product_tag","embeddable":true,"href":"https:\/\/roveyayinevi.com.tr\/index.php\/wp-json\/wp\/v2\/product_tag?post=700106"}],"curies":[{"name":"wp","href":"https:\/\/api.w.org\/{rel}","templated":true}]}}