{"id":700105,"date":"2025-08-27T14:56:02","date_gmt":"2025-08-27T11:56:02","guid":{"rendered":"https:\/\/roveyayinevi.com.tr\/index.php\/urun\/okul-oncesi-egitimde-dramatik-etkinliklerden-dramaya-teoriden-uygulamaya\/"},"modified":"2026-04-16T02:09:31","modified_gmt":"2026-04-15T23:09:31","slug":"okul-oncesi-egitimde-dramatik-etkinliklerden-dramaya-teoriden-uygulamaya","status":"publish","type":"product","link":"https:\/\/roveyayinevi.com.tr\/index.php\/urun\/okul-oncesi-egitimde-dramatik-etkinliklerden-dramaya-teoriden-uygulamaya\/","title":{"rendered":"Okul \u00d6ncesi E\u011fitimde Dramatik Etkinliklerden Dramaya Teoriden Uygulamaya"},"content":{"rendered":"<p>Okul \u00d6ncesi E\u011fitim s\u00fcrecinde \u00e7ocuklar\u0131n geli\u015fimlerini en \u00fcst d\u00fczeye \u00e7\u0131karmak her e\u011fitimcinin vazge\u00e7ilmez amac\u0131d\u0131r. Bu amac\u0131 ger\u00e7ekle\u015ftirmek i\u00e7in e\u011fitimci \u00e7e\u015fitli etkinlikler ve bu etkinliklerle beraber de\u011fi\u015fik y\u00f6ntem ve ara\u00e7lar kullanmaktad\u0131r. Bu etkinlikler i\u00e7inde \u00f6nemli bir yeri olan dramatik etkinlikler ve beraberinde drama \u00e7al\u0131\u015fmalar\u0131 \u00e7ocuklar\u0131n hem t\u00fcm geli\u015fimlerini desteklemekte, hem de g\u00fcn\u00fcm\u00fczde \u00f6nem arz eden bili\u015fsel ve sosyal becerileri geli\u015ftirmektedir. Drama \u00e7al\u0131\u015fmalar\u0131ndan \u00f6nce uygulanmas\u0131 tavsiye edilen ve temel niteli\u011fi ta\u015f\u0131yan dramatik etkinlikler ve drama \u00e7al\u0131\u015fmalar\u0131 sayesinde e\u011fitim kolayla\u015fmakta ve \u00e7ocuklar i\u00e7in e\u011flenceli olmaktad\u0131r. Okul \u00d6ncesinde dramatik etkinlikler ve dramadan yararlanmak isteyen e\u011fitimcilerin, konuyla ilgili bilgi gereksinimini kar\u015f\u0131lamak amac\u0131yla haz\u0131rlanan bu kitapta, \u00f6zellikle dramatik etkinliklerle drama aras\u0131ndaki ay\u0131r\u0131m a\u00e7\u0131k\u00e7a ortaya konmakta ve uygulamal\u0131 \u00f6rneklerle desteklenmektedir. Ayr\u0131ca kitapta \u00fclkemizdeki drama uygulamalar\u0131n\u0131n tarihi geli\u015fiminden itibaren dramatik etkinlikler ve drama ile ilgili a\u00e7\u0131klay\u0131c\u0131 genel bilgilere yer verilmi\u015f ve dramatik etkinlik ve draman\u0131n \u00f6zellikleri, alt b\u00f6l\u00fcmleri birbirini takip eder bi\u00e7imde ele al\u0131nm\u0131\u015ft\u0131r. Genel bilgi i\u00e7erikli teorik b\u00f6l\u00fcm\u00fcn\u00fc takiben, e\u011fitimcilerin uygulamalar\u0131na rehber olabilecek ve bir\u00e7o\u011fu \u00e7ocuklarla birlikte uygulanarak denenmi\u015f olan dramatik etkinlikler ve drama uygulamalar\u0131 ayr\u0131nt\u0131l\u0131 bir \u015fekilde yer alm\u0131\u015ft\u0131r. Bu \u015fekliyle, teoriden uygulamaya do\u011fru bir i\u00e7eri\u011fe sahip olan  Okul \u00d6ncesi E\u011fitimde Dramatik Etkinliklerden Dramaya-Teoriden Uygulamaya  kitab\u0131, e\u011fitimin her kademesinde g\u00f6rev yapan e\u011fitimcilere, alanda \u00f6\u011frenim g\u00f6ren \u00f6\u011frencilere ve anne babalara kendilerini geli\u015ftirmelerinde yard\u0131mc\u0131 bir kaynak niteli\u011findedir. <\/p>\n","protected":false},"excerpt":{"rendered":"<p>Okul \u00d6ncesi E\u011fitim s\u00fcrecinde \u00e7ocuklar\u0131n geli\u015fimlerini en \u00fcst d\u00fczeye \u00e7\u0131karmak her e\u011fitimcinin vazge\u00e7ilmez amac\u0131d\u0131r. Bu amac\u0131 ger\u00e7ekle\u015ftirmek i\u00e7in e\u011fitimci \u00e7e\u015fitli etkinlikler ve bu etkinliklerle beraber de\u011fi\u015fik<span class=\"excerpt-hellip\"> [\u2026]<\/span><\/p>\n","protected":false},"featured_media":0,"template":"","meta":{"_monsterinsights_skip_tracking":false,"_monsterinsights_sitenote_active":false,"_monsterinsights_sitenote_note":"","_monsterinsights_sitenote_category":0},"product_brand":[],"product_cat":[12312,12304],"product_tag":[],"class_list":{"0":"post-700105","1":"product","2":"type-product","3":"status-publish","5":"product_cat-diger","6":"product_cat-tarih","7":"pa_cilt-ciltsiz","8":"pa_tur-kitap","9":"pa_yayinevi-egiten-kitap","10":"pa_yazar-esra-omeroglu","12":"first","13":"instock","14":"sale","15":"shipping-taxable","16":"purchasable","17":"product-type-simple"},"_links":{"self":[{"href":"https:\/\/roveyayinevi.com.tr\/index.php\/wp-json\/wp\/v2\/product\/700105","targetHints":{"allow":["GET"]}}],"collection":[{"href":"https:\/\/roveyayinevi.com.tr\/index.php\/wp-json\/wp\/v2\/product"}],"about":[{"href":"https:\/\/roveyayinevi.com.tr\/index.php\/wp-json\/wp\/v2\/types\/product"}],"wp:attachment":[{"href":"https:\/\/roveyayinevi.com.tr\/index.php\/wp-json\/wp\/v2\/media?parent=700105"}],"wp:term":[{"taxonomy":"product_brand","embeddable":true,"href":"https:\/\/roveyayinevi.com.tr\/index.php\/wp-json\/wp\/v2\/product_brand?post=700105"},{"taxonomy":"product_cat","embeddable":true,"href":"https:\/\/roveyayinevi.com.tr\/index.php\/wp-json\/wp\/v2\/product_cat?post=700105"},{"taxonomy":"product_tag","embeddable":true,"href":"https:\/\/roveyayinevi.com.tr\/index.php\/wp-json\/wp\/v2\/product_tag?post=700105"}],"curies":[{"name":"wp","href":"https:\/\/api.w.org\/{rel}","templated":true}]}}