{"id":700101,"date":"2025-08-27T14:56:01","date_gmt":"2025-08-27T11:56:01","guid":{"rendered":"https:\/\/roveyayinevi.com.tr\/index.php\/urun\/hazir-alma-kendin-yap\/"},"modified":"2026-04-16T02:09:31","modified_gmt":"2026-04-15T23:09:31","slug":"hazir-alma-kendin-yap","status":"publish","type":"product","link":"https:\/\/roveyayinevi.com.tr\/index.php\/urun\/hazir-alma-kendin-yap\/","title":{"rendered":"Haz\u0131r Alma Kendin Yap!"},"content":{"rendered":"<p>\u00c7ok de\u011fil, bundan 50 sene kadar \u00f6nce t\u00fcm g\u0131dalar mevsiminde taze olarak t\u00fcketilir, k\u0131\u015fl\u0131k g\u0131dalarsa yaz mevsiminin sonunda haz\u0131rlan\u0131p kilerde saklan\u0131rd\u0131. Bu haz\u0131rl\u0131klar s\u0131ras\u0131nda kom\u015fular birbirine yard\u0131m eder; imece usul\u00fc herkesin tarhanas\u0131, sal\u00e7as\u0131, yufkas\u0131, eri\u015ftesi, tur\u015fusu tamamlan\u0131rd\u0131.Zamanla toplumun yap\u0131s\u0131 de\u011fi\u015fti. Ninelerimizin yiyecekleri \u2018eski\u2019 diye k\u00fc\u00e7\u00fcmsendi. Evde yo\u011furt mayalamak \u2018gereksiz bir u\u011fra\u015f\u2019, sal\u00e7a yapmak \u2018\u00e7ok b\u00fcy\u00fck bir eziyet\u2019 haline geldi. Tarhana yo\u011furan, tur\u015fu kuran neredeyse kalmad\u0131. G\u0131da end\u00fcstrisi \u201csiz zahmet etmeyin, benden haz\u0131r\u0131n\u0131 al\u0131n\u201d diye reklam yapt\u0131k\u00e7a anneler inand\u0131. Her t\u00fcrl\u00fc ihtiyac\u0131n\u0131 market raflar\u0131ndan almaya ba\u015flad\u0131. \u00c7ocuklar\u0131na katk\u0131 maddeleri, kimyasallar, boyar maddeler, parf\u00fcmler, zararl\u0131 ya\u011flar ve \u015fekerlerle haz\u0131rlanm\u0131\u015f son moda yemekleri, reklam\u0131 en \u00e7ok yap\u0131lan i\u00e7ecekleri verdi. Bug\u00fcn, bize \u2018kolayl\u0131k\u2019 olsun diye sunulan end\u00fcstriyel g\u0131dalar\u0131n ayn\u0131 zamanda \u2018hastal\u0131k\u2019 yapt\u0131\u011f\u0131n\u0131 da \u00f6\u011frenmi\u015f bulunuyoruz. Anneannelerimizin tarhanas\u0131n\u0131n, tur\u015fusunun k\u0131ymetini anlad\u0131k. Ama bu arada, nas\u0131l yap\u0131ld\u0131klar\u0131n\u0131 da unuttuk!\u0130\u015fte elinizdeki kitap, sa\u011fl\u0131kl\u0131 beslenmek ad\u0131na yemek k\u00fclt\u00fcr\u00fcnde kendi devrimini yapmaya karar verenler i\u00e7in ger\u00e7ek ve do\u011fru kaynakt\u0131r! 40 seneyi a\u015fk\u0131n bir s\u00fcredir halk mutfa\u011f\u0131m\u0131z ve yemek k\u00fclt\u00fcr\u00fcm\u00fcz \u00fczerine ara\u015ft\u0131rma yapan H\u00fclya Erol engin birikimini, anneanneden miras tariflerini, kom\u015fu teyzelerin mutfak s\u0131rlar\u0131n\u0131, k\u00f6ylerimizin usullerini payla\u015f\u0131yor. Bizi eski zamanlar\u0131n a\u011fa\u00e7 g\u00f6lgeleri, \u00fcz\u00fcm asmalar\u0131, k\u00fcmesten ka\u00e7\u0131r\u0131lan yumurtalar\u0131, taze pi\u015fmi\u015f yufkalar\u0131 aras\u0131nda g\u00fczel bir yolculu\u011fa \u00e7\u0131kar\u0131yor\u2026 <\/p>\n","protected":false},"excerpt":{"rendered":"<p>\u00c7ok de\u011fil, bundan 50 sene kadar \u00f6nce t\u00fcm g\u0131dalar mevsiminde taze olarak t\u00fcketilir, k\u0131\u015fl\u0131k g\u0131dalarsa yaz mevsiminin sonunda haz\u0131rlan\u0131p kilerde saklan\u0131rd\u0131. Bu haz\u0131rl\u0131klar s\u0131ras\u0131nda kom\u015fular birbirine<span class=\"excerpt-hellip\"> [\u2026]<\/span><\/p>\n","protected":false},"featured_media":0,"template":"","meta":{"_monsterinsights_skip_tracking":false,"_monsterinsights_sitenote_active":false,"_monsterinsights_sitenote_note":"","_monsterinsights_sitenote_category":0},"product_brand":[],"product_cat":[12457],"product_tag":[],"class_list":{"0":"post-700101","1":"product","2":"type-product","3":"status-publish","5":"product_cat-yemek-kitaplari","6":"pa_cilt-ciltsiz","7":"pa_tur-kitap","8":"pa_yayinevi-hayykitap","9":"pa_yazar-hulya-erol","11":"first","12":"instock","13":"sale","14":"shipping-taxable","15":"purchasable","16":"product-type-simple"},"_links":{"self":[{"href":"https:\/\/roveyayinevi.com.tr\/index.php\/wp-json\/wp\/v2\/product\/700101","targetHints":{"allow":["GET"]}}],"collection":[{"href":"https:\/\/roveyayinevi.com.tr\/index.php\/wp-json\/wp\/v2\/product"}],"about":[{"href":"https:\/\/roveyayinevi.com.tr\/index.php\/wp-json\/wp\/v2\/types\/product"}],"wp:attachment":[{"href":"https:\/\/roveyayinevi.com.tr\/index.php\/wp-json\/wp\/v2\/media?parent=700101"}],"wp:term":[{"taxonomy":"product_brand","embeddable":true,"href":"https:\/\/roveyayinevi.com.tr\/index.php\/wp-json\/wp\/v2\/product_brand?post=700101"},{"taxonomy":"product_cat","embeddable":true,"href":"https:\/\/roveyayinevi.com.tr\/index.php\/wp-json\/wp\/v2\/product_cat?post=700101"},{"taxonomy":"product_tag","embeddable":true,"href":"https:\/\/roveyayinevi.com.tr\/index.php\/wp-json\/wp\/v2\/product_tag?post=700101"}],"curies":[{"name":"wp","href":"https:\/\/api.w.org\/{rel}","templated":true}]}}