{"id":700100,"date":"2025-08-27T14:56:00","date_gmt":"2025-08-27T11:56:00","guid":{"rendered":"https:\/\/roveyayinevi.com.tr\/index.php\/urun\/modern-fizik\/"},"modified":"2026-04-16T02:09:31","modified_gmt":"2026-04-15T23:09:31","slug":"modern-fizik","status":"publish","type":"product","link":"https:\/\/roveyayinevi.com.tr\/index.php\/urun\/modern-fizik\/","title":{"rendered":"Modern Fizik"},"content":{"rendered":"<p>Bilimin kapsam\u0131, bir alandaki varl\u0131klar\u0131 ve olaylar\u0131 inceleme, a\u00e7\u0131klama, olaylarla ve a\u00e7\u0131klamalarla ilgili genellemelere ula\u015fma, bu a\u00e7\u0131klama ve genellemeler vas\u0131tas\u0131 ile gelecekteki olaylar\u0131 kestirme gayretleri olarak bi\u00e7imlendirilebilir. Bilimsel bilgiler, yery\u00fcz\u00fcnde var olu\u015fundan bug\u00fcne kadar, gereksinimlerini gidermek amac\u0131 ile do\u011fal \u00e7evresi ile etkile\u015fen insan\u0131n, bu etkile\u015fim s\u0131ras\u0131nda edindi\u011fi bilgiler aras\u0131ndan s\u00fcz\u00fclerek; belli bir d\u00fczene g\u00f6re biriktirilmi\u015f, denenerek g\u00fcvenirli\u011fi kan\u0131tlanm\u0131\u015f, ge\u00e7erli bilgileri kapsar. \u0130nsano\u011flunun kendisini ke\u015ffetmesi, \u00e7evresini anlamas\u0131 ve a\u00e7\u0131klamas\u0131 s\u00fcrecinde edindi\u011fi bilimsel bilgiler daha rahat ve g\u00fcvenli bir ya\u015fam s\u00fcrmesini olanakl\u0131 k\u0131lar. Son y\u00fczy\u0131lda g\u00f6zlem ve a\u00e7\u0131klamalar\u0131n geli\u015fimini inceleyen &#8220;bilim tarihi&#8221; bir akademik disiplin olarak geli\u015fmi\u015ftir. Belirli bir olgunun g\u00f6zlenmesi ile ba\u015flayan bilimsel \u00e7aba, olguyu a\u00e7\u0131klamaya y\u00f6nelen \u00f6nermeleri do\u011furur. Yeni ad\u0131m \u00f6nermelere temel te\u015fkil eden kavramlar\u0131n \u00fcretilmesi ve tan\u0131mlanmas\u0131 olacakt\u0131r. \u0130lgili \u00f6nermelerin farkl\u0131 olay ve olgular\u0131 a\u00e7\u0131klayabilmesi bilimsel genellemeleri do\u011furur. Bu s\u00fcre\u00e7te ara\u015ft\u0131rmac\u0131 bir tak\u0131m denenceler geli\u015ftirerek genellemelerini s\u0131nayacak ve bu s\u00fcre\u00e7 bilimsel yasalara ve kuramlara ula\u015f\u0131lmas\u0131 ile son bulacakt\u0131r. Ancak son y\u00fczy\u0131lda fen bilimleri alan\u0131nda s\u00fcrekli katlanarak ivme kazanan geli\u015fmeler, bilimsel bilgilerin bilinen ger\u00e7eklere ba\u011fl\u0131 oldu\u011funun ve yeni kan\u0131tlar topland\u0131k\u00e7a de\u011fi\u015febilece\u011finin alg\u0131lanmas\u0131na \u00f6zel bir \u00f6nem atfetmektedir. \ufffc<\/p>\n","protected":false},"excerpt":{"rendered":"<p>Bilimin kapsam\u0131, bir alandaki varl\u0131klar\u0131 ve olaylar\u0131 inceleme, a\u00e7\u0131klama, olaylarla ve a\u00e7\u0131klamalarla ilgili genellemelere ula\u015fma, bu a\u00e7\u0131klama ve genellemeler vas\u0131tas\u0131 ile gelecekteki olaylar\u0131 kestirme gayretleri olarak<span class=\"excerpt-hellip\"> [\u2026]<\/span><\/p>\n","protected":false},"featured_media":0,"template":"","meta":{"_monsterinsights_skip_tracking":false,"_monsterinsights_sitenote_active":false,"_monsterinsights_sitenote_note":"","_monsterinsights_sitenote_category":0},"product_brand":[],"product_cat":[12312,12304],"product_tag":[],"class_list":{"0":"post-700100","1":"product","2":"type-product","3":"status-publish","5":"product_cat-diger","6":"product_cat-tarih","7":"pa_cilt-ciltsiz","8":"pa_tur-kitap","9":"pa_yayinevi-ani-yayincilik","10":"pa_yazar-pervin-unlu","12":"first","13":"instock","14":"sale","15":"shipping-taxable","16":"purchasable","17":"product-type-simple"},"_links":{"self":[{"href":"https:\/\/roveyayinevi.com.tr\/index.php\/wp-json\/wp\/v2\/product\/700100","targetHints":{"allow":["GET"]}}],"collection":[{"href":"https:\/\/roveyayinevi.com.tr\/index.php\/wp-json\/wp\/v2\/product"}],"about":[{"href":"https:\/\/roveyayinevi.com.tr\/index.php\/wp-json\/wp\/v2\/types\/product"}],"wp:attachment":[{"href":"https:\/\/roveyayinevi.com.tr\/index.php\/wp-json\/wp\/v2\/media?parent=700100"}],"wp:term":[{"taxonomy":"product_brand","embeddable":true,"href":"https:\/\/roveyayinevi.com.tr\/index.php\/wp-json\/wp\/v2\/product_brand?post=700100"},{"taxonomy":"product_cat","embeddable":true,"href":"https:\/\/roveyayinevi.com.tr\/index.php\/wp-json\/wp\/v2\/product_cat?post=700100"},{"taxonomy":"product_tag","embeddable":true,"href":"https:\/\/roveyayinevi.com.tr\/index.php\/wp-json\/wp\/v2\/product_tag?post=700100"}],"curies":[{"name":"wp","href":"https:\/\/api.w.org\/{rel}","templated":true}]}}