{"id":700094,"date":"2025-08-27T14:55:58","date_gmt":"2025-08-27T11:55:58","guid":{"rendered":"https:\/\/roveyayinevi.com.tr\/index.php\/urun\/donusum-4\/"},"modified":"2026-04-16T02:09:31","modified_gmt":"2026-04-15T23:09:31","slug":"donusum-4","status":"publish","type":"product","link":"https:\/\/roveyayinevi.com.tr\/index.php\/urun\/donusum-4\/","title":{"rendered":"D\u00f6n\u00fc\u015f\u00fcm"},"content":{"rendered":"<p>\u0130lk kez 1915\u2019te \u201cDie Weissen Blaetter\u201d adl\u0131 ayl\u0131k dergide yay\u0131mlanan D\u00f6n\u00fc\u015f\u00fcm, Kafka\u2019n\u0131n en uzun ve en tan\u0131nm\u0131\u015f \u00f6yk\u00fcs\u00fcd\u00fcr ve yay\u0131mlanmas\u0131n\u0131n \u00fczerinden nerdeyse bir as\u0131r ge\u00e7mesine ra\u011fmen h\u00e2l\u00e2 t\u00fcm d\u00fcnyada en \u00e7ok okunan kitaplar aras\u0131ndad\u0131r. <\/p>\n","protected":false},"excerpt":{"rendered":"<p>\u0130lk kez 1915\u2019te \u201cDie Weissen Blaetter\u201d adl\u0131 ayl\u0131k dergide yay\u0131mlanan D\u00f6n\u00fc\u015f\u00fcm, Kafka\u2019n\u0131n en uzun ve en tan\u0131nm\u0131\u015f \u00f6yk\u00fcs\u00fcd\u00fcr ve yay\u0131mlanmas\u0131n\u0131n \u00fczerinden nerdeyse bir as\u0131r ge\u00e7mesine ra\u011fmen<span class=\"excerpt-hellip\"> [\u2026]<\/span><\/p>\n","protected":false},"featured_media":0,"template":"","meta":{"_monsterinsights_skip_tracking":false,"_monsterinsights_sitenote_active":false,"_monsterinsights_sitenote_note":"","_monsterinsights_sitenote_category":0},"product_brand":[],"product_cat":[12782,12291],"product_tag":[],"class_list":{"0":"post-700094","1":"product","2":"type-product","3":"status-publish","5":"product_cat-alman-edebiyati","6":"product_cat-edebiyat","7":"pa_cilt-ciltsiz","8":"pa_tur-kitap","9":"pa_yayinevi-is-bankasi-kultur-yayinlari","10":"pa_yazar-franz-kafka","12":"first","13":"instock","14":"sale","15":"shipping-taxable","16":"purchasable","17":"product-type-simple"},"_links":{"self":[{"href":"https:\/\/roveyayinevi.com.tr\/index.php\/wp-json\/wp\/v2\/product\/700094","targetHints":{"allow":["GET"]}}],"collection":[{"href":"https:\/\/roveyayinevi.com.tr\/index.php\/wp-json\/wp\/v2\/product"}],"about":[{"href":"https:\/\/roveyayinevi.com.tr\/index.php\/wp-json\/wp\/v2\/types\/product"}],"wp:attachment":[{"href":"https:\/\/roveyayinevi.com.tr\/index.php\/wp-json\/wp\/v2\/media?parent=700094"}],"wp:term":[{"taxonomy":"product_brand","embeddable":true,"href":"https:\/\/roveyayinevi.com.tr\/index.php\/wp-json\/wp\/v2\/product_brand?post=700094"},{"taxonomy":"product_cat","embeddable":true,"href":"https:\/\/roveyayinevi.com.tr\/index.php\/wp-json\/wp\/v2\/product_cat?post=700094"},{"taxonomy":"product_tag","embeddable":true,"href":"https:\/\/roveyayinevi.com.tr\/index.php\/wp-json\/wp\/v2\/product_tag?post=700094"}],"curies":[{"name":"wp","href":"https:\/\/api.w.org\/{rel}","templated":true}]}}