{"id":700093,"date":"2025-08-27T14:55:58","date_gmt":"2025-08-27T11:55:58","guid":{"rendered":"https:\/\/roveyayinevi.com.tr\/index.php\/urun\/kisa-20-yuzyil-tarihi\/"},"modified":"2026-04-16T02:09:31","modified_gmt":"2026-04-15T23:09:31","slug":"kisa-20-yuzyil-tarihi","status":"publish","type":"product","link":"https:\/\/roveyayinevi.com.tr\/index.php\/urun\/kisa-20-yuzyil-tarihi\/","title":{"rendered":"K\u0131sa 20. Y\u00fczy\u0131l Tarihi"},"content":{"rendered":"<p>Du\u0308nya 20. yu\u0308zy\u0131lda neredeyse tu\u0308m yerku\u0308reyi kas\u0131p kavuran iki bu\u0308yu\u0308k sava\u015fa, \u201cdu\u0308nyay\u0131 sarsan\u201d devrimlere, imparatorluklar\u0131n \u00e7\u00f6ku\u0308p s\u00f6mu\u0308rgelerin ba\u011f\u0131ms\u0131zl\u0131klar\u0131n\u0131 kazanmas\u0131na ve sonra da iki bu\u0308yu\u0308k sistemden birinin y\u0131k\u0131l\u0131\u015f\u0131na tan\u0131k oldu. \u0130nsano\u011flu 20. yu\u0308zy\u0131lda Ay\u2019a gitti, uzay\u0131 ke\u015ffe \u00e7\u0131kt\u0131, teknoloji ve ileti\u015fim devrimiyle du\u0308nyay\u0131 ku\u0308\u00e7u\u0308lttu\u0308, ama di\u011fer yandan gezegenin tu\u0308ketilmesi, \u00e7evre felaketi, a\u00e7l\u0131k, yoksulluk daha \u00f6nce g\u00f6ru\u0308lmemi\u015f boyutlara ula\u015ft\u0131.<\/p>\n","protected":false},"excerpt":{"rendered":"<p>Du\u0308nya 20. yu\u0308zy\u0131lda neredeyse tu\u0308m yerku\u0308reyi kas\u0131p kavuran iki bu\u0308yu\u0308k sava\u015fa, \u201cdu\u0308nyay\u0131 sarsan\u201d devrimlere, imparatorluklar\u0131n \u00e7\u00f6ku\u0308p s\u00f6mu\u0308rgelerin ba\u011f\u0131ms\u0131zl\u0131klar\u0131n\u0131 kazanmas\u0131na ve sonra da iki bu\u0308yu\u0308k sistemden birinin<span class=\"excerpt-hellip\"> [\u2026]<\/span><\/p>\n","protected":false},"featured_media":0,"template":"","meta":{"_monsterinsights_skip_tracking":false,"_monsterinsights_sitenote_active":false,"_monsterinsights_sitenote_note":"","_monsterinsights_sitenote_category":0},"product_brand":[],"product_cat":[12305,12304],"product_tag":[],"class_list":{"0":"post-700093","1":"product","2":"type-product","3":"status-publish","5":"product_cat-dunya-tarihi","6":"product_cat-tarih","7":"pa_cilt-ciltsiz","8":"pa_tur-kitap","9":"pa_yayinevi-is-bankasi-kultur-yayinlari","10":"pa_yazar-sina-aksin","12":"first","13":"instock","14":"sale","15":"shipping-taxable","16":"purchasable","17":"product-type-simple"},"_links":{"self":[{"href":"https:\/\/roveyayinevi.com.tr\/index.php\/wp-json\/wp\/v2\/product\/700093","targetHints":{"allow":["GET"]}}],"collection":[{"href":"https:\/\/roveyayinevi.com.tr\/index.php\/wp-json\/wp\/v2\/product"}],"about":[{"href":"https:\/\/roveyayinevi.com.tr\/index.php\/wp-json\/wp\/v2\/types\/product"}],"wp:attachment":[{"href":"https:\/\/roveyayinevi.com.tr\/index.php\/wp-json\/wp\/v2\/media?parent=700093"}],"wp:term":[{"taxonomy":"product_brand","embeddable":true,"href":"https:\/\/roveyayinevi.com.tr\/index.php\/wp-json\/wp\/v2\/product_brand?post=700093"},{"taxonomy":"product_cat","embeddable":true,"href":"https:\/\/roveyayinevi.com.tr\/index.php\/wp-json\/wp\/v2\/product_cat?post=700093"},{"taxonomy":"product_tag","embeddable":true,"href":"https:\/\/roveyayinevi.com.tr\/index.php\/wp-json\/wp\/v2\/product_tag?post=700093"}],"curies":[{"name":"wp","href":"https:\/\/api.w.org\/{rel}","templated":true}]}}