{"id":700086,"date":"2025-08-27T14:55:56","date_gmt":"2025-08-27T11:55:56","guid":{"rendered":"https:\/\/roveyayinevi.com.tr\/index.php\/urun\/sosyalizmin-alfabesi\/"},"modified":"2026-01-28T02:17:44","modified_gmt":"2026-01-27T23:17:44","slug":"sosyalizmin-alfabesi","status":"publish","type":"product","link":"https:\/\/roveyayinevi.com.tr\/index.php\/urun\/sosyalizmin-alfabesi\/","title":{"rendered":"Sosyalizmin Alfabesi"},"content":{"rendered":"<p>Amerikal\u0131lar\u0131n \u00e7o\u011funun sosyalizm konusunda bildikleri tek \u015fey, ondan ho\u015flanmad\u0131klar\u0131d\u0131r. Onlar, sosyalizmin, ya uygulanamaz oldu\u011fu i\u00e7in g\u00fcl\u00fcn\u00e7, ya da \u015feytan i\u015fi oldu\u011fu i\u00e7in korkulacak bir \u015fey oldu\u011funa inand\u0131r\u0131lm\u0131\u015flard\u0131r. \ufffcTan\u0131t\u0131m Metni<\/p>\n","protected":false},"excerpt":{"rendered":"<p>Amerikal\u0131lar\u0131n \u00e7o\u011funun sosyalizm konusunda bildikleri tek \u015fey, ondan ho\u015flanmad\u0131klar\u0131d\u0131r. Onlar, sosyalizmin, ya uygulanamaz oldu\u011fu i\u00e7in g\u00fcl\u00fcn\u00e7, ya da \u015feytan i\u015fi oldu\u011fu i\u00e7in korkulacak bir \u015fey oldu\u011funa<span class=\"excerpt-hellip\"> [\u2026]<\/span><\/p>\n","protected":false},"featured_media":0,"template":"","meta":{"_monsterinsights_skip_tracking":false,"_monsterinsights_sitenote_active":false,"_monsterinsights_sitenote_note":"","_monsterinsights_sitenote_category":0},"product_brand":[],"product_cat":[12324,27533],"product_tag":[],"class_list":{"0":"post-700086","1":"product","2":"type-product","3":"status-publish","5":"product_cat-sosyoloji","6":"product_cat-sosyolojiye-giris","7":"pa_cilt-ciltsiz","8":"pa_tur-kitap","9":"pa_yayinevi-sol-yayinlari","10":"pa_yazar-leo-huberman","12":"first","13":"instock","14":"sale","15":"shipping-taxable","16":"purchasable","17":"product-type-simple"},"_links":{"self":[{"href":"https:\/\/roveyayinevi.com.tr\/index.php\/wp-json\/wp\/v2\/product\/700086","targetHints":{"allow":["GET"]}}],"collection":[{"href":"https:\/\/roveyayinevi.com.tr\/index.php\/wp-json\/wp\/v2\/product"}],"about":[{"href":"https:\/\/roveyayinevi.com.tr\/index.php\/wp-json\/wp\/v2\/types\/product"}],"wp:attachment":[{"href":"https:\/\/roveyayinevi.com.tr\/index.php\/wp-json\/wp\/v2\/media?parent=700086"}],"wp:term":[{"taxonomy":"product_brand","embeddable":true,"href":"https:\/\/roveyayinevi.com.tr\/index.php\/wp-json\/wp\/v2\/product_brand?post=700086"},{"taxonomy":"product_cat","embeddable":true,"href":"https:\/\/roveyayinevi.com.tr\/index.php\/wp-json\/wp\/v2\/product_cat?post=700086"},{"taxonomy":"product_tag","embeddable":true,"href":"https:\/\/roveyayinevi.com.tr\/index.php\/wp-json\/wp\/v2\/product_tag?post=700086"}],"curies":[{"name":"wp","href":"https:\/\/api.w.org\/{rel}","templated":true}]}}