{"id":700085,"date":"2025-08-27T14:55:56","date_gmt":"2025-08-27T11:55:56","guid":{"rendered":"https:\/\/roveyayinevi.com.tr\/index.php\/urun\/secme-yazismalar-2-1870-1895\/"},"modified":"2026-04-16T02:09:31","modified_gmt":"2026-04-15T23:09:31","slug":"secme-yazismalar-2-1870-1895","status":"publish","type":"product","link":"https:\/\/roveyayinevi.com.tr\/index.php\/urun\/secme-yazismalar-2-1870-1895\/","title":{"rendered":"Se\u00e7me Yaz\u0131\u015fmalar 2 (1870-1895)"},"content":{"rendered":"<p>K. Marx ve F. Engels&#8217;in, yaz\u0131\u015fmalar\u0131ndan derlenen Selected Correspondence (Progress Publishers, Moscow 1975) adl\u0131 yap\u0131t\u0131n 1870-1895 y\u0131llar\u0131n\u0131 kapsayan ikinci b\u00f6l\u00fcm\u00fcn\u00fc Yurdakul Fincanc\u0131 \u0130ngilizcesinden dilimize \u00e7evirdi ve kitap Frans\u0131zcas\u0131yla (Correspondance, Editions du Progr\u00e8s, Moscou 1976) kar\u015f\u0131la\u015ft\u0131r\u0131ld\u0131ktan sonra Sol Yay\u0131nlar\u0131 Taraf\u0131ndan Se\u00e7me Yaz\u0131\u015fmalar 2 ad\u0131yla Ekim 1996&#8217;da Ankara&#8217;da \u015eahin Matbaas\u0131&#8217;nda bast\u0131r\u0131ld\u0131. \ufffcTan\u0131t\u0131m Metni<\/p>\n","protected":false},"excerpt":{"rendered":"<p>K. Marx ve F. Engels&#8217;in, yaz\u0131\u015fmalar\u0131ndan derlenen Selected Correspondence (Progress Publishers, Moscow 1975) adl\u0131 yap\u0131t\u0131n 1870-1895 y\u0131llar\u0131n\u0131 kapsayan ikinci b\u00f6l\u00fcm\u00fcn\u00fc Yurdakul Fincanc\u0131 \u0130ngilizcesinden dilimize \u00e7evirdi ve<span class=\"excerpt-hellip\"> [\u2026]<\/span><\/p>\n","protected":false},"featured_media":0,"template":"","meta":{"_monsterinsights_skip_tracking":false,"_monsterinsights_sitenote_active":false,"_monsterinsights_sitenote_note":"","_monsterinsights_sitenote_category":0},"product_brand":[],"product_cat":[13527,14356],"product_tag":[],"class_list":{"0":"post-700085","1":"product","2":"type-product","3":"status-publish","5":"product_cat-sureli-yayinlar","6":"product_cat-tarih-sureli-yayinlar","7":"pa_cilt-ciltsiz","8":"pa_tur-kitap","9":"pa_yayinevi-sol-yayinlari","10":"pa_yazar-karl-marx","12":"first","13":"instock","14":"sale","15":"shipping-taxable","16":"purchasable","17":"product-type-simple"},"_links":{"self":[{"href":"https:\/\/roveyayinevi.com.tr\/index.php\/wp-json\/wp\/v2\/product\/700085","targetHints":{"allow":["GET"]}}],"collection":[{"href":"https:\/\/roveyayinevi.com.tr\/index.php\/wp-json\/wp\/v2\/product"}],"about":[{"href":"https:\/\/roveyayinevi.com.tr\/index.php\/wp-json\/wp\/v2\/types\/product"}],"wp:attachment":[{"href":"https:\/\/roveyayinevi.com.tr\/index.php\/wp-json\/wp\/v2\/media?parent=700085"}],"wp:term":[{"taxonomy":"product_brand","embeddable":true,"href":"https:\/\/roveyayinevi.com.tr\/index.php\/wp-json\/wp\/v2\/product_brand?post=700085"},{"taxonomy":"product_cat","embeddable":true,"href":"https:\/\/roveyayinevi.com.tr\/index.php\/wp-json\/wp\/v2\/product_cat?post=700085"},{"taxonomy":"product_tag","embeddable":true,"href":"https:\/\/roveyayinevi.com.tr\/index.php\/wp-json\/wp\/v2\/product_tag?post=700085"}],"curies":[{"name":"wp","href":"https:\/\/api.w.org\/{rel}","templated":true}]}}