{"id":700077,"date":"2025-08-27T14:55:54","date_gmt":"2025-08-27T11:55:54","guid":{"rendered":"https:\/\/roveyayinevi.com.tr\/index.php\/urun\/kizilbaslikta-uc-firar-uc-terk\/"},"modified":"2026-04-16T02:09:31","modified_gmt":"2026-04-15T23:09:31","slug":"kizilbaslikta-uc-firar-uc-terk","status":"publish","type":"product","link":"https:\/\/roveyayinevi.com.tr\/index.php\/urun\/kizilbaslikta-uc-firar-uc-terk\/","title":{"rendered":"K\u0131z\u0131lba\u015fl\u0131kta \u00dc\u00e7 Firar \u00dc\u00e7 Terk"},"content":{"rendered":"<p>D\u00fc\u015f\u00fcnmemizi kendi aleyhine \u00e7evirip, bug\u00fcnk\u00fcne benzer bir sonu\u00e7 \u00fcretmeyecek bir gelecek i\u00e7in d\u00fc\u015f\u00fcnsel yat\u0131r\u0131m yapaca\u011f\u0131z. Bu-D\u00fcnya\u2019n\u0131n yanl\u0131\u015f\u0131yla, Bu-D\u00fcnya\u2019y\u0131 terbiye edece\u011fiz. Mant\u0131ksal d\u00fc\u015f\u00fcnmenin kar\u015f\u0131 taraf\u0131na ge\u00e7ip sanatsal-\u015fiirsel d\u00fc\u015f\u00fcnece\u011fiz, g\u00f6n\u00fcl kazan\u0131mlar\u0131n\u0131 belirleyici k\u0131laca\u011f\u0131z ve halk\u0131n r\u00fcyas\u0131 demek olan s\u00f6ylenceleri sahiplenece\u011fiz. <\/p>\n","protected":false},"excerpt":{"rendered":"<p>D\u00fc\u015f\u00fcnmemizi kendi aleyhine \u00e7evirip, bug\u00fcnk\u00fcne benzer bir sonu\u00e7 \u00fcretmeyecek bir gelecek i\u00e7in d\u00fc\u015f\u00fcnsel yat\u0131r\u0131m yapaca\u011f\u0131z. Bu-D\u00fcnya\u2019n\u0131n yanl\u0131\u015f\u0131yla, Bu-D\u00fcnya\u2019y\u0131 terbiye edece\u011fiz. Mant\u0131ksal d\u00fc\u015f\u00fcnmenin kar\u015f\u0131 taraf\u0131na ge\u00e7ip sanatsal-\u015fiirsel<span class=\"excerpt-hellip\"> [\u2026]<\/span><\/p>\n","protected":false},"featured_media":0,"template":"","meta":{"_monsterinsights_skip_tracking":false,"_monsterinsights_sitenote_active":false,"_monsterinsights_sitenote_note":"","_monsterinsights_sitenote_category":0},"product_brand":[],"product_cat":[13575,12718,12719],"product_tag":[],"class_list":{"0":"post-700077","1":"product","2":"type-product","3":"status-publish","5":"product_cat-alevilik-bektasilik","6":"product_cat-din","7":"product_cat-islam","8":"pa_tur-kitap","9":"pa_yayinevi-demos-yayinlari","10":"pa_yazar-esat-korkmaz","12":"first","13":"instock","14":"sale","15":"shipping-taxable","16":"purchasable","17":"product-type-simple"},"_links":{"self":[{"href":"https:\/\/roveyayinevi.com.tr\/index.php\/wp-json\/wp\/v2\/product\/700077","targetHints":{"allow":["GET"]}}],"collection":[{"href":"https:\/\/roveyayinevi.com.tr\/index.php\/wp-json\/wp\/v2\/product"}],"about":[{"href":"https:\/\/roveyayinevi.com.tr\/index.php\/wp-json\/wp\/v2\/types\/product"}],"wp:attachment":[{"href":"https:\/\/roveyayinevi.com.tr\/index.php\/wp-json\/wp\/v2\/media?parent=700077"}],"wp:term":[{"taxonomy":"product_brand","embeddable":true,"href":"https:\/\/roveyayinevi.com.tr\/index.php\/wp-json\/wp\/v2\/product_brand?post=700077"},{"taxonomy":"product_cat","embeddable":true,"href":"https:\/\/roveyayinevi.com.tr\/index.php\/wp-json\/wp\/v2\/product_cat?post=700077"},{"taxonomy":"product_tag","embeddable":true,"href":"https:\/\/roveyayinevi.com.tr\/index.php\/wp-json\/wp\/v2\/product_tag?post=700077"}],"curies":[{"name":"wp","href":"https:\/\/api.w.org\/{rel}","templated":true}]}}