{"id":700076,"date":"2025-08-27T14:55:53","date_gmt":"2025-08-27T11:55:53","guid":{"rendered":"https:\/\/roveyayinevi.com.tr\/index.php\/urun\/tibbi-hacamat\/"},"modified":"2026-04-16T02:09:31","modified_gmt":"2026-04-15T23:09:31","slug":"tibbi-hacamat","status":"publish","type":"product","link":"https:\/\/roveyayinevi.com.tr\/index.php\/urun\/tibbi-hacamat\/","title":{"rendered":"T\u0131bbi Hacamat"},"content":{"rendered":"<p>G\u00fcn\u00fcm\u00fczde halk\u0131n en b\u00fcy\u00fck sorunlar\u0131ndan biri sa\u011fl\u0131k! Modern t\u0131p her ge\u00e7en g\u00fcn geli\u015fiyor ama hastane say\u0131s\u0131 ve hastanelerdeki hasta kuyru\u011fu say\u0131s\u0131 da her ge\u00e7en g\u00fcn katlanarak art\u0131yor.Neticede hastalanmadan sa\u011fl\u0131kl\u0131 ya\u015famak, hastal\u0131klardan \u2018korunmak\u2019 \u00f6ncelikli hedefimiz haline geliyor\u2026T\u0131bbi hacamat koruyucu bir tedavi y\u00f6ntemi. \u0130la\u00e7 yok, ameliyat yok, radyasyon yok, risk yok. V\u00fccudun belirli b\u00f6lgelerindeki k\u0131lcal damarlardan kirli kan ve zararl\u0131 birikintilerin d\u0131\u015far\u0131 at\u0131lmas\u0131 prensibine dayan\u0131yor. As\u0131rlard\u0131r uygulan\u0131yor. Peygamber Efendimizin bir\u00e7ok defa hacamat yapt\u0131rd\u0131\u011f\u0131 ve \u00fcmmetine de \u0131srarla tavsiye etti\u011fi biliniyor.\u015eimdi bu kadim \u015fifa y\u00f6ntemi t\u0131p doktorunun deneyimiyle birle\u015fti! Dr. Turan\u015fah T\u00fcmer, Cerrahpa\u015fa T\u0131p Fak\u00fcltesi\u2019nden mezun bir doktor. Y\u0131llarca aile hekimli\u011fi yapm\u0131\u015f. Daha sonra akupunktur, kupa terapisi ve hacamat konusuna yo\u011funla\u015f\u0131p bu alanda e\u011fitimler alarak uzmanla\u015fm\u0131\u015f. T\u00fcrkiye\u2019de t\u0131p doktoru olarak \u2018t\u0131bbi hacamat\u2019 yapan ilk hekimlerden! T\u0131bbi Hacamat kitab\u0131 bir hekim taraf\u0131ndan bu alanda yaz\u0131lan ilk kapsaml\u0131 T\u00fcrk\u00e7e eser.Dr. T\u00fcmer t\u0131bbi hacamat\u0131n son derece g\u00fcvenilir bir y\u00f6ntem oldu\u011funu vurguluyor. Hem g\u00fcvenilir, hem de etkili.\u00c7\u00fcnk\u00fc sa\u011fl\u0131ks\u0131z kan dola\u015f\u0131m\u0131, bir\u00e7ok hastal\u0131\u011f\u0131n olu\u015fmas\u0131na yol a\u00e7an \u00f6nemli bir risk. \u0130\u015fte t\u0131bbi hacamat burada devreye girerek damar t\u0131kan\u0131kl\u0131klar\u0131n\u0131 a\u00e7\u0131yor. Hacamat sayesinde toksinler ve metabolik at\u0131klar ortadan kalkt\u0131\u011f\u0131 i\u00e7in, \u00e7e\u015fitli hastal\u0131klar\u0131 tedavi edebilmek de m\u00fcmk\u00fcn oluyor.\u0130\u015fte t\u0131bbi hacamat\u0131n etkili oldu\u011fu hastal\u0131klar:Y\u00fcksek kolesterol, y\u00fcksek tansiyon, kalp damar t\u0131kan\u0131kl\u0131klar\u0131, \u00fcrik asit birikimi, migren, ba\u015f a\u011fr\u0131s\u0131, fel\u00e7 riski, diyabet, g\u00f6z problemleri, g\u00f6z tansiyonu, romatizma, ast\u0131m, boyun\/omuz sertli\u011fi, yorgunluk, so\u011fuk alg\u0131nl\u0131\u011f\u0131, ayaklarda kar\u0131ncalanma\/uyu\u015fukluk\/a\u011fr\u0131, bacaklarda \u015fi\u015flik\/\u00f6dem, bel a\u011fr\u0131lar\u0131\/tutulmalar\u0131, karaci\u011fer hastal\u0131klar\u0131, vertigo. <\/p>\n","protected":false},"excerpt":{"rendered":"<p>G\u00fcn\u00fcm\u00fczde halk\u0131n en b\u00fcy\u00fck sorunlar\u0131ndan biri sa\u011fl\u0131k! Modern t\u0131p her ge\u00e7en g\u00fcn geli\u015fiyor ama hastane say\u0131s\u0131 ve hastanelerdeki hasta kuyru\u011fu say\u0131s\u0131 da her ge\u00e7en g\u00fcn katlanarak<span class=\"excerpt-hellip\"> [\u2026]<\/span><\/p>\n","protected":false},"featured_media":0,"template":"","meta":{"_monsterinsights_skip_tracking":false,"_monsterinsights_sitenote_active":false,"_monsterinsights_sitenote_note":"","_monsterinsights_sitenote_category":0},"product_brand":[],"product_cat":[13397,13365],"product_tag":[],"class_list":{"0":"post-700076","1":"product","2":"type-product","3":"status-publish","5":"product_cat-alternatif-tip-sifali-bitkiler","6":"product_cat-saglik","7":"pa_cilt-ciltsiz","8":"pa_tur-kitap","9":"pa_yayinevi-hayykitap","10":"pa_yazar-m-turansah-tumer","12":"first","13":"instock","14":"sale","15":"shipping-taxable","16":"purchasable","17":"product-type-simple"},"_links":{"self":[{"href":"https:\/\/roveyayinevi.com.tr\/index.php\/wp-json\/wp\/v2\/product\/700076","targetHints":{"allow":["GET"]}}],"collection":[{"href":"https:\/\/roveyayinevi.com.tr\/index.php\/wp-json\/wp\/v2\/product"}],"about":[{"href":"https:\/\/roveyayinevi.com.tr\/index.php\/wp-json\/wp\/v2\/types\/product"}],"wp:attachment":[{"href":"https:\/\/roveyayinevi.com.tr\/index.php\/wp-json\/wp\/v2\/media?parent=700076"}],"wp:term":[{"taxonomy":"product_brand","embeddable":true,"href":"https:\/\/roveyayinevi.com.tr\/index.php\/wp-json\/wp\/v2\/product_brand?post=700076"},{"taxonomy":"product_cat","embeddable":true,"href":"https:\/\/roveyayinevi.com.tr\/index.php\/wp-json\/wp\/v2\/product_cat?post=700076"},{"taxonomy":"product_tag","embeddable":true,"href":"https:\/\/roveyayinevi.com.tr\/index.php\/wp-json\/wp\/v2\/product_tag?post=700076"}],"curies":[{"name":"wp","href":"https:\/\/api.w.org\/{rel}","templated":true}]}}