{"id":700074,"date":"2025-08-27T14:55:53","date_gmt":"2025-08-27T11:55:53","guid":{"rendered":"https:\/\/roveyayinevi.com.tr\/index.php\/urun\/ataturkun-gizlenen-vasiyeti\/"},"modified":"2026-04-16T02:09:31","modified_gmt":"2026-04-15T23:09:31","slug":"ataturkun-gizlenen-vasiyeti","status":"publish","type":"product","link":"https:\/\/roveyayinevi.com.tr\/index.php\/urun\/ataturkun-gizlenen-vasiyeti\/","title":{"rendered":"Atat\u00fcrk&#8217;\u00fcn Gizlenen Vasiyeti"},"content":{"rendered":"<p>\u0130LK KEZ BU K\u0130TAPTA; &#8211; 17. Y\u0131ld\u0131z vizyonuna ait belgeler &#8211; Gazi Pa\u015fan\u0131n emri ile kurulan \u00e7ok \u00f6zel bir cemiyete ait orijinal belgeler. &#8211; Atat\u00fcrk\u00fcn \u00f6zel evrak\u0131na ait kasalar\u0131n a\u00e7\u0131lma s\u00fcreci. &#8211; Atat\u00fcrk\u00fcn \u00f6zel evrak\u0131n\u0131 saklad\u0131\u011f\u0131 kasalar\u0131na dair bilinmeyenler. &#8211; Gizlenen Vasiyet neden 50 ve neden G\u0130ZL\u0130 ibareleri ile kayda ge\u00e7ti? &#8211; Atat\u00fcrk\u00fcn Gizlenen Vasiyeti i\u00e7in a\u00e7\u0131lan mahkeme davalar\u0131na dair belgeler. &#8211; Gazi Pa\u015fan\u0131n gizli belgeleri i\u00e7in kulland\u0131\u011f\u0131 \u00f6zel m\u00fchr\u00fc ve bu m\u00fch\u00fcrle ili\u015fkili bir kuruma ait bilgiler. Gazi Pa\u015fa ve ona g\u00f6n\u00fclden ba\u011fl\u0131 ekibi, \u0130stiklal Sava\u015f\u0131n\u0131n temelinin at\u0131lmaya ba\u015fland\u0131\u011f\u0131 ilk andan itibaren, m\u00fccadelenin belgelerini g\u00fcn g\u00fcn ar\u015fivledi. Ar\u015fivleme s\u00fcreci, Atat\u00fcrk\u00fcn vefat\u0131 olan 10 Kas\u0131ma kadar s\u00fcrd\u00fc. Ar\u015fivlenen \u00e7ok gizli ve tarihe \u0131\u015f\u0131k tutacak \u00e7ok \u00f6nemli belgeler 105 adet sar\u0131 dosya halinde fihristlendi. Atat\u00fcrk\u00fcn vefat\u0131ndan bir s\u00fcre sonra \u00c7ankaya K\u00f6\u015fk\u00fcnde bulunan 105 adet sar\u0131 dosya Ziraat Bankas\u0131n\u0131n zemin kat\u0131ndaki \u00f6zel kasalara konuldu ve 50 y\u0131l boyunca a\u00e7\u0131klanmamas\u0131 ko\u015fuluyla sakland\u0131. Devlet yetkilileri ise 2005 y\u0131l\u0131na kadar 105 adet dosyan\u0131n varl\u0131\u011f\u0131 hakk\u0131nda sessiz kalmay\u0131 tercih etti. Bu kitapta, Atat\u00fcrk\u00fcn en yak\u0131n\u0131nda bulunmu\u015f d\u00f6nemin yetkililerinin an\u0131lar\u0131nda, r\u00f6portajlar\u0131nda, meclis tutanaklar\u0131nda; Atat\u00fcrk\u00fcn hususi evrak\u0131 olan 105 adet dosyan\u0131n varl\u0131\u011f\u0131n\u0131 do\u011frulad\u0131klar\u0131n\u0131 ilk kez belgeleriyle g\u00f6receksiniz.<\/p>\n","protected":false},"excerpt":{"rendered":"<p>\u0130LK KEZ BU K\u0130TAPTA; &#8211; 17. Y\u0131ld\u0131z vizyonuna ait belgeler &#8211; Gazi Pa\u015fan\u0131n emri ile kurulan \u00e7ok \u00f6zel bir cemiyete ait orijinal belgeler. &#8211; Atat\u00fcrk\u00fcn \u00f6zel<span class=\"excerpt-hellip\"> [\u2026]<\/span><\/p>\n","protected":false},"featured_media":0,"template":"","meta":{"_monsterinsights_skip_tracking":false,"_monsterinsights_sitenote_active":false,"_monsterinsights_sitenote_note":"","_monsterinsights_sitenote_category":0},"product_brand":[],"product_cat":[12530,12304],"product_tag":[],"class_list":{"0":"post-700074","1":"product","2":"type-product","3":"status-publish","5":"product_cat-mustafa-kemal-ataturk","6":"product_cat-tarih","7":"pa_cilt-ciltsiz","8":"pa_tur-kitap","9":"pa_yayinevi-destek-yayinlari","10":"pa_yazar-baran-aydin","12":"first","13":"instock","14":"sale","15":"shipping-taxable","16":"purchasable","17":"product-type-simple"},"_links":{"self":[{"href":"https:\/\/roveyayinevi.com.tr\/index.php\/wp-json\/wp\/v2\/product\/700074","targetHints":{"allow":["GET"]}}],"collection":[{"href":"https:\/\/roveyayinevi.com.tr\/index.php\/wp-json\/wp\/v2\/product"}],"about":[{"href":"https:\/\/roveyayinevi.com.tr\/index.php\/wp-json\/wp\/v2\/types\/product"}],"wp:attachment":[{"href":"https:\/\/roveyayinevi.com.tr\/index.php\/wp-json\/wp\/v2\/media?parent=700074"}],"wp:term":[{"taxonomy":"product_brand","embeddable":true,"href":"https:\/\/roveyayinevi.com.tr\/index.php\/wp-json\/wp\/v2\/product_brand?post=700074"},{"taxonomy":"product_cat","embeddable":true,"href":"https:\/\/roveyayinevi.com.tr\/index.php\/wp-json\/wp\/v2\/product_cat?post=700074"},{"taxonomy":"product_tag","embeddable":true,"href":"https:\/\/roveyayinevi.com.tr\/index.php\/wp-json\/wp\/v2\/product_tag?post=700074"}],"curies":[{"name":"wp","href":"https:\/\/api.w.org\/{rel}","templated":true}]}}