{"id":700070,"date":"2025-08-27T14:55:52","date_gmt":"2025-08-27T11:55:52","guid":{"rendered":"https:\/\/roveyayinevi.com.tr\/index.php\/urun\/uygulamali-cocuklar-icin-yaratici-drama-egitimi\/"},"modified":"2026-04-16T02:09:31","modified_gmt":"2026-04-15T23:09:31","slug":"uygulamali-cocuklar-icin-yaratici-drama-egitimi","status":"publish","type":"product","link":"https:\/\/roveyayinevi.com.tr\/index.php\/urun\/uygulamali-cocuklar-icin-yaratici-drama-egitimi\/","title":{"rendered":"Uygulamal\u0131 \u00c7ocuklar \u0130\u00e7in Yarat\u0131c\u0131 Drama E\u011fitimi"},"content":{"rendered":"<p>Yarat\u0131c\u0131 drama hayal g\u00fcc\u00fcn\u00fcn anahtar\u0131d\u0131r&#8230;Yarat\u0131c\u0131 drama g\u00fcn\u00fcm\u00fcz d\u00fcnyas\u0131nda teknoloji taraf\u0131ndan bir k\u00f6\u015feye s\u0131k\u0131\u015fm\u0131\u015f her ya\u015fta insan\u0131n kendini ifade edebilmesidir.Oyun oynamak \u00e7ocu\u011fun olmazsa olmaz\u0131d\u0131r. \u00c7ocuklar oyun ile kendini ifade edebilir, deneyim kazan\u0131r, hayattaki zorluklarla nas\u0131l kar\u015f\u0131 ba\u015fa \u00e7\u0131kabilece\u011fini kavrar.Farkl\u0131 fikirlere sayg\u0131 duymay\u0131, grup i\u00e7inde ortak hareket etmeyi, empati kurmay\u0131, gizli y\u00f6nlerini ve becerilerini geli\u015ftirmeyi \u00f6\u011frenir.Duygu, d\u00fc\u015f\u00fcnce ve isteklerini daha rahat ifade eder. Hayat\u0131 ve kendisini yeniden ke\u015ffeder.Yarat\u0131c\u0131 drama sayesinde alg\u0131lama, dinleme, s\u00f6zle ve beden diliyle konu\u015fma konusunda beceri kazan\u0131r.Hayal g\u00fcc\u00fcn\u00fc, estetik anlay\u0131\u015f\u0131n\u0131 ve ele\u015ftirel d\u00fc\u015f\u00fcnme g\u00fcc\u00fcn\u00fc geli\u015ftirirken, \u00e7evresine daha ger\u00e7ek\u00e7i g\u00f6zlerle bakmay\u0131 \u00f6\u011frenir.Draman\u0131n \u00f6z\u00fc, do\u011fa\u00e7lamalara dayan\u0131r. Bu kitap, teorik bilgilerin yan\u0131 s\u0131ra, 233 fakl\u0131 uygulama i\u00e7ermektedir.<\/p>\n","protected":false},"excerpt":{"rendered":"<p>Yarat\u0131c\u0131 drama hayal g\u00fcc\u00fcn\u00fcn anahtar\u0131d\u0131r&#8230;Yarat\u0131c\u0131 drama g\u00fcn\u00fcm\u00fcz d\u00fcnyas\u0131nda teknoloji taraf\u0131ndan bir k\u00f6\u015feye s\u0131k\u0131\u015fm\u0131\u015f her ya\u015fta insan\u0131n kendini ifade edebilmesidir.Oyun oynamak \u00e7ocu\u011fun olmazsa olmaz\u0131d\u0131r. \u00c7ocuklar oyun ile<span class=\"excerpt-hellip\"> [\u2026]<\/span><\/p>\n","protected":false},"featured_media":0,"template":"","meta":{"_monsterinsights_skip_tracking":false,"_monsterinsights_sitenote_active":false,"_monsterinsights_sitenote_note":"","_monsterinsights_sitenote_category":0},"product_brand":[],"product_cat":[12409,12408],"product_tag":[],"class_list":{"0":"post-700070","1":"product","2":"type-product","3":"status-publish","5":"product_cat-fotograf-sinema-tiyatro","6":"product_cat-sanat","7":"pa_cilt-ciltsiz","8":"pa_tur-kitap","9":"pa_yayinevi-pozitif-yayinlari","10":"pa_yazar-yilmaz-arikan","12":"first","13":"instock","14":"sale","15":"shipping-taxable","16":"purchasable","17":"product-type-simple"},"_links":{"self":[{"href":"https:\/\/roveyayinevi.com.tr\/index.php\/wp-json\/wp\/v2\/product\/700070","targetHints":{"allow":["GET"]}}],"collection":[{"href":"https:\/\/roveyayinevi.com.tr\/index.php\/wp-json\/wp\/v2\/product"}],"about":[{"href":"https:\/\/roveyayinevi.com.tr\/index.php\/wp-json\/wp\/v2\/types\/product"}],"wp:attachment":[{"href":"https:\/\/roveyayinevi.com.tr\/index.php\/wp-json\/wp\/v2\/media?parent=700070"}],"wp:term":[{"taxonomy":"product_brand","embeddable":true,"href":"https:\/\/roveyayinevi.com.tr\/index.php\/wp-json\/wp\/v2\/product_brand?post=700070"},{"taxonomy":"product_cat","embeddable":true,"href":"https:\/\/roveyayinevi.com.tr\/index.php\/wp-json\/wp\/v2\/product_cat?post=700070"},{"taxonomy":"product_tag","embeddable":true,"href":"https:\/\/roveyayinevi.com.tr\/index.php\/wp-json\/wp\/v2\/product_tag?post=700070"}],"curies":[{"name":"wp","href":"https:\/\/api.w.org\/{rel}","templated":true}]}}