{"id":700068,"date":"2025-08-27T14:55:51","date_gmt":"2025-08-27T11:55:51","guid":{"rendered":"https:\/\/roveyayinevi.com.tr\/index.php\/urun\/ayin-pesinden-kosan-kiz\/"},"modified":"2026-04-16T02:09:31","modified_gmt":"2026-04-15T23:09:31","slug":"ayin-pesinden-kosan-kiz","status":"publish","type":"product","link":"https:\/\/roveyayinevi.com.tr\/index.php\/urun\/ayin-pesinden-kosan-kiz\/","title":{"rendered":"Ay\u0131n Pe\u015finden Ko\u015fan K\u0131z"},"content":{"rendered":"<p>Nereden geldi\u011fi belli olmayan \u0131\u015f\u0131klar\u2026 Ruh haline g\u00f6re de\u011fi\u015fen duvar k\u00e2\u011f\u0131tlar\u0131\u2026 Yar\u0131n\u0131 g\u00f6rebilecek kadar uzun bir adam ve herkesin saklad\u0131\u011f\u0131 bir s\u0131rr\u0131 olan bir kasaba\u2026 Mullaby, Kuzey Carolina\u2019ya ho\u015f geldiniz! Emily annesinin gizemli ge\u00e7mi\u015fine dair bir \u015feyler \u00f6\u011frenmeyi umarak Mullaby\u2019ye gelir. Ancak annesinin do\u011fdu\u011fu evin e\u015fi\u011finden ad\u0131m\u0131n\u0131 att\u0131\u011f\u0131 ve hi\u00e7 tan\u0131\u015fmam\u0131\u015f oldu\u011fu b\u00fcy\u00fckbabas\u0131yla kar\u015f\u0131la\u015ft\u0131\u011f\u0131 anda, bu kasabadaki gizemlerin \u00e7\u00f6z\u00fclmedi\u011fini, bunlarla ya\u015faman\u0131n bir hayat bi\u00e7imi oldu\u011funu anlar. Julia ise Mullaby\u2019ye babas\u0131n\u0131n yapt\u0131klar\u0131n\u0131 telafi etmek i\u00e7in d\u00f6nm\u00fc\u015ft\u00fcr. Kasabadaki herkes Julia\u2019n\u0131n lezzetli pastalar\u0131n\u0131n yaln\u0131zl\u0131\u011fa iyi geldi\u011fini ve umut verdi\u011fini biliyordur. Ancak gen\u00e7 kad\u0131n sab\u0131rla buradan gidece\u011fi zaman\u0131 beklemektedir. Gururlu ve k\u0131r\u0131lgan Julia ile Emily birbirlerine ba\u011flan\u0131r ve ge\u00e7mi\u015f ile bug\u00fcn\u00fc bar\u0131\u015ft\u0131racak bir yolculu\u011fa \u00e7\u0131karlar. Pasta kaybedilmi\u015f bir a\u015fk\u0131 bir yeniden canland\u0131rabilir mi? Emily ay\u0131 yakalayabilecek mi? Cevaplara \u015fa\u015f\u0131racaks\u0131n\u0131z. New York Times \u00e7oksatar yazar\u0131 Sarah Addison Allen, b\u00fcy\u00fcleyici bu yeni roman\u0131nda sizi Carolina dolunay\u0131ndan daha b\u00fcy\u00fcl\u00fc, garip bir g\u00fcney kasabas\u0131na davet ediyor. Romanda birbirinden farkl\u0131 iki kad\u0131n bu d\u00fcnyada ait olduklar\u0131 yeri bulmaya \u00e7al\u0131\u015f\u0131yor. <\/p>\n","protected":false},"excerpt":{"rendered":"<p>Nereden geldi\u011fi belli olmayan \u0131\u015f\u0131klar\u2026 Ruh haline g\u00f6re de\u011fi\u015fen duvar k\u00e2\u011f\u0131tlar\u0131\u2026 Yar\u0131n\u0131 g\u00f6rebilecek kadar uzun bir adam ve herkesin saklad\u0131\u011f\u0131 bir s\u0131rr\u0131 olan bir kasaba\u2026 Mullaby,<span class=\"excerpt-hellip\"> [\u2026]<\/span><\/p>\n","protected":false},"featured_media":0,"template":"","meta":{"_monsterinsights_skip_tracking":false,"_monsterinsights_sitenote_active":false,"_monsterinsights_sitenote_note":"","_monsterinsights_sitenote_category":0},"product_brand":[],"product_cat":[12291,12711],"product_tag":[],"class_list":{"0":"post-700068","1":"product","2":"type-product","3":"status-publish","5":"product_cat-edebiyat","6":"product_cat-roman-oyku","7":"pa_tur-kitap","8":"pa_yayinevi-pegasus-yayinlari","9":"pa_yazar-sarah-addison-allen","11":"first","12":"instock","13":"sale","14":"shipping-taxable","15":"purchasable","16":"product-type-simple"},"_links":{"self":[{"href":"https:\/\/roveyayinevi.com.tr\/index.php\/wp-json\/wp\/v2\/product\/700068","targetHints":{"allow":["GET"]}}],"collection":[{"href":"https:\/\/roveyayinevi.com.tr\/index.php\/wp-json\/wp\/v2\/product"}],"about":[{"href":"https:\/\/roveyayinevi.com.tr\/index.php\/wp-json\/wp\/v2\/types\/product"}],"wp:attachment":[{"href":"https:\/\/roveyayinevi.com.tr\/index.php\/wp-json\/wp\/v2\/media?parent=700068"}],"wp:term":[{"taxonomy":"product_brand","embeddable":true,"href":"https:\/\/roveyayinevi.com.tr\/index.php\/wp-json\/wp\/v2\/product_brand?post=700068"},{"taxonomy":"product_cat","embeddable":true,"href":"https:\/\/roveyayinevi.com.tr\/index.php\/wp-json\/wp\/v2\/product_cat?post=700068"},{"taxonomy":"product_tag","embeddable":true,"href":"https:\/\/roveyayinevi.com.tr\/index.php\/wp-json\/wp\/v2\/product_tag?post=700068"}],"curies":[{"name":"wp","href":"https:\/\/api.w.org\/{rel}","templated":true}]}}