{"id":700061,"date":"2025-08-27T14:55:49","date_gmt":"2025-08-27T11:55:49","guid":{"rendered":"https:\/\/roveyayinevi.com.tr\/index.php\/urun\/ilkokula-hazirlik-ve-ilkokul-programlari\/"},"modified":"2026-04-16T02:09:31","modified_gmt":"2026-04-15T23:09:31","slug":"ilkokula-hazirlik-ve-ilkokul-programlari","status":"publish","type":"product","link":"https:\/\/roveyayinevi.com.tr\/index.php\/urun\/ilkokula-hazirlik-ve-ilkokul-programlari\/","title":{"rendered":"\u0130lkokula Haz\u0131rl\u0131k ve \u0130lkokul Programlar\u0131"},"content":{"rendered":"<p>\u00c7ocuklar\u0131 ilkokula haz\u0131rlamak, onlar\u0131n t\u00fcm geli\u015fim alanlar\u0131n\u0131 destekleyerek ilkokula uyum sa\u011flamalar\u0131n\u0131 kolayla\u015ft\u0131racak ve bu kademedeki bilgi, beceri ve deneyimler i\u00e7in haz\u0131r olmalar\u0131n\u0131 sa\u011flayacak \u00e7al\u0131\u015fmalar\u0131 i\u00e7erir. Bu \u00e7al\u0131\u015fmalar\u0131n amac\u0131na ula\u015fabilmesi i\u00e7in okul \u00f6ncesi \u00f6\u011fretmenlerinin ve bu konuda onlara destek olacak olan ailelerin ilkokula haz\u0131rl\u0131k ve bu s\u00fcre\u00e7te yap\u0131lacak \u00e7al\u0131\u015fmalar hakk\u0131nda bilgi sahibi olmalar\u0131 gerekmektedir. Kitapta, okul \u00f6ncesi d\u00f6nemdeki \u00e7ocuklar\u0131 ilkokula haz\u0131rlama s\u00fcreciyle ilgili gerekli bilgilere ve yap\u0131lmas\u0131 gereken \u00e7al\u0131\u015fmalara y\u00f6nelik b\u00f6l\u00fcmlere yer verilmi\u015ftir. B\u00f6l\u00fcmlerin belirlenmesinde okul \u00f6ncesi ve ilkokul kademelerinde ya\u015fanan g\u00fcncel geli\u015fmeler dikkate al\u0131nm\u0131\u015ft\u0131r. Bu ba\u011flamda kitap, 2012 y\u0131l\u0131nda haz\u0131rlanan yeni okul \u00f6ncesi e\u011fitim program\u0131na ve ayn\u0131 y\u0131l ilkokul kademesinde ger\u00e7ekle\u015fen de\u011fi\u015fikliklere uygun olarak haz\u0131rlanm\u0131\u015ft\u0131r. \ufffcTan\u0131t\u0131m Metni<\/p>\n","protected":false},"excerpt":{"rendered":"<p>\u00c7ocuklar\u0131 ilkokula haz\u0131rlamak, onlar\u0131n t\u00fcm geli\u015fim alanlar\u0131n\u0131 destekleyerek ilkokula uyum sa\u011flamalar\u0131n\u0131 kolayla\u015ft\u0131racak ve bu kademedeki bilgi, beceri ve deneyimler i\u00e7in haz\u0131r olmalar\u0131n\u0131 sa\u011flayacak \u00e7al\u0131\u015fmalar\u0131 i\u00e7erir. Bu<span class=\"excerpt-hellip\"> [\u2026]<\/span><\/p>\n","protected":false},"featured_media":0,"template":"","meta":{"_monsterinsights_skip_tracking":false,"_monsterinsights_sitenote_active":false,"_monsterinsights_sitenote_note":"","_monsterinsights_sitenote_category":0},"product_brand":[],"product_cat":[12831,12324],"product_tag":[],"class_list":{"0":"post-700061","1":"product","2":"type-product","3":"status-publish","5":"product_cat-aile-ve-cocuk","6":"product_cat-sosyoloji","7":"pa_cilt-ciltsiz","8":"pa_tur-kitap","9":"pa_yayinevi-egiten-kitap","10":"pa_yazar-banu-yangin","12":"first","13":"instock","14":"sale","15":"shipping-taxable","16":"purchasable","17":"product-type-simple"},"_links":{"self":[{"href":"https:\/\/roveyayinevi.com.tr\/index.php\/wp-json\/wp\/v2\/product\/700061","targetHints":{"allow":["GET"]}}],"collection":[{"href":"https:\/\/roveyayinevi.com.tr\/index.php\/wp-json\/wp\/v2\/product"}],"about":[{"href":"https:\/\/roveyayinevi.com.tr\/index.php\/wp-json\/wp\/v2\/types\/product"}],"wp:attachment":[{"href":"https:\/\/roveyayinevi.com.tr\/index.php\/wp-json\/wp\/v2\/media?parent=700061"}],"wp:term":[{"taxonomy":"product_brand","embeddable":true,"href":"https:\/\/roveyayinevi.com.tr\/index.php\/wp-json\/wp\/v2\/product_brand?post=700061"},{"taxonomy":"product_cat","embeddable":true,"href":"https:\/\/roveyayinevi.com.tr\/index.php\/wp-json\/wp\/v2\/product_cat?post=700061"},{"taxonomy":"product_tag","embeddable":true,"href":"https:\/\/roveyayinevi.com.tr\/index.php\/wp-json\/wp\/v2\/product_tag?post=700061"}],"curies":[{"name":"wp","href":"https:\/\/api.w.org\/{rel}","templated":true}]}}