{"id":700060,"date":"2025-08-27T14:55:49","date_gmt":"2025-08-27T11:55:49","guid":{"rendered":"https:\/\/roveyayinevi.com.tr\/index.php\/urun\/okul-oncesi-donem-cocuklari-icin-aile-katilimli-deprem-egitimi-programi\/"},"modified":"2026-04-16T02:09:31","modified_gmt":"2026-04-15T23:09:31","slug":"okul-oncesi-donem-cocuklari-icin-aile-katilimli-deprem-egitimi-programi","status":"publish","type":"product","link":"https:\/\/roveyayinevi.com.tr\/index.php\/urun\/okul-oncesi-donem-cocuklari-icin-aile-katilimli-deprem-egitimi-programi\/","title":{"rendered":"Okul \u00d6ncesi D\u00f6nem \u00c7ocuklar\u0131 \u0130\u00e7in Aile Kat\u0131l\u0131ml\u0131 Deprem E\u011fitimi Program\u0131"},"content":{"rendered":"<p>&#8220;Okul \u00d6ncesi D\u00f6nem \u00c7ocuklar\u0131 \u0130\u00e7in Aile Kat\u0131l\u0131ml\u0131 Deprem E\u011fitimi Program\u0131&#8221; isimli kitap, okul \u00f6ncesi e\u011fitime devam eden 5-6 ya\u015f grubu \u00e7ocuklara y\u00f6nelik haz\u0131rlanan aile kat\u0131l\u0131ml\u0131 bir deprem e\u011fitim program\u0131n\u0131 i\u00e7ermektedir. Bu kitap ile okul \u00f6ncesi d\u00f6nem \u00e7ocuklar\u0131na depremi tan\u0131tmak, depremle ilgili \u00f6nlem almaya y\u00f6nelik bak\u0131\u015f a\u00e7\u0131s\u0131 geli\u015ftirmeyi desteklemek ama\u00e7lanm\u0131\u015ft\u0131r. <\/p>\n","protected":false},"excerpt":{"rendered":"<p>&#8220;Okul \u00d6ncesi D\u00f6nem \u00c7ocuklar\u0131 \u0130\u00e7in Aile Kat\u0131l\u0131ml\u0131 Deprem E\u011fitimi Program\u0131&#8221; isimli kitap, okul \u00f6ncesi e\u011fitime devam eden 5-6 ya\u015f grubu \u00e7ocuklara y\u00f6nelik haz\u0131rlanan aile kat\u0131l\u0131ml\u0131 bir<span class=\"excerpt-hellip\"> [\u2026]<\/span><\/p>\n","protected":false},"featured_media":0,"template":"","meta":{"_monsterinsights_skip_tracking":false,"_monsterinsights_sitenote_active":false,"_monsterinsights_sitenote_note":"","_monsterinsights_sitenote_category":0},"product_brand":[],"product_cat":[12831,12324],"product_tag":[],"class_list":{"0":"post-700060","1":"product","2":"type-product","3":"status-publish","5":"product_cat-aile-ve-cocuk","6":"product_cat-sosyoloji","7":"pa_cilt-ciltsiz","8":"pa_tur-kitap","9":"pa_yayinevi-egiten-kitap","10":"pa_yazar-leyla-fetihi","12":"first","13":"instock","14":"sale","15":"shipping-taxable","16":"purchasable","17":"product-type-simple"},"_links":{"self":[{"href":"https:\/\/roveyayinevi.com.tr\/index.php\/wp-json\/wp\/v2\/product\/700060","targetHints":{"allow":["GET"]}}],"collection":[{"href":"https:\/\/roveyayinevi.com.tr\/index.php\/wp-json\/wp\/v2\/product"}],"about":[{"href":"https:\/\/roveyayinevi.com.tr\/index.php\/wp-json\/wp\/v2\/types\/product"}],"wp:attachment":[{"href":"https:\/\/roveyayinevi.com.tr\/index.php\/wp-json\/wp\/v2\/media?parent=700060"}],"wp:term":[{"taxonomy":"product_brand","embeddable":true,"href":"https:\/\/roveyayinevi.com.tr\/index.php\/wp-json\/wp\/v2\/product_brand?post=700060"},{"taxonomy":"product_cat","embeddable":true,"href":"https:\/\/roveyayinevi.com.tr\/index.php\/wp-json\/wp\/v2\/product_cat?post=700060"},{"taxonomy":"product_tag","embeddable":true,"href":"https:\/\/roveyayinevi.com.tr\/index.php\/wp-json\/wp\/v2\/product_tag?post=700060"}],"curies":[{"name":"wp","href":"https:\/\/api.w.org\/{rel}","templated":true}]}}