{"id":700057,"date":"2025-08-27T14:55:48","date_gmt":"2025-08-27T11:55:48","guid":{"rendered":"https:\/\/roveyayinevi.com.tr\/index.php\/urun\/hayvanlar-yalan-soylemez\/"},"modified":"2026-04-16T02:09:30","modified_gmt":"2026-04-15T23:09:30","slug":"hayvanlar-yalan-soylemez","status":"publish","type":"product","link":"https:\/\/roveyayinevi.com.tr\/index.php\/urun\/hayvanlar-yalan-soylemez\/","title":{"rendered":"Hayvanlar Yalan S\u00f6ylemez"},"content":{"rendered":"<p>Yalva\u00e7 Ural\u2019\u0131n Sokak Ansiklopedisi\u2019nin 3. cildi \u00e7\u0131kt\u0131!\u201c\u00c7ocuk edebiyat\u0131n\u0131n \u015fampiyonu\u201d Yalva\u00e7 Ural\u2019dan merakl\u0131 m\u0131 merakl\u0131, renkli mi renkli bir \u201csokak ansiklopedisi\u201d, bir \u201cokul d\u0131\u015f\u0131\u201d bilgi merkezi!\u0130\u015fte bu cildin ipu\u00e7lar\u0131:* D\u00fcnyan\u0131n tek h\u00e2kimi insan m\u0131? Peki ya hayvanlar?* \u201cM\u0131\u015f\u201d gibi yapmak, yalan s\u00f6ylemek&#8230; \u0130\u015fte hayvanlar\u0131n tek eksi\u011fi!* Ye\u015fil \u00e7ay\u0131rlardan dergi kapaklar\u0131na inekler&#8230;* Brokoli \u00e7i\u011fneyen tekirler, havu\u00e7 kemiren sarmanlar&#8230; Vejetaryen kedi m\u00fcmk\u00fcn m\u00fc?<\/p>\n","protected":false},"excerpt":{"rendered":"<p>Yalva\u00e7 Ural\u2019\u0131n Sokak Ansiklopedisi\u2019nin 3. cildi \u00e7\u0131kt\u0131!\u201c\u00c7ocuk edebiyat\u0131n\u0131n \u015fampiyonu\u201d Yalva\u00e7 Ural\u2019dan merakl\u0131 m\u0131 merakl\u0131, renkli mi renkli bir \u201csokak ansiklopedisi\u201d, bir \u201cokul d\u0131\u015f\u0131\u201d bilgi merkezi!\u0130\u015fte bu<span class=\"excerpt-hellip\"> [\u2026]<\/span><\/p>\n","protected":false},"featured_media":0,"template":"","meta":{"_monsterinsights_skip_tracking":false,"_monsterinsights_sitenote_active":false,"_monsterinsights_sitenote_note":"","_monsterinsights_sitenote_category":0},"product_brand":[],"product_cat":[13829,12274],"product_tag":[],"class_list":{"0":"post-700057","1":"product","2":"type-product","3":"status-publish","5":"product_cat-bilimsel-kitaplar","6":"product_cat-cocuk-ve-genclik-kitaplari","7":"pa_cilt-ciltsiz","8":"pa_tur-kitap","9":"pa_yayinevi-yapi-kredi-yayinlari","10":"pa_yazar-yalvac-ural","12":"first","13":"instock","14":"sale","15":"shipping-taxable","16":"purchasable","17":"product-type-simple"},"_links":{"self":[{"href":"https:\/\/roveyayinevi.com.tr\/index.php\/wp-json\/wp\/v2\/product\/700057","targetHints":{"allow":["GET"]}}],"collection":[{"href":"https:\/\/roveyayinevi.com.tr\/index.php\/wp-json\/wp\/v2\/product"}],"about":[{"href":"https:\/\/roveyayinevi.com.tr\/index.php\/wp-json\/wp\/v2\/types\/product"}],"wp:attachment":[{"href":"https:\/\/roveyayinevi.com.tr\/index.php\/wp-json\/wp\/v2\/media?parent=700057"}],"wp:term":[{"taxonomy":"product_brand","embeddable":true,"href":"https:\/\/roveyayinevi.com.tr\/index.php\/wp-json\/wp\/v2\/product_brand?post=700057"},{"taxonomy":"product_cat","embeddable":true,"href":"https:\/\/roveyayinevi.com.tr\/index.php\/wp-json\/wp\/v2\/product_cat?post=700057"},{"taxonomy":"product_tag","embeddable":true,"href":"https:\/\/roveyayinevi.com.tr\/index.php\/wp-json\/wp\/v2\/product_tag?post=700057"}],"curies":[{"name":"wp","href":"https:\/\/api.w.org\/{rel}","templated":true}]}}