{"id":700056,"date":"2025-08-27T14:55:48","date_gmt":"2025-08-27T11:55:48","guid":{"rendered":"https:\/\/roveyayinevi.com.tr\/index.php\/urun\/burcu-ve-berk-sosyal-yasam\/"},"modified":"2025-08-31T14:08:14","modified_gmt":"2025-08-31T11:08:14","slug":"burcu-ve-berk-sosyal-yasam","status":"publish","type":"product","link":"https:\/\/roveyayinevi.com.tr\/index.php\/urun\/burcu-ve-berk-sosyal-yasam\/","title":{"rendered":"Burcu ve Berk &#8211; Sosyal Ya\u015fam"},"content":{"rendered":"<p>\u201cYepyeni bir bak\u0131\u015f a\u00e7\u0131s\u0131yla bilgilendirirken e\u011flendiren bir seri.\u201d \u2013\u0130PEK ONGUN Burcu ve Berk iki karde\u015f.  Dost isimli bir de k\u00f6pekleri var. Burcu, karde\u015fi Berk\u2019e yol g\u00f6steren, zorland\u0131\u011f\u0131 zaman  yard\u0131mc\u0131 olan bir abla.  Bu kitapta t\u00fcm aile birlikte seyahate \u00e7\u0131k\u0131yor. Yolculuklar\u0131 s\u0131ras\u0131nda insan\u0131n kendine, ailesine ve \u00e7evresindekilere sayg\u0131 duymas\u0131n\u0131n \u00f6nemini \u00f6\u011freniyorlar. Etraf\u0131ndakilere ve \u00e7evreye kar\u015f\u0131 duyarl\u0131 davranmak gerekti\u011fi de \u00f6\u011frendikleri bir di\u011fer sosyal ya\u015fam kural\u0131. <\/p>\n","protected":false},"excerpt":{"rendered":"<p>\u201cYepyeni bir bak\u0131\u015f a\u00e7\u0131s\u0131yla bilgilendirirken e\u011flendiren bir seri.\u201d \u2013\u0130PEK ONGUN Burcu ve Berk iki karde\u015f. Dost isimli bir de k\u00f6pekleri var. Burcu, karde\u015fi Berk\u2019e yol g\u00f6steren,<span class=\"excerpt-hellip\"> [\u2026]<\/span><\/p>\n","protected":false},"featured_media":0,"template":"","meta":{"_monsterinsights_skip_tracking":false,"_monsterinsights_sitenote_active":false,"_monsterinsights_sitenote_note":"","_monsterinsights_sitenote_category":0},"product_brand":[],"product_cat":[12913,12274],"product_tag":[],"class_list":{"0":"post-700056","1":"product","2":"type-product","3":"status-publish","5":"product_cat-3-6-yas-kitaplari","6":"product_cat-cocuk-ve-genclik-kitaplari","7":"pa_cilt-ciltsiz","8":"pa_tur-kitap","9":"pa_yayinevi-artemis-yayinlari","10":"pa_yazar-defne-ongun-muminoglu","12":"first","13":"instock","14":"sale","15":"shipping-taxable","16":"purchasable","17":"product-type-simple"},"_links":{"self":[{"href":"https:\/\/roveyayinevi.com.tr\/index.php\/wp-json\/wp\/v2\/product\/700056","targetHints":{"allow":["GET"]}}],"collection":[{"href":"https:\/\/roveyayinevi.com.tr\/index.php\/wp-json\/wp\/v2\/product"}],"about":[{"href":"https:\/\/roveyayinevi.com.tr\/index.php\/wp-json\/wp\/v2\/types\/product"}],"wp:attachment":[{"href":"https:\/\/roveyayinevi.com.tr\/index.php\/wp-json\/wp\/v2\/media?parent=700056"}],"wp:term":[{"taxonomy":"product_brand","embeddable":true,"href":"https:\/\/roveyayinevi.com.tr\/index.php\/wp-json\/wp\/v2\/product_brand?post=700056"},{"taxonomy":"product_cat","embeddable":true,"href":"https:\/\/roveyayinevi.com.tr\/index.php\/wp-json\/wp\/v2\/product_cat?post=700056"},{"taxonomy":"product_tag","embeddable":true,"href":"https:\/\/roveyayinevi.com.tr\/index.php\/wp-json\/wp\/v2\/product_tag?post=700056"}],"curies":[{"name":"wp","href":"https:\/\/api.w.org\/{rel}","templated":true}]}}