{"id":700055,"date":"2025-08-27T14:55:47","date_gmt":"2025-08-27T11:55:47","guid":{"rendered":"https:\/\/roveyayinevi.com.tr\/index.php\/urun\/tum-yonleriyle-ozel-bebekler-ve-cocuklarin-gelisimi-ve-etkinlik-ornekleri\/"},"modified":"2026-04-16T02:09:30","modified_gmt":"2026-04-15T23:09:30","slug":"tum-yonleriyle-ozel-bebekler-ve-cocuklarin-gelisimi-ve-etkinlik-ornekleri","status":"publish","type":"product","link":"https:\/\/roveyayinevi.com.tr\/index.php\/urun\/tum-yonleriyle-ozel-bebekler-ve-cocuklarin-gelisimi-ve-etkinlik-ornekleri\/","title":{"rendered":"T\u00fcm Y\u00f6nleriyle \u00d6zel Bebekler ve \u00c7ocuklar\u0131n Geli\u015fimi ve Etkinlik \u00d6rnekleri"},"content":{"rendered":"<p>Erken \u00e7ocukluk d\u00f6neminde sunulan etkili ve bilimsel temelli e\u011fitim ve di\u011fer sa\u011falt\u0131m hizmetlerinin \u00f6zel gereksinimleri olan \u00e7ocuklar ve ailelerinin ya\u015fam kaliteleri \u00fczerinde yaratt\u0131\u011f\u0131 olumlu etkiler bilim insanlar\u0131 taraf\u0131ndan ortaya konmu\u015ftur. S\u00f6z\u00fc edilen hizmetlere ula\u015fabilmeleri i\u00e7in hem ailelerin konuyla ili\u015fkili bilgi d\u00fczeylerinin artt\u0131r\u0131larak g\u00fc\u00e7lendirilmeleri, hem de ya\u015fam\u0131n ilk y\u0131llar\u0131nda bu aileler ile \u00e7al\u0131\u015fan profesyonellerce do\u011fru y\u00f6nlendirilmeleri gerekmektedir. Ancak bir\u00e7ok profesyonel ve aile bu gereksinimlerine y\u00f6nelik kaynak s\u0131k\u0131nt\u0131s\u0131 \u00e7ekmektedirler. Bu ihtiyac\u0131 hissederek haz\u0131rlanan bu kitap \u00f6zel e\u011fitim, okul \u00f6ncesi e\u011fitimi, \u00e7ocuk geli\u015fimi, psikoloji, t\u0131p, di\u015f hekimli\u011fi, beslenme ve diyetetik gibi bir\u00e7ok alandaki bilgilerin erken \u00e7ocukluk d\u00f6nemine odaklanm\u0131\u015f olan etkili bir sentezini okuyucusuna sunmaktad\u0131r. Bu kitap E\u011fitim Fak\u00fcltelerinin \u00d6zel E\u011fitim ve Okul\u00f6ncesi E\u011fitimi B\u00f6l\u00fcmlerinde, Mesleki E\u011fitim Fak\u00fcltelerinin \u00c7ocuk Geli\u015fimi ve Okul\u00f6ncesi E\u011fitimi B\u00f6l\u00fcmlerinde, Orta \u00d6\u011fretim Meslek Liselerinin \u00c7ocuk Geli\u015fimi ve E\u011fitimi B\u00f6l\u00fcmlerinde, Rehabilitasyon Merkezlerinde \u00e7al\u0131\u015fan \u00f6\u011fretmenlere, engelli \u00e7ocuklar\u0131n ailelerine ve konuya ilgi duyan ki\u015filere bir kaynak kitap niteli\u011findedir. <\/p>\n","protected":false},"excerpt":{"rendered":"<p>Erken \u00e7ocukluk d\u00f6neminde sunulan etkili ve bilimsel temelli e\u011fitim ve di\u011fer sa\u011falt\u0131m hizmetlerinin \u00f6zel gereksinimleri olan \u00e7ocuklar ve ailelerinin ya\u015fam kaliteleri \u00fczerinde yaratt\u0131\u011f\u0131 olumlu etkiler bilim<span class=\"excerpt-hellip\"> [\u2026]<\/span><\/p>\n","protected":false},"featured_media":0,"template":"","meta":{"_monsterinsights_skip_tracking":false,"_monsterinsights_sitenote_active":false,"_monsterinsights_sitenote_note":"","_monsterinsights_sitenote_category":0},"product_brand":[],"product_cat":[26509,13365],"product_tag":[],"class_list":{"0":"post-700055","1":"product","2":"type-product","3":"status-publish","5":"product_cat-cocuk-gelisimi","6":"product_cat-saglik","7":"pa_cilt-ciltsiz","8":"pa_tur-kitap","9":"pa_yayinevi-egiten-kitap","10":"pa_yazar-ahmet-yikmis","12":"first","13":"instock","14":"sale","15":"shipping-taxable","16":"purchasable","17":"product-type-simple"},"_links":{"self":[{"href":"https:\/\/roveyayinevi.com.tr\/index.php\/wp-json\/wp\/v2\/product\/700055","targetHints":{"allow":["GET"]}}],"collection":[{"href":"https:\/\/roveyayinevi.com.tr\/index.php\/wp-json\/wp\/v2\/product"}],"about":[{"href":"https:\/\/roveyayinevi.com.tr\/index.php\/wp-json\/wp\/v2\/types\/product"}],"wp:attachment":[{"href":"https:\/\/roveyayinevi.com.tr\/index.php\/wp-json\/wp\/v2\/media?parent=700055"}],"wp:term":[{"taxonomy":"product_brand","embeddable":true,"href":"https:\/\/roveyayinevi.com.tr\/index.php\/wp-json\/wp\/v2\/product_brand?post=700055"},{"taxonomy":"product_cat","embeddable":true,"href":"https:\/\/roveyayinevi.com.tr\/index.php\/wp-json\/wp\/v2\/product_cat?post=700055"},{"taxonomy":"product_tag","embeddable":true,"href":"https:\/\/roveyayinevi.com.tr\/index.php\/wp-json\/wp\/v2\/product_tag?post=700055"}],"curies":[{"name":"wp","href":"https:\/\/api.w.org\/{rel}","templated":true}]}}