{"id":700054,"date":"2025-08-27T14:55:47","date_gmt":"2025-08-27T11:55:47","guid":{"rendered":"https:\/\/roveyayinevi.com.tr\/index.php\/urun\/ergenlik-kabus-olmasin\/"},"modified":"2026-04-16T02:09:30","modified_gmt":"2026-04-15T23:09:30","slug":"ergenlik-kabus-olmasin","status":"publish","type":"product","link":"https:\/\/roveyayinevi.com.tr\/index.php\/urun\/ergenlik-kabus-olmasin\/","title":{"rendered":"Ergenlik Kabus Olmas\u0131n"},"content":{"rendered":"<p>Otizm alan\u0131nda \u00e7al\u0131\u015fmaya ba\u015flad\u0131\u011f\u0131m\u0131zdan bu yana \u00e7\u00f6z\u00fclmesi gereken bir \u00e7ok sorunla kar\u015f\u0131la\u015ft\u0131k. \u00dclkemizde otizmin tan\u0131lanmas\u0131na y\u00f6nelik ge\u00e7mi\u015fin \u00e7ok uzun bir s\u00fcrece sahip olmad\u0131\u011f\u0131n\u0131 g\u00f6z \u00f6n\u00fcne al\u0131rsak, genellikle kar\u015f\u0131la\u015ft\u0131\u011f\u0131m\u0131z soru ve sorunlar davran\u0131\u015f kontrol\u00fc, ileti\u015fim, kavram ve beceri \u00f6\u011fretimine y\u00f6nelikti. Ancak ge\u00e7en zamanla birlikte \u00e7ocuklar\u0131m\u0131z b\u00fcy\u00fcd\u00fc ve ergenli\u011fe girdilier. b\u00f6ylece bug\u00fcne kadar kar\u015f\u0131la\u015ft\u0131\u011f\u0131m\u0131z soru ve sorunlar da de\u011fi\u015fmeye ba\u015flad\u0131. Cinselli\u011fin hala tabu uld\u011fu \u00fclkemizde bu soru ve sorunlar\u0131 ailelerle konu\u015fmak ve \u00e7\u00f6z\u00fcm \u00fcretmek di\u011fer sorular kadar kolay olmuyor. Ba\u015fka bir deyi\u015fle, cinselli\u011fi konu\u015fmaktan utanan ebeveynler uzmanlara soru soram\u0131yor ya da ya\u015fad\u0131klar\u0131 s\u0131k\u0131nt\u0131lar\u0131 payla\u015fam\u0131yorlar. \u00d6rn\u011fin, dokuz senedir \u00e7ocu\u011funa e\u011fitim vedi\u011fim ve birlikte bir\u00e7ok sukuntunun \u00fcstesinden geldi\u011fimiz bir evebeyn bile \u00e7ocu\u011funun cinsel geli\u015fim s\u00fcrecinde ortaya \u00e7okan sorunlar\u0131n\u0131 benimle payla\u015fmakta s\u0131k\u0131nt\u0131 ya\u015fayabiliyorken di\u011fer ebeveynlerin yeni tan\u0131\u015ft\u0131klar\u0131 bir uzmanla bu sorunlar\u0131 payla\u015fmas\u0131n\u0131n \u00e7ok daha g\u00fc\u00e7 oldu\u011funu tahmik etmek zor olmasa gerek.Bu kitab\u0131n \u00e7\u0131k\u0131\u015f noktas\u0131, bizim ve \u00e7evremizdeki di\u011fer uzmanlar\u0131n \u00e7al\u0131\u015ft\u0131klar\u0131 ailelerin bu konuda bir rehber kitaba ihtiya\u00e7 duyduklar\u0131n\u0131 belirtmeleridir. Bununla birlikte bu kitab\u0131n amac\u0131 ailelerin otizm spektrum bozuklu\u011funa sahip \u00e7ocuklar\u0131yla ergenlik s\u00fcrecinde ya\u015fad\u0131klar\u0131 sorunlara \u00e7\u00f6z\u00fcmler \u00f6nermek ve ailelere yol g\u00f6stermektir. <\/p>\n","protected":false},"excerpt":{"rendered":"<p>Otizm alan\u0131nda \u00e7al\u0131\u015fmaya ba\u015flad\u0131\u011f\u0131m\u0131zdan bu yana \u00e7\u00f6z\u00fclmesi gereken bir \u00e7ok sorunla kar\u015f\u0131la\u015ft\u0131k. \u00dclkemizde otizmin tan\u0131lanmas\u0131na y\u00f6nelik ge\u00e7mi\u015fin \u00e7ok uzun bir s\u00fcrece sahip olmad\u0131\u011f\u0131n\u0131 g\u00f6z \u00f6n\u00fcne al\u0131rsak,<span class=\"excerpt-hellip\"> [\u2026]<\/span><\/p>\n","protected":false},"featured_media":0,"template":"","meta":{"_monsterinsights_skip_tracking":false,"_monsterinsights_sitenote_active":false,"_monsterinsights_sitenote_note":"","_monsterinsights_sitenote_category":0},"product_brand":[],"product_cat":[12831,12324],"product_tag":[],"class_list":{"0":"post-700054","1":"product","2":"type-product","3":"status-publish","5":"product_cat-aile-ve-cocuk","6":"product_cat-sosyoloji","7":"pa_cilt-ciltsiz","8":"pa_tur-kitap","9":"pa_yayinevi-egiten-kitap","10":"pa_yazar-deniz-tekin-ersan","12":"first","13":"instock","14":"sale","15":"shipping-taxable","16":"purchasable","17":"product-type-simple"},"_links":{"self":[{"href":"https:\/\/roveyayinevi.com.tr\/index.php\/wp-json\/wp\/v2\/product\/700054","targetHints":{"allow":["GET"]}}],"collection":[{"href":"https:\/\/roveyayinevi.com.tr\/index.php\/wp-json\/wp\/v2\/product"}],"about":[{"href":"https:\/\/roveyayinevi.com.tr\/index.php\/wp-json\/wp\/v2\/types\/product"}],"wp:attachment":[{"href":"https:\/\/roveyayinevi.com.tr\/index.php\/wp-json\/wp\/v2\/media?parent=700054"}],"wp:term":[{"taxonomy":"product_brand","embeddable":true,"href":"https:\/\/roveyayinevi.com.tr\/index.php\/wp-json\/wp\/v2\/product_brand?post=700054"},{"taxonomy":"product_cat","embeddable":true,"href":"https:\/\/roveyayinevi.com.tr\/index.php\/wp-json\/wp\/v2\/product_cat?post=700054"},{"taxonomy":"product_tag","embeddable":true,"href":"https:\/\/roveyayinevi.com.tr\/index.php\/wp-json\/wp\/v2\/product_tag?post=700054"}],"curies":[{"name":"wp","href":"https:\/\/api.w.org\/{rel}","templated":true}]}}