{"id":700053,"date":"2025-08-27T14:55:47","date_gmt":"2025-08-27T11:55:47","guid":{"rendered":"https:\/\/roveyayinevi.com.tr\/index.php\/urun\/ailelerce-sunulan-sosyal-oykulerin-otizm-spektrum-bozuklugu-olan-ergenlerin-sosyal-becerilerine-etkileri\/"},"modified":"2026-04-16T02:09:30","modified_gmt":"2026-04-15T23:09:30","slug":"ailelerce-sunulan-sosyal-oykulerin-otizm-spektrum-bozuklugu-olan-ergenlerin-sosyal-becerilerine-etkileri","status":"publish","type":"product","link":"https:\/\/roveyayinevi.com.tr\/index.php\/urun\/ailelerce-sunulan-sosyal-oykulerin-otizm-spektrum-bozuklugu-olan-ergenlerin-sosyal-becerilerine-etkileri\/","title":{"rendered":"Ailelerce Sunulan Sosyal \u00d6yk\u00fclerin Otizm Spektrum Bozuklu\u011fu Olan Ergenlerin Sosyal Becerilerine Etkileri"},"content":{"rendered":"<p>G\u00fcn\u00fcm\u00fczde otizm spektrum bozuklu\u011fu ilgili ara\u015ft\u0131rmalar\u0131n ve uygulamalar\u0131n say\u0131s\u0131n\u0131n her ge\u00e7in g\u00fcn artt\u0131\u011f\u0131, bu durumun da anne-babalar, alanda \u00e7al\u0131\u015fan \u00f6\u011fretmenler ve uzmanlar\u0131n   en etkili uygulamay\u0131   se\u00e7me konusunda karars\u0131zl\u0131klar ya\u015famas\u0131na neden oldu\u011fu g\u00f6r\u00fclmektedir. En etkili uygulama konusunda ya\u015fanan karars\u0131zl\u0131klar\u0131 gidermek i\u00e7in pek \u00e7ok kurulu\u015f taraf\u0131ndan yap\u0131lan \u00e7al\u0131\u015fmalar bu uygulamalardan birinin de \u00f6yk\u00fc temelli uygulamalar ul\u011funu g\u00f6stermi\u015ftir. \u00d6yk\u00fc temelli uygulamalardan en bilineni ise otizm spektrum bozuklu\u011fu olan bireyler i\u00e7in etkili oldu\u011fu ara\u015ft\u0131rmalarla ortaya konan ve bu kitab\u0131n da konusu olan sosyal \u00f6yk\u00fclerdir. 1990&#8217;l\u0131 y\u0131llardan bu yana \u00f6zellikle otizm spektrum bozuklu\u011funa sahip bireylere sosyal becerilerin kazand\u0131r\u0131lmas\u0131 ve problem davran\u0131\u015flar\u0131n azalt\u0131lmas\u0131nda sosyal \u00f6yk\u00fcler etkili bir \u015fekilde kullan\u0131lmaktad\u0131r. Pek \u00e7ok kaynakta da sosyal \u00f6yk\u00fclerin yaln\u0131zca \u00f6\u011fretmenler, uygulamac\u0131lar ve uzmanlar taraf\u0131ndan de\u011fil, otizm spektrum bozuklu\u011funa sahip bireyle etkile\u015fimde bulunan herkes taraf\u0131ndan kullan\u0131labilece\u011fi belirtilmektedir. Otizm spektrum bozuklu\u011fu olan \u00e7ocu\u011fa sahip ailelere sosyal \u00f6yk\u00fcleri yazma ve uygulama becerisi kazand\u0131r\u0131larak onlar\u0131n \u00e7ocuklar\u0131na \u00f6\u011fretici olarak yeti\u015fmesi sa\u011flanm\u0131\u015f, sosyal \u00f6yk\u00fclerin otizm spektrum bozuklu\u011fu olan bireylerde sosyal becerilerin \u00f6\u011fretiminde etkili olud\u011fu g\u00f6r\u00fclm\u00fc\u015ft\u00fcr. <\/p>\n","protected":false},"excerpt":{"rendered":"<p>G\u00fcn\u00fcm\u00fczde otizm spektrum bozuklu\u011fu ilgili ara\u015ft\u0131rmalar\u0131n ve uygulamalar\u0131n say\u0131s\u0131n\u0131n her ge\u00e7in g\u00fcn artt\u0131\u011f\u0131, bu durumun da anne-babalar, alanda \u00e7al\u0131\u015fan \u00f6\u011fretmenler ve uzmanlar\u0131n en etkili uygulamay\u0131 se\u00e7me<span class=\"excerpt-hellip\"> [\u2026]<\/span><\/p>\n","protected":false},"featured_media":0,"template":"","meta":{"_monsterinsights_skip_tracking":false,"_monsterinsights_sitenote_active":false,"_monsterinsights_sitenote_note":"","_monsterinsights_sitenote_category":0},"product_brand":[],"product_cat":[12831,12324],"product_tag":[],"class_list":{"0":"post-700053","1":"product","2":"type-product","3":"status-publish","5":"product_cat-aile-ve-cocuk","6":"product_cat-sosyoloji","7":"pa_cilt-ciltsiz","8":"pa_tur-kitap","9":"pa_yayinevi-egiten-kitap","10":"pa_yazar-seray-olcay-gul","12":"first","13":"instock","14":"sale","15":"shipping-taxable","16":"purchasable","17":"product-type-simple"},"_links":{"self":[{"href":"https:\/\/roveyayinevi.com.tr\/index.php\/wp-json\/wp\/v2\/product\/700053","targetHints":{"allow":["GET"]}}],"collection":[{"href":"https:\/\/roveyayinevi.com.tr\/index.php\/wp-json\/wp\/v2\/product"}],"about":[{"href":"https:\/\/roveyayinevi.com.tr\/index.php\/wp-json\/wp\/v2\/types\/product"}],"wp:attachment":[{"href":"https:\/\/roveyayinevi.com.tr\/index.php\/wp-json\/wp\/v2\/media?parent=700053"}],"wp:term":[{"taxonomy":"product_brand","embeddable":true,"href":"https:\/\/roveyayinevi.com.tr\/index.php\/wp-json\/wp\/v2\/product_brand?post=700053"},{"taxonomy":"product_cat","embeddable":true,"href":"https:\/\/roveyayinevi.com.tr\/index.php\/wp-json\/wp\/v2\/product_cat?post=700053"},{"taxonomy":"product_tag","embeddable":true,"href":"https:\/\/roveyayinevi.com.tr\/index.php\/wp-json\/wp\/v2\/product_tag?post=700053"}],"curies":[{"name":"wp","href":"https:\/\/api.w.org\/{rel}","templated":true}]}}