{"id":700040,"date":"2025-08-27T14:55:43","date_gmt":"2025-08-27T11:55:43","guid":{"rendered":"https:\/\/roveyayinevi.com.tr\/index.php\/urun\/kokoloji-2-bil-bakalim-sen-kimsin\/"},"modified":"2026-04-16T02:09:30","modified_gmt":"2026-04-15T23:09:30","slug":"kokoloji-2-bil-bakalim-sen-kimsin","status":"publish","type":"product","link":"https:\/\/roveyayinevi.com.tr\/index.php\/urun\/kokoloji-2-bil-bakalim-sen-kimsin\/","title":{"rendered":"Kokoloji 2 &#8211; Bil Bakal\u0131m Sen Kimsin?"},"content":{"rendered":"<p>Oyun Devam Ediyor! T\u00fcrkiye Kokoloji&#8217;yi \u00e7ok sevdi. Ama oyun daha bitmedi. Kokoloji 2&#8217;de yer alan yeni oyunlarla, kendinize bir ad\u0131m daha yakla\u015facaks\u0131n\u0131z. Var m\u0131s\u0131n\u0131z?Kokoloji oynamak, tavan aras\u0131na \u00e7\u0131k\u0131p, ne var ne yok diye bakmaya benzer.\u0130lk kitapta, zihninizin bu gizli b\u00f6l\u00fcm\u00fcnde dola\u015fmaya ba\u015flad\u0131n\u0131z. Varl\u0131\u011f\u0131n\u0131 bile unuttu\u011funuz pek \u00e7ok \u015feyle kar\u015f\u0131la\u015ft\u0131n\u0131zAma yolculu\u011funuz hen\u00fcz bitmedi.Kokoloji 2 ve i\u00e7inde yer alan oyunlarla, o karanl\u0131k odada daha \u00f6nce fark etmediklerinizi g\u00f6recek, daha derinlerde saklanm\u0131\u015f olanlarla y\u00fczle\u015feceksiniz.\u00dcstelik yine \u00e7ok e\u011fleneceksiniz.Kokoloji 2, birinci kitapta oldu\u011fu gibi, sohbet ortam\u0131 yaratmay\u0131, ho\u015fg\u00f6r\u00fcy\u00fc art\u0131rmay\u0131, insan ili\u015fkilerini geli\u015ftirip derinle\u015ftirmeyi, zihni canland\u0131rmay\u0131 ve hayal g\u00fcc\u00fcn\u00fc harekete ge\u00e7irmeyi ama\u00e7l\u0131yor. Ama daha \u00f6nemlisi, ne \u00e7ok ortak yan\u0131m\u0131z oldu\u011funu ortaya koyarak, bize yaln\u0131z olmad\u0131\u011f\u0131m\u0131z\u0131 g\u00f6steriyor. Isamu SaitoBilinmeyene haz\u0131r m\u0131s\u0131n?Kokoloji&#8217;de akl\u0131n\u0131za ilk gelen \u015feyi s\u00f6ylemek \u00f6nemli. Do\u011fru cevap olmad\u0131\u011f\u0131 gibi yanl\u0131\u015f cevap da yok. Bu y\u00fczden gev\u015feyin ve cevap verin. Kasmay\u0131n yani kendinizi. Grup halinde oynamak, yaln\u0131z oynamaktan daha e\u011flenceli. Topla\u015f\u0131n, bir araya gelin. Bir de d\u00fcr\u00fcst olun. Kim tutar art\u0131k sizi&#8230; Ay\u015fe Arman, H\u00fcrriyet <\/p>\n","protected":false},"excerpt":{"rendered":"<p>Oyun Devam Ediyor! T\u00fcrkiye Kokoloji&#8217;yi \u00e7ok sevdi. Ama oyun daha bitmedi. Kokoloji 2&#8217;de yer alan yeni oyunlarla, kendinize bir ad\u0131m daha yakla\u015facaks\u0131n\u0131z. Var m\u0131s\u0131n\u0131z?Kokoloji oynamak, tavan<span class=\"excerpt-hellip\"> [\u2026]<\/span><\/p>\n","protected":false},"featured_media":0,"template":"","meta":{"_monsterinsights_skip_tracking":false,"_monsterinsights_sitenote_active":false,"_monsterinsights_sitenote_note":"","_monsterinsights_sitenote_category":0},"product_brand":[],"product_cat":[12477,12364],"product_tag":[],"class_list":{"0":"post-700040","1":"product","2":"type-product","3":"status-publish","5":"product_cat-eglence-mizah","6":"product_cat-genel-konular","7":"pa_cilt-ciltsiz","8":"pa_tur-kitap","9":"pa_yayinevi-okuyan-us-yayin","10":"pa_yazar-isamu-saito","12":"first","13":"instock","14":"sale","15":"shipping-taxable","16":"purchasable","17":"product-type-simple"},"_links":{"self":[{"href":"https:\/\/roveyayinevi.com.tr\/index.php\/wp-json\/wp\/v2\/product\/700040","targetHints":{"allow":["GET"]}}],"collection":[{"href":"https:\/\/roveyayinevi.com.tr\/index.php\/wp-json\/wp\/v2\/product"}],"about":[{"href":"https:\/\/roveyayinevi.com.tr\/index.php\/wp-json\/wp\/v2\/types\/product"}],"wp:attachment":[{"href":"https:\/\/roveyayinevi.com.tr\/index.php\/wp-json\/wp\/v2\/media?parent=700040"}],"wp:term":[{"taxonomy":"product_brand","embeddable":true,"href":"https:\/\/roveyayinevi.com.tr\/index.php\/wp-json\/wp\/v2\/product_brand?post=700040"},{"taxonomy":"product_cat","embeddable":true,"href":"https:\/\/roveyayinevi.com.tr\/index.php\/wp-json\/wp\/v2\/product_cat?post=700040"},{"taxonomy":"product_tag","embeddable":true,"href":"https:\/\/roveyayinevi.com.tr\/index.php\/wp-json\/wp\/v2\/product_tag?post=700040"}],"curies":[{"name":"wp","href":"https:\/\/api.w.org\/{rel}","templated":true}]}}