{"id":700039,"date":"2025-08-27T14:55:43","date_gmt":"2025-08-27T11:55:43","guid":{"rendered":"https:\/\/roveyayinevi.com.tr\/index.php\/urun\/meze\/"},"modified":"2026-04-16T02:09:30","modified_gmt":"2026-04-15T23:09:30","slug":"meze","status":"publish","type":"product","link":"https:\/\/roveyayinevi.com.tr\/index.php\/urun\/meze\/","title":{"rendered":"Meze"},"content":{"rendered":"<p>Meze, Ege ve Akdeniz mutfa\u011f\u0131n\u0131n vazge\u00e7ilmezlerinden\u2026 Y\u00fczy\u0131llard\u0131r sofralar\u0131n\u0131n ba\u015f tac\u0131 oldu, \u00f6zenle haz\u0131rlan\u0131p s\u00fcslendi, kimi zaman ara \u00f6\u011f\u00fcn kimi zaman da ana \u00f6\u011f\u00fcn olarak g\u00fcn\u00fc kurtard\u0131! Y\u0131llarca restoran i\u015fletmecili\u011fi yapm\u0131\u015f G\u00fclhan Kaya, Selanik g\u00f6\u00e7meni olan babaannesi Antik \u015eehriban&#8217;\u0131n mutfa\u011f\u0131ndan ve \u00f6zellikle mezelerinden \u00e7ok etkilenmi\u015f ve onun tariflerini g\u00fcn\u00fcm\u00fcze ta\u015f\u0131may\u0131 hayal etmi\u015f\u2026 &#8220;Yemek yapmak sanatt\u0131r, resim gibi, m\u00fczik gibi\u2026 Resim sanat\u0131nda nas\u0131l renklerin armonisi, m\u00fczikte notalar\u0131n melodisi varsa yemek sanat\u0131nda sebzelerin, baharatlar\u0131n yani kullan\u0131lan t\u00fcm malzemelerin bir kokusu ve lezzeti vard\u0131r. Resim gibi tabak tablo gibi tabak! Ger\u00e7ekten yemek insan\u0131 olursan\u0131z sizde tablo gibi yemek yapabilirsiniz&#8221; diyor. Yazar\u0131n en b\u00fcy\u00fck a\u015fk\u0131 mutfak! Duygular\u0131 ile besledi\u011fi meze tariflerini ve p\u00fcf noktalar\u0131n\u0131 bizlerle payla\u015f\u0131yor. Kitapta, d\u00f6rt mevsim &#8220;meze&#8221; keyfini s\u00fcrebilmeniz i\u00e7in pratik ve lezzetli 100 tarif bulunuyor. Bu tarifleri uygularken geli\u015ftirdi\u011fi \u00f6zel s\u0131rlar da Meze&#8217;ye ayr\u0131 bir renk kat\u0131yor. Zeytinli, peynirli, otlu, meyveli, sebzeli, bakliyatl\u0131, bal\u0131kl\u0131, tur\u015fulu, baharatl\u0131 mezeleri haz\u0131rlamak i\u00e7in ne bekliyorsunuz. <\/p>\n","protected":false},"excerpt":{"rendered":"<p>Meze, Ege ve Akdeniz mutfa\u011f\u0131n\u0131n vazge\u00e7ilmezlerinden\u2026 Y\u00fczy\u0131llard\u0131r sofralar\u0131n\u0131n ba\u015f tac\u0131 oldu, \u00f6zenle haz\u0131rlan\u0131p s\u00fcslendi, kimi zaman ara \u00f6\u011f\u00fcn kimi zaman da ana \u00f6\u011f\u00fcn olarak g\u00fcn\u00fc kurtard\u0131!<span class=\"excerpt-hellip\"> [\u2026]<\/span><\/p>\n","protected":false},"featured_media":0,"template":"","meta":{"_monsterinsights_skip_tracking":false,"_monsterinsights_sitenote_active":false,"_monsterinsights_sitenote_note":"","_monsterinsights_sitenote_category":0},"product_brand":[],"product_cat":[22706,12457],"product_tag":[],"class_list":{"0":"post-700039","1":"product","2":"type-product","3":"status-publish","5":"product_cat-dunya-mutfagi","6":"product_cat-yemek-kitaplari","7":"pa_cilt-ciltsiz","8":"pa_tur-kitap","9":"pa_yayinevi-hayykitap","10":"pa_yazar-gulhan-kaya","12":"first","13":"instock","14":"sale","15":"shipping-taxable","16":"purchasable","17":"product-type-simple"},"_links":{"self":[{"href":"https:\/\/roveyayinevi.com.tr\/index.php\/wp-json\/wp\/v2\/product\/700039","targetHints":{"allow":["GET"]}}],"collection":[{"href":"https:\/\/roveyayinevi.com.tr\/index.php\/wp-json\/wp\/v2\/product"}],"about":[{"href":"https:\/\/roveyayinevi.com.tr\/index.php\/wp-json\/wp\/v2\/types\/product"}],"wp:attachment":[{"href":"https:\/\/roveyayinevi.com.tr\/index.php\/wp-json\/wp\/v2\/media?parent=700039"}],"wp:term":[{"taxonomy":"product_brand","embeddable":true,"href":"https:\/\/roveyayinevi.com.tr\/index.php\/wp-json\/wp\/v2\/product_brand?post=700039"},{"taxonomy":"product_cat","embeddable":true,"href":"https:\/\/roveyayinevi.com.tr\/index.php\/wp-json\/wp\/v2\/product_cat?post=700039"},{"taxonomy":"product_tag","embeddable":true,"href":"https:\/\/roveyayinevi.com.tr\/index.php\/wp-json\/wp\/v2\/product_tag?post=700039"}],"curies":[{"name":"wp","href":"https:\/\/api.w.org\/{rel}","templated":true}]}}