{"id":700030,"date":"2025-08-27T14:55:21","date_gmt":"2025-08-27T11:55:21","guid":{"rendered":"https:\/\/roveyayinevi.com.tr\/index.php\/urun\/dijital-kale\/"},"modified":"2026-04-16T02:09:30","modified_gmt":"2026-04-15T23:09:30","slug":"dijital-kale","status":"publish","type":"product","link":"https:\/\/roveyayinevi.com.tr\/index.php\/urun\/dijital-kale\/","title":{"rendered":"Dijital Kale"},"content":{"rendered":"<p>Ulusal G\u00fcvenlik Te\u015fkilat\u0131 d\u00fcnyan\u0131n kaderini de\u011fi\u015ftirecek ve dijital ortamdaki t\u00fcm \u015fifreli metinleri bilecek \u00f6zel bir bilgisayar \u00fcretir. Ne var ki, g\u00fcn\u00fcn birinde bu \u00f6zel bilgisayar kar\u015f\u0131la\u015ft\u0131\u011f\u0131 esrarengiz bir \u015fifreyi \u00e7\u00f6zemez. Ve kriptoloji uzman\u0131, zeki ve g\u00fczel Susan Fletcher g\u00f6reve \u00e7a\u011fr\u0131l\u0131r. Gen\u00e7 kad\u0131n korkun\u00e7 bir ger\u00e7ekle y\u00fczle\u015fir. Silahlarla ya da bombalarla de\u011fil, Amerika Birle\u015fik Devletleri&#8217;nin en g\u00fc\u00e7l\u00fc haber alma \u00f6rg\u00fct\u00fc olan Ulusal G\u00fcvenlik Te\u015fkilat\u0131 \u00e7\u00f6z\u00fclemez bir \u015fifreyle rehin al\u0131nm\u0131\u015ft\u0131r. S\u0131rlar ve yalanlar f\u0131rt\u0131nas\u0131na yakalanan Fletcher inand\u0131\u011f\u0131 te\u015fkilat\u0131 kurtarma sava\u015f\u0131 verir. D\u00f6rtbir yandan ihanete u\u011frayan g\u00fczel kad\u0131n yaln\u0131zca \u00fclkesini de\u011fil, kendi can\u0131n\u0131 ve sevdi\u011fi erke\u011fi de kurtarmaya \u00e7al\u0131\u015f\u0131r&#8230;<\/p>\n","protected":false},"excerpt":{"rendered":"<p>Ulusal G\u00fcvenlik Te\u015fkilat\u0131 d\u00fcnyan\u0131n kaderini de\u011fi\u015ftirecek ve dijital ortamdaki t\u00fcm \u015fifreli metinleri bilecek \u00f6zel bir bilgisayar \u00fcretir. Ne var ki, g\u00fcn\u00fcn birinde bu \u00f6zel bilgisayar kar\u015f\u0131la\u015ft\u0131\u011f\u0131<span class=\"excerpt-hellip\"> [\u2026]<\/span><\/p>\n","protected":false},"featured_media":0,"template":"","meta":{"_monsterinsights_skip_tracking":false,"_monsterinsights_sitenote_active":false,"_monsterinsights_sitenote_note":"","_monsterinsights_sitenote_category":0},"product_brand":[],"product_cat":[12291,15445],"product_tag":[],"class_list":{"0":"post-700030","1":"product","2":"type-product","3":"status-publish","5":"product_cat-edebiyat","6":"product_cat-polisiye","7":"pa_cilt-ciltsiz","8":"pa_tur-kitap","9":"pa_yayinevi-altin-kitaplar","10":"pa_yazar-dan-brown","12":"first","13":"instock","14":"sale","15":"shipping-taxable","16":"purchasable","17":"product-type-simple"},"_links":{"self":[{"href":"https:\/\/roveyayinevi.com.tr\/index.php\/wp-json\/wp\/v2\/product\/700030","targetHints":{"allow":["GET"]}}],"collection":[{"href":"https:\/\/roveyayinevi.com.tr\/index.php\/wp-json\/wp\/v2\/product"}],"about":[{"href":"https:\/\/roveyayinevi.com.tr\/index.php\/wp-json\/wp\/v2\/types\/product"}],"wp:attachment":[{"href":"https:\/\/roveyayinevi.com.tr\/index.php\/wp-json\/wp\/v2\/media?parent=700030"}],"wp:term":[{"taxonomy":"product_brand","embeddable":true,"href":"https:\/\/roveyayinevi.com.tr\/index.php\/wp-json\/wp\/v2\/product_brand?post=700030"},{"taxonomy":"product_cat","embeddable":true,"href":"https:\/\/roveyayinevi.com.tr\/index.php\/wp-json\/wp\/v2\/product_cat?post=700030"},{"taxonomy":"product_tag","embeddable":true,"href":"https:\/\/roveyayinevi.com.tr\/index.php\/wp-json\/wp\/v2\/product_tag?post=700030"}],"curies":[{"name":"wp","href":"https:\/\/api.w.org\/{rel}","templated":true}]}}