{"id":700029,"date":"2025-08-27T14:55:21","date_gmt":"2025-08-27T11:55:21","guid":{"rendered":"https:\/\/roveyayinevi.com.tr\/index.php\/urun\/instrumental-analiz\/"},"modified":"2026-04-16T02:09:29","modified_gmt":"2026-04-15T23:09:29","slug":"instrumental-analiz","status":"publish","type":"product","link":"https:\/\/roveyayinevi.com.tr\/index.php\/urun\/instrumental-analiz\/","title":{"rendered":"\u0130nstr\u00fcmental Analiz"},"content":{"rendered":"<p>Kitab\u0131n ilk bask\u0131s\u0131 1988 y\u0131l\u0131nda A.\u00dc. Fen Fak\u00fcltesi taraf\u0131ndan yap\u0131ld\u0131. Ancak, o g\u00fcnden sonra \u0130nstrumental Analizde bir\u00e7ok bilimsel yenilikler ve geli\u015fmeler oldu. Bu nedenle de kitab\u0131n ba\u015ftan sona g\u00f6zden ge\u00e7irilmesi gere\u011fi ortaya \u00e7\u0131kt\u0131. \u00dc\u00e7 y\u0131l s\u00fcren bu g\u00f6zden ge\u00e7irme esnas\u0131nda kitab\u0131n ilk bask\u0131s\u0131n\u0131n temel ilkeleri titizlikle korundu. Bu temel ilkeler: bilimsel ger\u00e7ekleri sade bir dille ve \u00f6rnekler vererek a\u00e7\u0131klamak, bilimsel d\u00fc\u015f\u00fcn\u00fc\u015f\u00fcn geni\u015fleyerek yay\u0131lmas\u0131na katk\u0131da bulunmakt\u0131r. \u0130nstrumental analiz yap\u0131s\u0131 ve konusu gere\u011fi \u00f6teki analiz dallar\u0131na g\u00f6re daha h\u0131zla geli\u015fen bir bilim dal\u0131d\u0131r. Bu geli\u015fmelerin ba\u015fl\u0131calar\u0131: a) cihazlarda vakum t\u00fcpleri elektroni\u011finin yerini, yar\u0131 iletken sistem elektroni\u011finin almas\u0131, b) cihazlann Fourier d\u00f6n\u00fc\u015f\u00fcml\u00fc hale getirilmesi, c) cihazlar\u0131n bilgisayarla donat\u0131lmas\u0131, d) cihazla\u0131n boyutca k\u00fc\u00e7\u00fclt\u00fclmesi ve par\u00e7alar\u0131n mod\u00fcler hale getirilmesidir. <\/p>\n","protected":false},"excerpt":{"rendered":"<p>Kitab\u0131n ilk bask\u0131s\u0131 1988 y\u0131l\u0131nda A.\u00dc. Fen Fak\u00fcltesi taraf\u0131ndan yap\u0131ld\u0131. Ancak, o g\u00fcnden sonra \u0130nstrumental Analizde bir\u00e7ok bilimsel yenilikler ve geli\u015fmeler oldu. Bu nedenle de kitab\u0131n<span class=\"excerpt-hellip\"> [\u2026]<\/span><\/p>\n","protected":false},"featured_media":0,"template":"","meta":{"_monsterinsights_skip_tracking":false,"_monsterinsights_sitenote_active":false,"_monsterinsights_sitenote_note":"","_monsterinsights_sitenote_category":0},"product_brand":[],"product_cat":[12573,12566],"product_tag":[],"class_list":{"0":"post-700029","1":"product","2":"type-product","3":"status-publish","5":"product_cat-akademik-kitaplar","6":"product_cat-egitim","7":"pa_cilt-ciltsiz","8":"pa_tur-kitap","9":"pa_yayinevi-gazi-kitabevi","10":"pa_yazar-turgut-gunduz","12":"first","13":"instock","14":"sale","15":"shipping-taxable","16":"purchasable","17":"product-type-simple"},"_links":{"self":[{"href":"https:\/\/roveyayinevi.com.tr\/index.php\/wp-json\/wp\/v2\/product\/700029","targetHints":{"allow":["GET"]}}],"collection":[{"href":"https:\/\/roveyayinevi.com.tr\/index.php\/wp-json\/wp\/v2\/product"}],"about":[{"href":"https:\/\/roveyayinevi.com.tr\/index.php\/wp-json\/wp\/v2\/types\/product"}],"wp:attachment":[{"href":"https:\/\/roveyayinevi.com.tr\/index.php\/wp-json\/wp\/v2\/media?parent=700029"}],"wp:term":[{"taxonomy":"product_brand","embeddable":true,"href":"https:\/\/roveyayinevi.com.tr\/index.php\/wp-json\/wp\/v2\/product_brand?post=700029"},{"taxonomy":"product_cat","embeddable":true,"href":"https:\/\/roveyayinevi.com.tr\/index.php\/wp-json\/wp\/v2\/product_cat?post=700029"},{"taxonomy":"product_tag","embeddable":true,"href":"https:\/\/roveyayinevi.com.tr\/index.php\/wp-json\/wp\/v2\/product_tag?post=700029"}],"curies":[{"name":"wp","href":"https:\/\/api.w.org\/{rel}","templated":true}]}}