{"id":700017,"date":"2025-08-27T14:55:17","date_gmt":"2025-08-27T11:55:17","guid":{"rendered":"https:\/\/roveyayinevi.com.tr\/index.php\/urun\/iki-cami-arasinda-ask\/"},"modified":"2026-04-16T02:09:29","modified_gmt":"2026-04-15T23:09:29","slug":"iki-cami-arasinda-ask","status":"publish","type":"product","link":"https:\/\/roveyayinevi.com.tr\/index.php\/urun\/iki-cami-arasinda-ask\/","title":{"rendered":"\u0130ki Cami Aras\u0131nda A\u015fk"},"content":{"rendered":"<p>Bazen s\u0131n\u0131rlar\u0131 a\u015fk belirler&#8230;Sinan, d\u00fc\u015f\u00fcncelere dald\u0131, eskilere gitti, gecelere \u015ferh d\u00fc\u015ft\u00fc g\u00f6zya\u015flar\u0131ndan. Sabah g\u00fcn do\u011fmadan uyand\u0131, do\u011fan g\u00fcnden once zamana ko\u015fmak istedi. Hayk\u0131rmak istedi sevgilisine zaman\u0131n ne kadar yak\u0131c\u0131 oldu\u011funu. \u0130\u00e7inde ne varsa her \u015feyi yak\u0131p k\u00fcl etti\u011fini.\ufffcTan\u0131t\u0131m Metni<\/p>\n","protected":false},"excerpt":{"rendered":"<p>Bazen s\u0131n\u0131rlar\u0131 a\u015fk belirler&#8230;Sinan, d\u00fc\u015f\u00fcncelere dald\u0131, eskilere gitti, gecelere \u015ferh d\u00fc\u015ft\u00fc g\u00f6zya\u015flar\u0131ndan. Sabah g\u00fcn do\u011fmadan uyand\u0131, do\u011fan g\u00fcnden once zamana ko\u015fmak istedi. Hayk\u0131rmak istedi sevgilisine zaman\u0131n<span class=\"excerpt-hellip\"> [\u2026]<\/span><\/p>\n","protected":false},"featured_media":0,"template":"","meta":{"_monsterinsights_skip_tracking":false,"_monsterinsights_sitenote_active":false,"_monsterinsights_sitenote_note":"","_monsterinsights_sitenote_category":0},"product_brand":[],"product_cat":[12291,12745],"product_tag":[],"class_list":{"0":"post-700017","1":"product","2":"type-product","3":"status-publish","5":"product_cat-edebiyat","6":"product_cat-tarihi-roman","7":"pa_cilt-ciltsiz","8":"pa_tur-kitap","9":"pa_yayinevi-sayfa6-yayinlari","10":"pa_yazar-murvet-sariyildiz","12":"first","13":"instock","14":"sale","15":"shipping-taxable","16":"purchasable","17":"product-type-simple"},"_links":{"self":[{"href":"https:\/\/roveyayinevi.com.tr\/index.php\/wp-json\/wp\/v2\/product\/700017","targetHints":{"allow":["GET"]}}],"collection":[{"href":"https:\/\/roveyayinevi.com.tr\/index.php\/wp-json\/wp\/v2\/product"}],"about":[{"href":"https:\/\/roveyayinevi.com.tr\/index.php\/wp-json\/wp\/v2\/types\/product"}],"wp:attachment":[{"href":"https:\/\/roveyayinevi.com.tr\/index.php\/wp-json\/wp\/v2\/media?parent=700017"}],"wp:term":[{"taxonomy":"product_brand","embeddable":true,"href":"https:\/\/roveyayinevi.com.tr\/index.php\/wp-json\/wp\/v2\/product_brand?post=700017"},{"taxonomy":"product_cat","embeddable":true,"href":"https:\/\/roveyayinevi.com.tr\/index.php\/wp-json\/wp\/v2\/product_cat?post=700017"},{"taxonomy":"product_tag","embeddable":true,"href":"https:\/\/roveyayinevi.com.tr\/index.php\/wp-json\/wp\/v2\/product_tag?post=700017"}],"curies":[{"name":"wp","href":"https:\/\/api.w.org\/{rel}","templated":true}]}}