{"id":700015,"date":"2025-08-27T14:55:17","date_gmt":"2025-08-27T11:55:17","guid":{"rendered":"https:\/\/roveyayinevi.com.tr\/index.php\/urun\/100-soruda-turkiyede-kentlesme-konut-ve-gecekondu\/"},"modified":"2026-03-03T02:16:13","modified_gmt":"2026-03-02T23:16:13","slug":"100-soruda-turkiyede-kentlesme-konut-ve-gecekondu","status":"publish","type":"product","link":"https:\/\/roveyayinevi.com.tr\/index.php\/urun\/100-soruda-turkiyede-kentlesme-konut-ve-gecekondu\/","title":{"rendered":"100 Soruda T\u00fcrkiye&#8217;de Kentle\u015fme, Konut ve Gecekondu"},"content":{"rendered":"<p>100 Soruda T\u00fcrkiye&#8217;de Kentle\u015fme, Konut ve Gecekondu, \u00fclkemizin 70 y\u0131la yak\u0131n bir s\u00fcreden beri kar\u015f\u0131 kar\u015f\u0131ya bulundu\u011fu kentle\u015fme sorunlar\u0131n\u0131 t\u00fcrl\u00fc y\u00f6nleriyle ele al\u0131yor. \u00c7arp\u0131k, sa\u011fl\u0131ks\u0131z ve d\u00fczensiz bir kentle\u015fmenin, yaln\u0131z toplumsal ekonomik ve k\u00fclt\u00fcrel sorunlar\u0131 de\u011fil, ayn\u0131 zamanda, fiziksel geli\u015fme ve \u00e7evreyle ilgili sorunlar\u0131 ve bunlar\u0131n \u00e7\u00f6z\u00fcm yollar\u0131 da kitapta ele al\u0131nan konular aras\u0131nda. Planl\u0131, yar\u0131 planl\u0131 ve plans\u0131z d\u00f6nemlerde izlenen kentle\u015fme politikalar\u0131n\u0131n yan\u0131 s\u0131ra, k\u00fcreselle\u015fmenin ve yeni liberal d\u00fczenin ve toplumsal s\u0131n\u0131f ger\u00e7e\u011fini g\u00f6zard\u0131 etmenin, kentle\u015fme sorunlar\u0131m\u0131z\u0131n kronik boyutlar kazanmas\u0131ndaki rol\u00fcne de kitapta geni\u015f \u00f6l\u00e7\u00fcde yer ayr\u0131l\u0131yor. Prof. Dr. Ru\u015fen Kele\u015f, ulusal ve uluslararas\u0131 y\u00fck\u00fcml\u00fcl\u00fcklerimizi belirleyen t\u00fczel kurallar\u0131n olu\u015fturdu\u011fu \u00e7er\u00e7eve i\u00e7inde, devlete, yerel y\u00f6netimlere, meslek \u00f6rg\u00fctlerine, sivil toplum kurulu\u015flar\u0131na bu ba\u011flamda d\u00fc\u015fen g\u00f6revlerin neler oldu\u011funu a\u00e7\u0131kl\u0131\u011fa kavu\u015fturuyor. Kesin \u00e7\u00f6z\u00fcm\u00fcn anahtar\u0131n\u0131n, kentine ve kentinin de\u011ferlerine sahip \u00e7\u0131kma bilin\u00e7 ve kararl\u0131l\u0131\u011f\u0131nda olan yurtta\u015f ve kentta\u015f oldu\u011funu \u00f6nemle vurguluyor. Bu yurtta\u015f\u0131n, 21. y\u00fczy\u0131l\u0131n ba\u015flar\u0131nda dogmatik dinsel kurallara g\u00f6re de\u011fil, \u00e7a\u011fda\u015f bilimin \u0131\u015f\u0131\u011f\u0131 alt\u0131nda yeti\u015ftirilmi\u015f yurtta\u015f oldu\u011funa dikkat \u00e7ekiyor.<\/p>\n","protected":false},"excerpt":{"rendered":"<p>100 Soruda T\u00fcrkiye&#8217;de Kentle\u015fme, Konut ve Gecekondu, \u00fclkemizin 70 y\u0131la yak\u0131n bir s\u00fcreden beri kar\u015f\u0131 kar\u015f\u0131ya bulundu\u011fu kentle\u015fme sorunlar\u0131n\u0131 t\u00fcrl\u00fc y\u00f6nleriyle ele al\u0131yor. \u00c7arp\u0131k, sa\u011fl\u0131ks\u0131z ve<span class=\"excerpt-hellip\"> [\u2026]<\/span><\/p>\n","protected":false},"featured_media":0,"template":"","meta":{"_monsterinsights_skip_tracking":false,"_monsterinsights_sitenote_active":false,"_monsterinsights_sitenote_note":"","_monsterinsights_sitenote_category":0},"product_brand":[],"product_cat":[12767,12324],"product_tag":[],"class_list":{"0":"post-700015","1":"product","2":"type-product","3":"status-publish","5":"product_cat-kentlesme-modernlesme","6":"product_cat-sosyoloji","7":"pa_cilt-ciltsiz","8":"pa_tur-kitap","9":"pa_yayinevi-cem-yayinevi","10":"pa_yazar-rusen-keles","12":"first","13":"instock","14":"sale","15":"shipping-taxable","16":"purchasable","17":"product-type-simple"},"_links":{"self":[{"href":"https:\/\/roveyayinevi.com.tr\/index.php\/wp-json\/wp\/v2\/product\/700015","targetHints":{"allow":["GET"]}}],"collection":[{"href":"https:\/\/roveyayinevi.com.tr\/index.php\/wp-json\/wp\/v2\/product"}],"about":[{"href":"https:\/\/roveyayinevi.com.tr\/index.php\/wp-json\/wp\/v2\/types\/product"}],"wp:attachment":[{"href":"https:\/\/roveyayinevi.com.tr\/index.php\/wp-json\/wp\/v2\/media?parent=700015"}],"wp:term":[{"taxonomy":"product_brand","embeddable":true,"href":"https:\/\/roveyayinevi.com.tr\/index.php\/wp-json\/wp\/v2\/product_brand?post=700015"},{"taxonomy":"product_cat","embeddable":true,"href":"https:\/\/roveyayinevi.com.tr\/index.php\/wp-json\/wp\/v2\/product_cat?post=700015"},{"taxonomy":"product_tag","embeddable":true,"href":"https:\/\/roveyayinevi.com.tr\/index.php\/wp-json\/wp\/v2\/product_tag?post=700015"}],"curies":[{"name":"wp","href":"https:\/\/api.w.org\/{rel}","templated":true}]}}