{"id":700014,"date":"2025-08-27T14:55:16","date_gmt":"2025-08-27T11:55:16","guid":{"rendered":"https:\/\/roveyayinevi.com.tr\/index.php\/urun\/egitimin-toplumsal-temelleri\/"},"modified":"2026-04-16T02:09:29","modified_gmt":"2026-04-15T23:09:29","slug":"egitimin-toplumsal-temelleri","status":"publish","type":"product","link":"https:\/\/roveyayinevi.com.tr\/index.php\/urun\/egitimin-toplumsal-temelleri\/","title":{"rendered":"E\u011fitimin Toplumsal Temelleri"},"content":{"rendered":"<p>E\u011fitim kavram\u0131n\u0131 sosyolojinin tarihsel ve kuramsal ba\u011flam\u0131 i\u00e7ine alarak irdeleyen yazar, toplum ve e\u011fitim aras\u0131ndaki dolays\u0131z etkile\u015fimin takip edilebilece\u011fi aile, siyaset ve ekonomi gibi kavramlarla sosyoloji ve e\u011fitimin kesi\u015fim noktalar\u0131n\u0131 analiz ediyor. Yazar, ayn\u0131 zamanda iddialar\u0131n\u0131 bilimsel bir metotla paralellik kurarak ele al\u0131yor. \ufffcTan\u0131t\u0131m Metni<\/p>\n","protected":false},"excerpt":{"rendered":"<p>E\u011fitim kavram\u0131n\u0131 sosyolojinin tarihsel ve kuramsal ba\u011flam\u0131 i\u00e7ine alarak irdeleyen yazar, toplum ve e\u011fitim aras\u0131ndaki dolays\u0131z etkile\u015fimin takip edilebilece\u011fi aile, siyaset ve ekonomi gibi kavramlarla sosyoloji<span class=\"excerpt-hellip\"> [\u2026]<\/span><\/p>\n","protected":false},"featured_media":0,"template":"","meta":{"_monsterinsights_skip_tracking":false,"_monsterinsights_sitenote_active":false,"_monsterinsights_sitenote_note":"","_monsterinsights_sitenote_category":0},"product_brand":[],"product_cat":[12835,12324],"product_tag":[],"class_list":{"0":"post-700014","1":"product","2":"type-product","3":"status-publish","5":"product_cat-genel-sosyoloji","6":"product_cat-sosyoloji","7":"pa_cilt-ciltsiz","8":"pa_tur-kitap","9":"pa_yayinevi-ani-yayincilik","10":"pa_yazar-hakki-kiziloluk","12":"first","13":"instock","14":"sale","15":"shipping-taxable","16":"purchasable","17":"product-type-simple"},"_links":{"self":[{"href":"https:\/\/roveyayinevi.com.tr\/index.php\/wp-json\/wp\/v2\/product\/700014","targetHints":{"allow":["GET"]}}],"collection":[{"href":"https:\/\/roveyayinevi.com.tr\/index.php\/wp-json\/wp\/v2\/product"}],"about":[{"href":"https:\/\/roveyayinevi.com.tr\/index.php\/wp-json\/wp\/v2\/types\/product"}],"wp:attachment":[{"href":"https:\/\/roveyayinevi.com.tr\/index.php\/wp-json\/wp\/v2\/media?parent=700014"}],"wp:term":[{"taxonomy":"product_brand","embeddable":true,"href":"https:\/\/roveyayinevi.com.tr\/index.php\/wp-json\/wp\/v2\/product_brand?post=700014"},{"taxonomy":"product_cat","embeddable":true,"href":"https:\/\/roveyayinevi.com.tr\/index.php\/wp-json\/wp\/v2\/product_cat?post=700014"},{"taxonomy":"product_tag","embeddable":true,"href":"https:\/\/roveyayinevi.com.tr\/index.php\/wp-json\/wp\/v2\/product_tag?post=700014"}],"curies":[{"name":"wp","href":"https:\/\/api.w.org\/{rel}","templated":true}]}}