{"id":700012,"date":"2025-08-27T14:55:16","date_gmt":"2025-08-27T11:55:16","guid":{"rendered":"https:\/\/roveyayinevi.com.tr\/index.php\/urun\/biraderler\/"},"modified":"2026-04-16T02:09:29","modified_gmt":"2026-04-15T23:09:29","slug":"biraderler","status":"publish","type":"product","link":"https:\/\/roveyayinevi.com.tr\/index.php\/urun\/biraderler\/","title":{"rendered":"Biraderler"},"content":{"rendered":"<p>Biraderler, kahraman\u0131m\u0131z, Del Tribute&#8217;\u00fcn, karde\u015finin kar\u0131s\u0131 Margaret&#8217;la neredeyse sevi\u015fmesi sonucu ortaya \u00e7\u0131kan olaylar\u0131n karma\u015f\u0131k sonu\u00e7lar\u0131n\u0131n izini s\u00fcren bir roman. Orta ya\u015fl\u0131, ergen maskaral\u0131klar\u0131yla birbirlerinin hayat\u0131n\u0131 zindan etmeyi beceren bu iki karde\u015f; Del ve Bud, hayatlar\u0131nda birden fazla se\u00e7ene\u011fe sahip olman\u0131n konforuyla y\u00fczle\u015fmek zorunda kal\u0131yorlar. Barthelme&#8217;nin hayalin s\u0131n\u0131rlar\u0131n\u0131 yeniden tarif etti\u011fi bu m\u00fckemmel eserinde, karde\u015flerin a\u015fklar\u0131 ve arzular\u0131 sak\u0131n\u0131ms\u0131zca anlat\u0131l\u0131yor, ke\u015ffediliyor ve deneyimleniyor. The Philadelphia Inquirer&#8217;\u0131n g\u00fcn\u00fcm\u00fcz\u00fcn en \u00f6nemli Amerikan yazarlar\u0131ndan birisi olma yolunda diyerek tan\u0131mlad\u0131\u011f\u0131 Frederick Barthelme, erkekler aras\u0131ndaki hassas g\u00fc\u00e7 dengelerini ve karde\u015fler aras\u0131ndaki ili\u015fkinin karma\u015f\u0131kl\u0131\u011f\u0131n\u0131, komik olan\u0131 g\u00f6ren bir g\u00f6z, felsefi olana kulak kabartan bir kulak ve g\u00fcnl\u00fck detaylar\u0131 ka\u00e7\u0131rmayan bir f\u0131r\u00e7ayla resmediyor Biraderlerde. <\/p>\n","protected":false},"excerpt":{"rendered":"<p>Biraderler, kahraman\u0131m\u0131z, Del Tribute&#8217;\u00fcn, karde\u015finin kar\u0131s\u0131 Margaret&#8217;la neredeyse sevi\u015fmesi sonucu ortaya \u00e7\u0131kan olaylar\u0131n karma\u015f\u0131k sonu\u00e7lar\u0131n\u0131n izini s\u00fcren bir roman. Orta ya\u015fl\u0131, ergen maskaral\u0131klar\u0131yla birbirlerinin hayat\u0131n\u0131 zindan<span class=\"excerpt-hellip\"> [\u2026]<\/span><\/p>\n","protected":false},"featured_media":0,"template":"","meta":{"_monsterinsights_skip_tracking":false,"_monsterinsights_sitenote_active":false,"_monsterinsights_sitenote_note":"","_monsterinsights_sitenote_category":0},"product_brand":[],"product_cat":[12291,12866],"product_tag":[],"class_list":{"0":"post-700012","1":"product","2":"type-product","3":"status-publish","5":"product_cat-edebiyat","6":"product_cat-ingiliz-edebiyati","7":"pa_cilt-ciltsiz","8":"pa_tur-kitap","9":"pa_yayinevi-bencekitap","10":"pa_yazar-frederick-barthelme","12":"first","13":"instock","14":"sale","15":"shipping-taxable","16":"purchasable","17":"product-type-simple"},"_links":{"self":[{"href":"https:\/\/roveyayinevi.com.tr\/index.php\/wp-json\/wp\/v2\/product\/700012","targetHints":{"allow":["GET"]}}],"collection":[{"href":"https:\/\/roveyayinevi.com.tr\/index.php\/wp-json\/wp\/v2\/product"}],"about":[{"href":"https:\/\/roveyayinevi.com.tr\/index.php\/wp-json\/wp\/v2\/types\/product"}],"wp:attachment":[{"href":"https:\/\/roveyayinevi.com.tr\/index.php\/wp-json\/wp\/v2\/media?parent=700012"}],"wp:term":[{"taxonomy":"product_brand","embeddable":true,"href":"https:\/\/roveyayinevi.com.tr\/index.php\/wp-json\/wp\/v2\/product_brand?post=700012"},{"taxonomy":"product_cat","embeddable":true,"href":"https:\/\/roveyayinevi.com.tr\/index.php\/wp-json\/wp\/v2\/product_cat?post=700012"},{"taxonomy":"product_tag","embeddable":true,"href":"https:\/\/roveyayinevi.com.tr\/index.php\/wp-json\/wp\/v2\/product_tag?post=700012"}],"curies":[{"name":"wp","href":"https:\/\/api.w.org\/{rel}","templated":true}]}}