{"id":700010,"date":"2025-08-27T14:55:15","date_gmt":"2025-08-27T11:55:15","guid":{"rendered":"https:\/\/roveyayinevi.com.tr\/index.php\/urun\/koy-enstitusu-yillari\/"},"modified":"2026-04-16T02:09:29","modified_gmt":"2026-04-15T23:09:29","slug":"koy-enstitusu-yillari","status":"publish","type":"product","link":"https:\/\/roveyayinevi.com.tr\/index.php\/urun\/koy-enstitusu-yillari\/","title":{"rendered":"K\u00f6y Enstit\u00fcs\u00fc Y\u0131llar\u0131"},"content":{"rendered":"<p>17 Nisan 1940 tarihli yasayla kurulan ve tamamen T\u00fcrkiye\u2018ye \u00f6zg\u00fc e\u011fitim kurumlar\u0131 olan K\u00f6y Enstit\u00fcleri, \u00fczerinde en \u00e7ok konu\u015fulan, tart\u0131\u015f\u0131lan kurumlardan biridir. K\u00f6ylerde \u00e7al\u0131\u015facak \u00f6\u011fretmenler, tar\u0131m ve sa\u011fl\u0131k g\u00f6revlileri yeti\u015ftirerek, k\u00f6yleri bir an \u00f6nce kalk\u0131nd\u0131rma ere\u011fi g\u00fcden, \u00fcretime d\u00f6n\u00fck bir e\u011fitim anlay\u0131\u015f\u0131yla faaliyet g\u00f6steren bu kurumlar, \u00e7ok partili rejime ge\u00e7ildikten sonra tutucu \u00e7evrelerin ve Demokrat Parti\u2018nin yo\u011fun ele\u015ftirileriyle kar\u015f\u0131la\u015ft\u0131. Ve e\u011fitim programlar\u0131, \u00f6nce klasik ilk\u00f6\u011fretmen okullar\u0131n\u0131n program\u0131yla birle\u015ftirilen K\u00f6y Enstit\u00fcleri, sonunda t\u00fcm\u00fcyle kapat\u0131ld\u0131. K\u00f6y Enstit\u00fcs\u00fc Y\u0131llar\u0131, bu kurum i\u00e7inden yeti\u015fen bir yazar\u0131n, Talip Apayd\u0131n\u2019\u0131n kaleme ald\u0131\u011f\u0131, \u00f6\u011frencilik y\u0131llar\u0131na ili\u015fkin an\u0131lar\u0131ndan olu\u015fuyor. K\u00f6y Enstit\u00fclerinin kurucusu Hakk\u0131 Tongu\u00e7\u2019la son g\u00f6r\u00fc\u015fmelerinde, Tongu\u00e7\u2019un \u201cEnstit\u00fc\u2019ye nas\u0131l girdiniz, nas\u0131l okudunuz, bu duruma nas\u0131l geldiniz, biriniz bunu anlat\u0131n\u201d s\u00f6z\u00fc \u00fczerine, \u201cGe\u00e7 de olsa, ben bu g\u00f6revi yerine getiriyorum\u201d diyen Apayd\u0131n, her zamanki duru ve i\u00e7ten anlat\u0131m\u0131yla K\u00f6y Enstit\u00fcleri ger\u00e7e\u011fini birinci a\u011f\u0131zdan aktar\u0131yor.                                                               <\/p>\n","protected":false},"excerpt":{"rendered":"<p>17 Nisan 1940 tarihli yasayla kurulan ve tamamen T\u00fcrkiye\u2018ye \u00f6zg\u00fc e\u011fitim kurumlar\u0131 olan K\u00f6y Enstit\u00fcleri, \u00fczerinde en \u00e7ok konu\u015fulan, tart\u0131\u015f\u0131lan kurumlardan biridir. K\u00f6ylerde \u00e7al\u0131\u015facak \u00f6\u011fretmenler, tar\u0131m<span class=\"excerpt-hellip\"> [\u2026]<\/span><\/p>\n","protected":false},"featured_media":0,"template":"","meta":{"_monsterinsights_skip_tracking":false,"_monsterinsights_sitenote_active":false,"_monsterinsights_sitenote_note":"","_monsterinsights_sitenote_category":0},"product_brand":[],"product_cat":[12312,12304],"product_tag":[],"class_list":{"0":"post-700010","1":"product","2":"type-product","3":"status-publish","5":"product_cat-diger","6":"product_cat-tarih","7":"pa_cilt-ciltsiz","8":"pa_tur-kitap","9":"pa_yayinevi-literatur-yayinevi","10":"pa_yazar-talip-apaydin","12":"first","13":"instock","14":"sale","15":"shipping-taxable","16":"purchasable","17":"product-type-simple"},"_links":{"self":[{"href":"https:\/\/roveyayinevi.com.tr\/index.php\/wp-json\/wp\/v2\/product\/700010","targetHints":{"allow":["GET"]}}],"collection":[{"href":"https:\/\/roveyayinevi.com.tr\/index.php\/wp-json\/wp\/v2\/product"}],"about":[{"href":"https:\/\/roveyayinevi.com.tr\/index.php\/wp-json\/wp\/v2\/types\/product"}],"wp:attachment":[{"href":"https:\/\/roveyayinevi.com.tr\/index.php\/wp-json\/wp\/v2\/media?parent=700010"}],"wp:term":[{"taxonomy":"product_brand","embeddable":true,"href":"https:\/\/roveyayinevi.com.tr\/index.php\/wp-json\/wp\/v2\/product_brand?post=700010"},{"taxonomy":"product_cat","embeddable":true,"href":"https:\/\/roveyayinevi.com.tr\/index.php\/wp-json\/wp\/v2\/product_cat?post=700010"},{"taxonomy":"product_tag","embeddable":true,"href":"https:\/\/roveyayinevi.com.tr\/index.php\/wp-json\/wp\/v2\/product_tag?post=700010"}],"curies":[{"name":"wp","href":"https:\/\/api.w.org\/{rel}","templated":true}]}}