{"id":700007,"date":"2025-08-27T14:55:14","date_gmt":"2025-08-27T11:55:14","guid":{"rendered":"https:\/\/roveyayinevi.com.tr\/index.php\/urun\/orontes-mensurlari\/"},"modified":"2026-04-16T02:09:29","modified_gmt":"2026-04-15T23:09:29","slug":"orontes-mensurlari","status":"publish","type":"product","link":"https:\/\/roveyayinevi.com.tr\/index.php\/urun\/orontes-mensurlari\/","title":{"rendered":"Orontes Mensurlar\u0131"},"content":{"rendered":"<p>On be\u015f y\u0131l\u0131 a\u015fk\u0131n s\u00fcredir \u015fiirleri ve inceleme yaz\u0131lar\u0131yla edebiyat d\u00fcnyam\u0131zda yer alan Faris Kuseyri\u2019nin ilk kitab\u0131 Orontes Mensurlar\u0131 Isl\u0131k Yay\u0131nevi taraf\u0131ndan yay\u0131mland\u0131. Kadim Antakya ve Ortado\u011fu k\u00fclt\u00fcr\u00fcn\u00fc kaynak edinen Kuseyri, ki\u015fisel ser\u00fcvenini yeti\u015fti\u011fi co\u011frafyan\u0131n mitolojisi, tarihi ve bug\u00fcn\u00fcyle harmanl\u0131yor. \u201cNar\u0131 b\u0131\u00e7aks\u0131z b\u00f6l\u00fc\u015fen\u201d ancak tarih boyunca birbirine d\u00fc\u015fman edilmek istenmi\u015f karde\u015f halklar\u0131n hik\u00e2yesini, kendine \u00f6zg\u00fc epik bir dille anlat\u0131yor. Orontes, yani Asi Nehri bu g\u00fc\u00e7l\u00fc hik\u00e2yeye sesini ve ak\u0131\u015f\u0131n\u0131 veren imgesel damar olarak beliriyor. 26 d\u00fczyaz\u0131 \u015fiiri bir araya getiren Orontes Mensurlar\u0131 g\u00fcn\u00fcm\u00fcz siyasi karma\u015fas\u0131 i\u00e7inde b\u00f6lgede \u00f6teye itilmi\u015f, perdelenerek g\u00f6r\u00fcnmez k\u0131l\u0131nmaya \u00e7al\u0131\u015f\u0131lan, ger\u00e7ekteyse halklar aras\u0131nda alttan alta hi\u00e7 yitirilmemi\u015f ve hep ya\u015fat\u0131lmaya \u00e7al\u0131\u015f\u0131lm\u0131\u015f olan karde\u015fli\u011fe, muhtemel ortak k\u0131yamete de vurgu koymaktan ka\u00e7\u0131nmayan bir \u00f6vg\u00fc. Haf\u0131zan\u0131n lirik \u00e7a\u011fr\u0131s\u0131n\u0131 ve imgelemin derin ak\u0131\u015fl\u0131 \u0131rma\u011f\u0131n\u0131 izleyen Orontes Mensurlar\u0131 d\u00fc\u011f\u00fcn \u015fark\u0131lar\u0131n\u0131, unutulmu\u015f unutturulmak istenen ac\u0131lar\u0131, a\u011f\u0131tlar\u0131, yak\u0131n tarihimizin utan\u00e7 sayfalar\u0131n\u0131, yasaklanan dilleri, kitaps\u0131z a\u015fks\u0131z ve lisans\u0131z b\u0131rak\u0131lan kay\u0131p ku\u015faklar\u0131, babalar\u0131yla ayn\u0131 dili konu\u015famayan \u00e7ocuklar\u0131, \u00e7ocuklar\u0131n\u0131 \u00e7aresizce topra\u011fa veren yasl\u0131 anneleri i\u015fliyor. Tematik b\u00fct\u00fcnl\u00fc\u011f\u00fc i\u00e7inde s\u00f6ylenceyi \u015fimdiye ve soka\u011fa ta\u015f\u0131yan kitap, g\u00fcncel olan\u0131ysa ger\u00e7eklikten koparmadan s\u00f6ylenselle\u015ftiriyor. Isl\u0131k Yay\u0131nlar\u0131 olarak, \u015fiir i\u00e7in yola \u00e7\u0131kma azmimizi kuvvetlendiren Orontes Mensurlar\u0131\u2019n\u0131 g\u00fc\u00e7l\u00fc bir \u015fairin gecikmi\u015f ilk kitab\u0131 olarak edebiyat d\u00fcnyas\u0131na sunmaktan gurur duyuyoruz.<\/p>\n","protected":false},"excerpt":{"rendered":"<p>On be\u015f y\u0131l\u0131 a\u015fk\u0131n s\u00fcredir \u015fiirleri ve inceleme yaz\u0131lar\u0131yla edebiyat d\u00fcnyam\u0131zda yer alan Faris Kuseyri\u2019nin ilk kitab\u0131 Orontes Mensurlar\u0131 Isl\u0131k Yay\u0131nevi taraf\u0131ndan yay\u0131mland\u0131. Kadim Antakya ve<span class=\"excerpt-hellip\"> [\u2026]<\/span><\/p>\n","protected":false},"featured_media":0,"template":"","meta":{"_monsterinsights_skip_tracking":false,"_monsterinsights_sitenote_active":false,"_monsterinsights_sitenote_note":"","_monsterinsights_sitenote_category":0},"product_brand":[],"product_cat":[12291,12509],"product_tag":[],"class_list":{"0":"post-700007","1":"product","2":"type-product","3":"status-publish","5":"product_cat-edebiyat","6":"product_cat-siir","7":"pa_tur-kitap","8":"pa_yayinevi-islik-yayinlari","9":"pa_yazar-faris-kuseyri","11":"first","12":"instock","13":"sale","14":"shipping-taxable","15":"purchasable","16":"product-type-simple"},"_links":{"self":[{"href":"https:\/\/roveyayinevi.com.tr\/index.php\/wp-json\/wp\/v2\/product\/700007","targetHints":{"allow":["GET"]}}],"collection":[{"href":"https:\/\/roveyayinevi.com.tr\/index.php\/wp-json\/wp\/v2\/product"}],"about":[{"href":"https:\/\/roveyayinevi.com.tr\/index.php\/wp-json\/wp\/v2\/types\/product"}],"wp:attachment":[{"href":"https:\/\/roveyayinevi.com.tr\/index.php\/wp-json\/wp\/v2\/media?parent=700007"}],"wp:term":[{"taxonomy":"product_brand","embeddable":true,"href":"https:\/\/roveyayinevi.com.tr\/index.php\/wp-json\/wp\/v2\/product_brand?post=700007"},{"taxonomy":"product_cat","embeddable":true,"href":"https:\/\/roveyayinevi.com.tr\/index.php\/wp-json\/wp\/v2\/product_cat?post=700007"},{"taxonomy":"product_tag","embeddable":true,"href":"https:\/\/roveyayinevi.com.tr\/index.php\/wp-json\/wp\/v2\/product_tag?post=700007"}],"curies":[{"name":"wp","href":"https:\/\/api.w.org\/{rel}","templated":true}]}}