{"id":700004,"date":"2025-08-27T14:55:13","date_gmt":"2025-08-27T11:55:13","guid":{"rendered":"https:\/\/roveyayinevi.com.tr\/index.php\/urun\/bes-parasizdim-ve-katilimi-ariyordum\/"},"modified":"2026-04-16T02:09:29","modified_gmt":"2026-04-15T23:09:29","slug":"bes-parasizdim-ve-katilimi-ariyordum","status":"publish","type":"product","link":"https:\/\/roveyayinevi.com.tr\/index.php\/urun\/bes-parasizdim-ve-katilimi-ariyordum\/","title":{"rendered":"Be\u015f Paras\u0131zd\u0131m ve Katilimi Ar\u0131yordum"},"content":{"rendered":"<p>\u201cBekir Tun\u00e7 sa\u011f elindeki silah\u0131 O\u011fuz Abi\u2019ye, sol elindekini bana do\u011frultmu\u015ftu. Tabancam\u0131 iki elimle kavrad\u0131m. Teti\u011fi \u00e7ekmemek i\u00e7in kendimi zor tutuyordum. Dudaklar\u0131n\u0131n kenar\u0131ndan sarkan b\u0131y\u0131klar\u0131 araland\u0131, ac\u0131yla s\u0131r\u0131tt\u0131, g\u00f6zlerime dik dik bakt\u0131.\u2018Ben seni gebertmemi\u015f miydim lan velet\u2019 dedi bo\u011faz\u0131ndan gelen bir h\u0131r\u0131lt\u0131yla.\u2018Bu i\u015fler satran\u00e7 oynamaya benzemez, demi\u015ftin ama yan\u0131lm\u0131\u015fs\u0131n s*lak Bekir\u2019 dedim alayc\u0131 bir sesle. \u2018Bu i\u015fler tam da satran\u00e7 gibidir.\u2019Birbirine kar\u0131\u015fan \u00fc\u00e7 el silah sesi, geni\u015f ovan\u0131n \u00fczerindeki bo\u015flu\u011fa yay\u0131l\u0131p y\u0131ld\u0131zlara do\u011fru y\u00fckseldi.\u201d<\/p>\n","protected":false},"excerpt":{"rendered":"<p>\u201cBekir Tun\u00e7 sa\u011f elindeki silah\u0131 O\u011fuz Abi\u2019ye, sol elindekini bana do\u011frultmu\u015ftu. Tabancam\u0131 iki elimle kavrad\u0131m. Teti\u011fi \u00e7ekmemek i\u00e7in kendimi zor tutuyordum. Dudaklar\u0131n\u0131n kenar\u0131ndan sarkan b\u0131y\u0131klar\u0131 araland\u0131,<span class=\"excerpt-hellip\"> [\u2026]<\/span><\/p>\n","protected":false},"featured_media":0,"template":"","meta":{"_monsterinsights_skip_tracking":false,"_monsterinsights_sitenote_active":false,"_monsterinsights_sitenote_note":"","_monsterinsights_sitenote_category":0},"product_brand":[],"product_cat":[12291,12292],"product_tag":[],"class_list":{"0":"post-700004","1":"product","2":"type-product","3":"status-publish","5":"product_cat-edebiyat","6":"product_cat-turk-edebiyati","7":"pa_tur-kitap","8":"pa_yayinevi-kirmizi-kedi-yayinevi","9":"pa_yazar-dervis-sentekin","11":"first","12":"instock","13":"sale","14":"shipping-taxable","15":"purchasable","16":"product-type-simple"},"_links":{"self":[{"href":"https:\/\/roveyayinevi.com.tr\/index.php\/wp-json\/wp\/v2\/product\/700004","targetHints":{"allow":["GET"]}}],"collection":[{"href":"https:\/\/roveyayinevi.com.tr\/index.php\/wp-json\/wp\/v2\/product"}],"about":[{"href":"https:\/\/roveyayinevi.com.tr\/index.php\/wp-json\/wp\/v2\/types\/product"}],"wp:attachment":[{"href":"https:\/\/roveyayinevi.com.tr\/index.php\/wp-json\/wp\/v2\/media?parent=700004"}],"wp:term":[{"taxonomy":"product_brand","embeddable":true,"href":"https:\/\/roveyayinevi.com.tr\/index.php\/wp-json\/wp\/v2\/product_brand?post=700004"},{"taxonomy":"product_cat","embeddable":true,"href":"https:\/\/roveyayinevi.com.tr\/index.php\/wp-json\/wp\/v2\/product_cat?post=700004"},{"taxonomy":"product_tag","embeddable":true,"href":"https:\/\/roveyayinevi.com.tr\/index.php\/wp-json\/wp\/v2\/product_tag?post=700004"}],"curies":[{"name":"wp","href":"https:\/\/api.w.org\/{rel}","templated":true}]}}