{"id":699999,"date":"2025-08-27T14:55:12","date_gmt":"2025-08-27T11:55:12","guid":{"rendered":"https:\/\/roveyayinevi.com.tr\/index.php\/urun\/beyaz-zambaklar-ulkesinde-5\/"},"modified":"2026-04-16T02:09:29","modified_gmt":"2026-04-15T23:09:29","slug":"beyaz-zambaklar-ulkesinde-5","status":"publish","type":"product","link":"https:\/\/roveyayinevi.com.tr\/index.php\/urun\/beyaz-zambaklar-ulkesinde-5\/","title":{"rendered":"Beyaz Zambaklar \u00dclkesinde"},"content":{"rendered":"<p>Grigory Petrov\u2019un \u00e7e\u015fitli aral\u0131klarla \u00e7\u0131kt\u0131\u011f\u0131 Finlandiya seyahatlerindeki notlardan olu\u015fan eser, 1800\u2019lerin son d\u00f6neminde Finlandiya-halk\u0131n\u0131n i\u00e7inde bulundu\u011fu durumu, cehaletten kurtulmak i\u00e7in ba\u015fta Johan Wilhelm Snelman olmak \u00fczere \u00fclkedeki bir avu\u00e7 Fin ayd\u0131n\u0131n\u0131n verdi\u011fi ola\u011fan\u00fcst\u00fc m\u00fccadeleyi anlat\u0131r. <\/p>\n","protected":false},"excerpt":{"rendered":"<p>Grigory Petrov\u2019un \u00e7e\u015fitli aral\u0131klarla \u00e7\u0131kt\u0131\u011f\u0131 Finlandiya seyahatlerindeki notlardan olu\u015fan eser, 1800\u2019lerin son d\u00f6neminde Finlandiya-halk\u0131n\u0131n i\u00e7inde bulundu\u011fu durumu, cehaletten kurtulmak i\u00e7in ba\u015fta Johan Wilhelm Snelman olmak \u00fczere<span class=\"excerpt-hellip\"> [\u2026]<\/span><\/p>\n","protected":false},"featured_media":0,"template":"","meta":{"_monsterinsights_skip_tracking":false,"_monsterinsights_sitenote_active":false,"_monsterinsights_sitenote_note":"","_monsterinsights_sitenote_category":0},"product_brand":[],"product_cat":[12291,13570],"product_tag":[],"class_list":{"0":"post-699999","1":"product","2":"type-product","3":"status-publish","5":"product_cat-edebiyat","6":"product_cat-rus-edebiyati","7":"pa_tur-kitap","8":"pa_yayinevi-iskele-yayincilik","9":"pa_yazar-grigoriy-petrov","11":"first","12":"instock","13":"sale","14":"shipping-taxable","15":"purchasable","16":"product-type-simple"},"_links":{"self":[{"href":"https:\/\/roveyayinevi.com.tr\/index.php\/wp-json\/wp\/v2\/product\/699999","targetHints":{"allow":["GET"]}}],"collection":[{"href":"https:\/\/roveyayinevi.com.tr\/index.php\/wp-json\/wp\/v2\/product"}],"about":[{"href":"https:\/\/roveyayinevi.com.tr\/index.php\/wp-json\/wp\/v2\/types\/product"}],"wp:attachment":[{"href":"https:\/\/roveyayinevi.com.tr\/index.php\/wp-json\/wp\/v2\/media?parent=699999"}],"wp:term":[{"taxonomy":"product_brand","embeddable":true,"href":"https:\/\/roveyayinevi.com.tr\/index.php\/wp-json\/wp\/v2\/product_brand?post=699999"},{"taxonomy":"product_cat","embeddable":true,"href":"https:\/\/roveyayinevi.com.tr\/index.php\/wp-json\/wp\/v2\/product_cat?post=699999"},{"taxonomy":"product_tag","embeddable":true,"href":"https:\/\/roveyayinevi.com.tr\/index.php\/wp-json\/wp\/v2\/product_tag?post=699999"}],"curies":[{"name":"wp","href":"https:\/\/api.w.org\/{rel}","templated":true}]}}