{"id":699998,"date":"2025-08-27T14:55:12","date_gmt":"2025-08-27T11:55:12","guid":{"rendered":"https:\/\/roveyayinevi.com.tr\/index.php\/urun\/bisnev-askin-7-hali\/"},"modified":"2026-04-16T02:09:29","modified_gmt":"2026-04-15T23:09:29","slug":"bisnev-askin-7-hali","status":"publish","type":"product","link":"https:\/\/roveyayinevi.com.tr\/index.php\/urun\/bisnev-askin-7-hali\/","title":{"rendered":"Bi\u015fnev A\u015fk\u0131n 7 Hali"},"content":{"rendered":"<p>\u201c\u00c7ocukken bir\u00e7ok a\u015fk masal\u0131 okudum. B\u00fcy\u00fcd\u00fcm, a\u015fk\u0131 ya\u015fad\u0131m. \u015eimdi ben bir a\u015fk masal\u0131 oldum.\u201d\u2013 Hz. MevlanaA\u015fk\u0131n 7 hali: Be\u015fer\u00ee a\u015fk, masals\u0131 a\u015fk, Platonik a\u015fk, divane a\u015fk, dosta a\u015fk, Peygamber a\u015fk\u0131, ilahi a\u015fk\u2026Tasavvuf tarihinin en can al\u0131c\u0131 olaylar\u0131 hakk\u0131nda yazd\u0131\u011f\u0131 romanlarla milyonlara ula\u015fan Sinan Ya\u011fmur, ilk defa bug\u00fcnde ge\u00e7en bir hik\u00e2yeyle okurun kar\u015f\u0131s\u0131na \u00e7\u0131k\u0131yor.Kendisini intihara s\u00fcr\u00fckleyen bir ihanetin pen\u00e7esinde k\u0131vranan bir kad\u0131n: AylinHayat\u0131nda ilk defa vicdan azab\u0131 kavram\u0131yla tan\u0131\u015facak bir zevk d\u00fc\u015fk\u00fcn\u00fc: CengizHayat\u0131n\u0131 temellerinden sarsan bir iftiran\u0131n kurban\u0131: HaceSinan Ya\u011fmur, bu \u00fc\u00e7 kahraman\u0131n Konya\u2019da kesi\u015fecek hayatlar\u0131n\u0131 a\u015fk\u0131n 7 farkl\u0131 hali \u00fczerinde katman katman \u00f6r\u00fcyor.Sahabe\u2019den Safvan bin Muattal ile Hz. Ay\u015fe, Mevlana ve \u015eems, Leyla ile Mecnun, Ferhat ile \u015eirin \u00fcmitlerini kaybetmi\u015f \u00fc\u00e7 karakterin imdatlar\u0131na yeti\u015fip onlar\u0131 a\u015fk terapisine al\u0131yor.A\u015fk\u0131n 7 Hali \u2013 Bi\u015fnev, olgun bir kalemin diliyle, i\u00e7 huzuru arayanlara ve yaral\u0131 y\u00fcreklere derman ve ba\u015fucu kitab\u0131 olacak, y\u0131llar boyu unutulmayacak bir roman. <\/p>\n","protected":false},"excerpt":{"rendered":"<p>\u201c\u00c7ocukken bir\u00e7ok a\u015fk masal\u0131 okudum. B\u00fcy\u00fcd\u00fcm, a\u015fk\u0131 ya\u015fad\u0131m. \u015eimdi ben bir a\u015fk masal\u0131 oldum.\u201d\u2013 Hz. MevlanaA\u015fk\u0131n 7 hali: Be\u015fer\u00ee a\u015fk, masals\u0131 a\u015fk, Platonik a\u015fk, divane a\u015fk,<span class=\"excerpt-hellip\"> [\u2026]<\/span><\/p>\n","protected":false},"featured_media":0,"template":"","meta":{"_monsterinsights_skip_tracking":false,"_monsterinsights_sitenote_active":false,"_monsterinsights_sitenote_note":"","_monsterinsights_sitenote_category":0},"product_brand":[],"product_cat":[12291,12292],"product_tag":[],"class_list":{"0":"post-699998","1":"product","2":"type-product","3":"status-publish","5":"product_cat-edebiyat","6":"product_cat-turk-edebiyati","7":"pa_cilt-ciltsiz","8":"pa_tur-kitap","9":"pa_yayinevi-kapi-yayinlari","10":"pa_yazar-sinan-yagmur","12":"first","13":"instock","14":"sale","15":"shipping-taxable","16":"purchasable","17":"product-type-simple"},"_links":{"self":[{"href":"https:\/\/roveyayinevi.com.tr\/index.php\/wp-json\/wp\/v2\/product\/699998","targetHints":{"allow":["GET"]}}],"collection":[{"href":"https:\/\/roveyayinevi.com.tr\/index.php\/wp-json\/wp\/v2\/product"}],"about":[{"href":"https:\/\/roveyayinevi.com.tr\/index.php\/wp-json\/wp\/v2\/types\/product"}],"wp:attachment":[{"href":"https:\/\/roveyayinevi.com.tr\/index.php\/wp-json\/wp\/v2\/media?parent=699998"}],"wp:term":[{"taxonomy":"product_brand","embeddable":true,"href":"https:\/\/roveyayinevi.com.tr\/index.php\/wp-json\/wp\/v2\/product_brand?post=699998"},{"taxonomy":"product_cat","embeddable":true,"href":"https:\/\/roveyayinevi.com.tr\/index.php\/wp-json\/wp\/v2\/product_cat?post=699998"},{"taxonomy":"product_tag","embeddable":true,"href":"https:\/\/roveyayinevi.com.tr\/index.php\/wp-json\/wp\/v2\/product_tag?post=699998"}],"curies":[{"name":"wp","href":"https:\/\/api.w.org\/{rel}","templated":true}]}}