{"id":699997,"date":"2025-08-27T14:55:11","date_gmt":"2025-08-27T11:55:11","guid":{"rendered":"https:\/\/roveyayinevi.com.tr\/index.php\/urun\/ajan-hizlipati-2-kayip-proje\/"},"modified":"2026-04-16T02:09:29","modified_gmt":"2026-04-15T23:09:29","slug":"ajan-hizlipati-2-kayip-proje","status":"publish","type":"product","link":"https:\/\/roveyayinevi.com.tr\/index.php\/urun\/ajan-hizlipati-2-kayip-proje\/","title":{"rendered":"Ajan H\u0131zl\u0131pati 2 &#8211; Kay\u0131p Proje"},"content":{"rendered":"<p>Ajan H\u0131zl\u0131pati ajanl\u0131k faaliyetlerine devam ediyor! <\/p>\n","protected":false},"excerpt":{"rendered":"<p>Ajan H\u0131zl\u0131pati ajanl\u0131k faaliyetlerine devam ediyor!<\/p>\n","protected":false},"featured_media":0,"template":"","meta":{"_monsterinsights_skip_tracking":false,"_monsterinsights_sitenote_active":false,"_monsterinsights_sitenote_note":"","_monsterinsights_sitenote_category":0},"product_brand":[],"product_cat":[12274,12284],"product_tag":[],"class_list":{"0":"post-699997","1":"product","2":"type-product","3":"status-publish","5":"product_cat-cocuk-ve-genclik-kitaplari","6":"product_cat-hikayeler","7":"pa_cilt-ciltsiz","8":"pa_tur-kitap","9":"pa_yayinevi-altin-kitaplar-cocuk-kitaplari","10":"pa_yazar-buket-tahmaz-savas","12":"first","13":"instock","14":"sale","15":"shipping-taxable","16":"purchasable","17":"product-type-simple"},"_links":{"self":[{"href":"https:\/\/roveyayinevi.com.tr\/index.php\/wp-json\/wp\/v2\/product\/699997","targetHints":{"allow":["GET"]}}],"collection":[{"href":"https:\/\/roveyayinevi.com.tr\/index.php\/wp-json\/wp\/v2\/product"}],"about":[{"href":"https:\/\/roveyayinevi.com.tr\/index.php\/wp-json\/wp\/v2\/types\/product"}],"wp:attachment":[{"href":"https:\/\/roveyayinevi.com.tr\/index.php\/wp-json\/wp\/v2\/media?parent=699997"}],"wp:term":[{"taxonomy":"product_brand","embeddable":true,"href":"https:\/\/roveyayinevi.com.tr\/index.php\/wp-json\/wp\/v2\/product_brand?post=699997"},{"taxonomy":"product_cat","embeddable":true,"href":"https:\/\/roveyayinevi.com.tr\/index.php\/wp-json\/wp\/v2\/product_cat?post=699997"},{"taxonomy":"product_tag","embeddable":true,"href":"https:\/\/roveyayinevi.com.tr\/index.php\/wp-json\/wp\/v2\/product_tag?post=699997"}],"curies":[{"name":"wp","href":"https:\/\/api.w.org\/{rel}","templated":true}]}}