{"id":699995,"date":"2025-08-27T14:55:11","date_gmt":"2025-08-27T11:55:11","guid":{"rendered":"https:\/\/roveyayinevi.com.tr\/index.php\/urun\/turkce-yunanca-ortak-kelimeler-deyimler-ve-atasozleri\/"},"modified":"2026-04-16T02:09:29","modified_gmt":"2026-04-15T23:09:29","slug":"turkce-yunanca-ortak-kelimeler-deyimler-ve-atasozleri","status":"publish","type":"product","link":"https:\/\/roveyayinevi.com.tr\/index.php\/urun\/turkce-yunanca-ortak-kelimeler-deyimler-ve-atasozleri\/","title":{"rendered":"T\u00fcrk\u00e7e &#8211; Yunanca Ortak Kelimeler, Deyimler ve Atas\u00f6zleri"},"content":{"rendered":"<p>Toplamda 6000&#8217;e yak\u0131n T\u00fcrk\u00e7e ve Yunanca ortak kelime, bir d\u00fc\u015f\u00fcnce\/ifade d\u0131\u015fa vurumu olan atas\u00f6zleri ve mecazi anlamlara imk\u00e2n veren deyimlerden olu\u015fan bu liste-kitap, Herk\u00fcl Millas Ankara\u2019da Yunanca, Rodos&#8217;ta ise T\u00fcrk\u00e7e dersleri verirken \u00f6\u011frencileri i\u00e7in ayn\u0131 oranda yararl\u0131 bir kaynak oldu. \u201c\u00d6teki\u201d dili \u00f6\u011frenmeye \u00e7al\u0131\u015fanlar \u00e7ok k\u0131sa s\u00fcrede \u00f6nemli bir yol ald\u0131, zira yapmalar\u0131 gereken tek \u015fey ortakl\u0131klar\u0131 ke\u015ffetmekti.Binlerce ortak kelimenin varl\u0131\u011f\u0131 bize insanlar\u0131n ortak de\u011ferleri payla\u015ft\u0131klar\u0131 bir geni\u015f \u00e7evrede ya\u015fad\u0131klar\u0131n\u0131 hat\u0131rlat\u0131yor. Bu kitapta g\u00fcndelik hayat\u0131m\u0131z\u0131n, pratiklerimizin ve olaylar\u0131 ve hisleri alg\u0131lama bi\u00e7imlerimizin ortakla\u015ft\u0131\u011f\u0131n\u0131\/ayn\u0131la\u015ft\u0131\u011f\u0131n\u0131 ke\u015ffedece\u011finiz her bir kelime, ifade ve d\u00fcstur sizi sahip olunan k\u00fclt\u00fcrel zenginli\u011fe biraz daha yakla\u015ft\u0131racak.Bu liste-kitap T\u00fcrk\u00e7e yahut Yunanca \u00f6\u011frenenler, turistik ziyaretlerinde dile biraz daha hakim olmak isteyenler, \u00e7ocukluklar\u0131ndan kalma seslerin pe\u015finden ko\u015fanlar ve diller aras\u0131 ge\u00e7i\u015flili\u011fin merakl\u0131lar\u0131 i\u00e7in bir ba\u015fvuru eseridir. <\/p>\n","protected":false},"excerpt":{"rendered":"<p>Toplamda 6000&#8217;e yak\u0131n T\u00fcrk\u00e7e ve Yunanca ortak kelime, bir d\u00fc\u015f\u00fcnce\/ifade d\u0131\u015fa vurumu olan atas\u00f6zleri ve mecazi anlamlara imk\u00e2n veren deyimlerden olu\u015fan bu liste-kitap, Herk\u00fcl Millas Ankara\u2019da<span class=\"excerpt-hellip\"> [\u2026]<\/span><\/p>\n","protected":false},"featured_media":0,"template":"","meta":{"_monsterinsights_skip_tracking":false,"_monsterinsights_sitenote_active":false,"_monsterinsights_sitenote_note":"","_monsterinsights_sitenote_category":0},"product_brand":[],"product_cat":[19532,12566,13611],"product_tag":[],"class_list":{"0":"post-699995","1":"product","2":"type-product","3":"status-publish","5":"product_cat-atasozleri-deyimler-ve-terimleri-sozlugu","6":"product_cat-egitim","7":"product_cat-sozlukler-ve-konusma-kilavuzlari","8":"pa_cilt-ciltsiz","9":"pa_tur-kitap","10":"pa_yayinevi-istos-yayincilik","11":"pa_yazar-herkul-millas","13":"first","14":"instock","15":"sale","16":"shipping-taxable","17":"purchasable","18":"product-type-simple"},"_links":{"self":[{"href":"https:\/\/roveyayinevi.com.tr\/index.php\/wp-json\/wp\/v2\/product\/699995","targetHints":{"allow":["GET"]}}],"collection":[{"href":"https:\/\/roveyayinevi.com.tr\/index.php\/wp-json\/wp\/v2\/product"}],"about":[{"href":"https:\/\/roveyayinevi.com.tr\/index.php\/wp-json\/wp\/v2\/types\/product"}],"wp:attachment":[{"href":"https:\/\/roveyayinevi.com.tr\/index.php\/wp-json\/wp\/v2\/media?parent=699995"}],"wp:term":[{"taxonomy":"product_brand","embeddable":true,"href":"https:\/\/roveyayinevi.com.tr\/index.php\/wp-json\/wp\/v2\/product_brand?post=699995"},{"taxonomy":"product_cat","embeddable":true,"href":"https:\/\/roveyayinevi.com.tr\/index.php\/wp-json\/wp\/v2\/product_cat?post=699995"},{"taxonomy":"product_tag","embeddable":true,"href":"https:\/\/roveyayinevi.com.tr\/index.php\/wp-json\/wp\/v2\/product_tag?post=699995"}],"curies":[{"name":"wp","href":"https:\/\/api.w.org\/{rel}","templated":true}]}}