{"id":699994,"date":"2025-08-27T14:55:10","date_gmt":"2025-08-27T11:55:10","guid":{"rendered":"https:\/\/roveyayinevi.com.tr\/index.php\/urun\/aslan-nasil-yemeginden-oldu-jeremy-jamesin-maceralari-3\/"},"modified":"2025-12-30T09:50:17","modified_gmt":"2025-12-30T06:50:17","slug":"aslan-nasil-yemeginden-oldu-jeremy-jamesin-maceralari-3","status":"publish","type":"product","link":"https:\/\/roveyayinevi.com.tr\/index.php\/urun\/aslan-nasil-yemeginden-oldu-jeremy-jamesin-maceralari-3\/","title":{"rendered":"Aslan Nas\u0131l Yeme\u011finden Oldu?: Jeremy James&#8217;in Maceralar\u0131-3"},"content":{"rendered":"<p>Da\u011f\u0131n\u0131k yeleli, koca bir aslan, sal\u0131na sal\u0131na araban\u0131n yan\u0131na gelip, g\u00f6zlerini Jeremy James\u2019in g\u00f6zlerine dikti.  Cam\u0131 a\u00e7sam,  dedi Jeremy James,  aslana dokunaca\u011f\u0131m neredeyse .  Cam\u0131 a\u00e7arsan,  dedi Baba,  kim kime dokunuyormu\u015f, g\u00f6r\u00fcrs\u00fcn . A\u00e7 aslanlar, Warkin-on-Sea tatil beldesinin ilgin\u00e7 sakinlerinden yaln\u0131zca bir tanesi&#8230; Jeremy James, bu defa da, durmaz kalkmaz bir e\u015fekle, \u00e7ocuklardan nefret eden bir kad\u0131nla, totti botti bir adamla ve araba yiyen maymunlarla kar\u015f\u0131 kar\u015f\u0131ya. <\/p>\n","protected":false},"excerpt":{"rendered":"<p>Da\u011f\u0131n\u0131k yeleli, koca bir aslan, sal\u0131na sal\u0131na araban\u0131n yan\u0131na gelip, g\u00f6zlerini Jeremy James\u2019in g\u00f6zlerine dikti. Cam\u0131 a\u00e7sam, dedi Jeremy James, aslana dokunaca\u011f\u0131m neredeyse . Cam\u0131 a\u00e7arsan,<span class=\"excerpt-hellip\"> [\u2026]<\/span><\/p>\n","protected":false},"featured_media":0,"template":"","meta":{"_monsterinsights_skip_tracking":false,"_monsterinsights_sitenote_active":false,"_monsterinsights_sitenote_note":"","_monsterinsights_sitenote_category":0},"product_brand":[],"product_cat":[12274,12284],"product_tag":[],"class_list":{"0":"post-699994","1":"product","2":"type-product","3":"status-publish","5":"product_cat-cocuk-ve-genclik-kitaplari","6":"product_cat-hikayeler","7":"pa_cilt-ciltsiz","8":"pa_tur-kitap","9":"pa_yayinevi-iletisim-yayinlari","10":"pa_yazar-david-henry-wilson","12":"first","13":"instock","14":"sale","15":"shipping-taxable","16":"purchasable","17":"product-type-simple"},"_links":{"self":[{"href":"https:\/\/roveyayinevi.com.tr\/index.php\/wp-json\/wp\/v2\/product\/699994","targetHints":{"allow":["GET"]}}],"collection":[{"href":"https:\/\/roveyayinevi.com.tr\/index.php\/wp-json\/wp\/v2\/product"}],"about":[{"href":"https:\/\/roveyayinevi.com.tr\/index.php\/wp-json\/wp\/v2\/types\/product"}],"wp:attachment":[{"href":"https:\/\/roveyayinevi.com.tr\/index.php\/wp-json\/wp\/v2\/media?parent=699994"}],"wp:term":[{"taxonomy":"product_brand","embeddable":true,"href":"https:\/\/roveyayinevi.com.tr\/index.php\/wp-json\/wp\/v2\/product_brand?post=699994"},{"taxonomy":"product_cat","embeddable":true,"href":"https:\/\/roveyayinevi.com.tr\/index.php\/wp-json\/wp\/v2\/product_cat?post=699994"},{"taxonomy":"product_tag","embeddable":true,"href":"https:\/\/roveyayinevi.com.tr\/index.php\/wp-json\/wp\/v2\/product_tag?post=699994"}],"curies":[{"name":"wp","href":"https:\/\/api.w.org\/{rel}","templated":true}]}}