{"id":699992,"date":"2025-08-27T14:55:10","date_gmt":"2025-08-27T11:55:10","guid":{"rendered":"https:\/\/roveyayinevi.com.tr\/index.php\/urun\/alacakaranlik-kuslari\/"},"modified":"2026-04-16T02:09:29","modified_gmt":"2026-04-15T23:09:29","slug":"alacakaranlik-kuslari","status":"publish","type":"product","link":"https:\/\/roveyayinevi.com.tr\/index.php\/urun\/alacakaranlik-kuslari\/","title":{"rendered":"Alacakaranl\u0131k Ku\u015flar\u0131"},"content":{"rendered":"<p>Onlar, Nuh Tufan\u0131\u2019ndan \u00e7ok \u00f6nce, d\u00fcnyam\u0131zda ya\u015famaya ba\u015flam\u0131\u015flard\u0131. Onlar, kendileri istemedik\u00e7e, insanlara g\u00f6r\u00fcnmezlerdi. Onlar, varl\u0131klar\u0131nda ta\u015f\u0131d\u0131klar\u0131 Gizil g\u00fc\u00e7\u2019le d\u00f6n\u00fc\u015f\u00fcm\u00fc ba\u015farm\u0131\u015flard\u0131. Ba\u015fta insan olmak \u00fczere, her t\u00fcrden canl\u0131n\u0131n g\u00f6r\u00fcn\u00fcm\u00fcne b\u00fcr\u00fcnebilir, aram\u0131za kat\u0131l\u0131p \u0130nsan\u00fcst\u00fc eylemlerde bulunabilirlerdi. Efsanelere ge\u00e7en bu kutsal ku\u015flar\u0131n ad\u0131, Aliopanta\u2019yd\u0131. Bir g\u00fcn, Hakkari\u2019de \u0131\u015f\u0131k toplar\u0131 halinde, insan i\u00e7ine indiler. Sonra bir solukluk s\u00fcrede g\u00f6rkemli ku\u015flara D\u00f6n\u00fc\u015ferek, g\u00f6ky\u00fcz\u00fcn\u00fcn derinliklerine dald\u0131lar.Bu g\u00f6z kama\u015ft\u0131r\u0131c\u0131 olay\u0131, gizemli bir uyar\u0131 olarak de\u011ferlendiren, Gen\u00e7 Bilimciler; Akilopanta\u2019lar\u0131n pe\u015fine d\u00fc\u015fme tutkusuna kap\u0131ld\u0131lar. Hedefleri, ku\u015flardaki gizil g\u00fcc\u00fcn niteli\u011fini ve kayna\u011f\u0131n\u0131 ke\u015ffedip insanlar\u0131n yarar\u0131na sunmakt\u0131. T\u00fcm d\u00fcnyada, Do\u011fa\u00fcst\u00fc olaylarla, \u015fa\u015f\u0131rt\u0131c\u0131 ser\u00fcvenler ya\u015fayarak, Akilopanta\u2019lar\u0131n izini s\u00fcrmeye giri\u015ftiler. Bu s\u00fcre\u00e7te, Akilopanta\u2019lar\u0131n da t\u00fcrl\u00fc g\u00f6r\u00fcn\u00fcmlere b\u00fcr\u00fcnerek, kendilerini izleyip g\u00f6zlemekte oldu\u011funu bilmiyorlard\u0131.Ve bir g\u00fcn&#8230;<\/p>\n","protected":false},"excerpt":{"rendered":"<p>Onlar, Nuh Tufan\u0131\u2019ndan \u00e7ok \u00f6nce, d\u00fcnyam\u0131zda ya\u015famaya ba\u015flam\u0131\u015flard\u0131. Onlar, kendileri istemedik\u00e7e, insanlara g\u00f6r\u00fcnmezlerdi. Onlar, varl\u0131klar\u0131nda ta\u015f\u0131d\u0131klar\u0131 Gizil g\u00fc\u00e7\u2019le d\u00f6n\u00fc\u015f\u00fcm\u00fc ba\u015farm\u0131\u015flard\u0131. Ba\u015fta insan olmak \u00fczere, her t\u00fcrden<span class=\"excerpt-hellip\"> [\u2026]<\/span><\/p>\n","protected":false},"featured_media":0,"template":"","meta":{"_monsterinsights_skip_tracking":false,"_monsterinsights_sitenote_active":false,"_monsterinsights_sitenote_note":"","_monsterinsights_sitenote_category":0},"product_brand":[],"product_cat":[12291,12292],"product_tag":[],"class_list":{"0":"post-699992","1":"product","2":"type-product","3":"status-publish","5":"product_cat-edebiyat","6":"product_cat-turk-edebiyati","7":"pa_cilt-ciltsiz","8":"pa_tur-kitap","9":"pa_yayinevi-altin-kitaplar","10":"pa_yazar-gulten-dayioglu","12":"first","13":"instock","14":"sale","15":"shipping-taxable","16":"purchasable","17":"product-type-simple"},"_links":{"self":[{"href":"https:\/\/roveyayinevi.com.tr\/index.php\/wp-json\/wp\/v2\/product\/699992","targetHints":{"allow":["GET"]}}],"collection":[{"href":"https:\/\/roveyayinevi.com.tr\/index.php\/wp-json\/wp\/v2\/product"}],"about":[{"href":"https:\/\/roveyayinevi.com.tr\/index.php\/wp-json\/wp\/v2\/types\/product"}],"wp:attachment":[{"href":"https:\/\/roveyayinevi.com.tr\/index.php\/wp-json\/wp\/v2\/media?parent=699992"}],"wp:term":[{"taxonomy":"product_brand","embeddable":true,"href":"https:\/\/roveyayinevi.com.tr\/index.php\/wp-json\/wp\/v2\/product_brand?post=699992"},{"taxonomy":"product_cat","embeddable":true,"href":"https:\/\/roveyayinevi.com.tr\/index.php\/wp-json\/wp\/v2\/product_cat?post=699992"},{"taxonomy":"product_tag","embeddable":true,"href":"https:\/\/roveyayinevi.com.tr\/index.php\/wp-json\/wp\/v2\/product_tag?post=699992"}],"curies":[{"name":"wp","href":"https:\/\/api.w.org\/{rel}","templated":true}]}}