{"id":699984,"date":"2025-08-27T14:55:07","date_gmt":"2025-08-27T11:55:07","guid":{"rendered":"https:\/\/roveyayinevi.com.tr\/index.php\/urun\/islam-ve-sinif\/"},"modified":"2026-04-16T02:09:29","modified_gmt":"2026-04-15T23:09:29","slug":"islam-ve-sinif","status":"publish","type":"product","link":"https:\/\/roveyayinevi.com.tr\/index.php\/urun\/islam-ve-sinif\/","title":{"rendered":"\u0130slam ve S\u0131n\u0131f"},"content":{"rendered":"<p>\u0130slam, hem dinsel hem de siyasal alanda belli h\u00fck\u00fcmler getirmi\u015ftir. Bu y\u00f6n\u00fcyle kapsay\u0131c\u0131 bir din g\u00f6r\u00fcnt\u00fcs\u00fc \u00e7izmektedir. 19. y\u00fczy\u0131la kadar kendi ekonomik mekanizmalar\u0131 \u00e7er\u00e7evesinde varl\u0131klar\u0131n\u0131 devam ettiren M\u00fcsl\u00fcmanlar\u0131n \u00e7o\u011funlukta oldu\u011fu \u00fclkeler, \u00f6zellikle bu y\u00fczy\u0131ldan itibaren kapitalizmin yayg\u0131nla\u015fmas\u0131yla krize girmi\u015ftir. Bu \u00e7er\u00e7evede eski ekonomik kurumlar i\u015flevsiz hale gelmi\u015f, kapitalizme eklemlenme s\u00fcreci ba\u015flam\u0131\u015ft\u0131r. Bu s\u00fcre\u00e7ten Osmanl\u0131 Devleti de etkilenmi\u015ftir.19. y\u00fczy\u0131la kadar Ahilik sistemini devam ettiren Osmanl\u0131, bu y\u00fczy\u0131ldan itibaren kapitalizmin yayg\u0131nla\u015fmas\u0131ndan etkilenmi\u015f ve eski yap\u0131lar\u0131n\u0131 i\u015fletemez hale gelerek kapitalizme eklemlenmeye ba\u015flam\u0131\u015ft\u0131r. Bu eklemlenmeden m\u00fcteddeyin kesim de etkilenmi\u015ftir. Bu \u00e7er\u00e7evede 1960\u2019l\u0131 y\u0131llar\u0131n sonundan itibaren Milli G\u00f6r\u00fc\u015f Hareketi i\u00e7erisinde kapitalizme eklenme \u00e7abalar\u0131na giri\u015fmi\u015flerdir. \u00d6zellikle 1980 sonras\u0131 T\u00fcrkiye\u2019nin neoliberal politikalar\u0131 uygulamas\u0131 sonras\u0131 \u0130slami sermaye y\u00fckseli\u015fe ge\u00e7mi\u015f ve M\u00dcS\u0130AD ad\u0131 alt\u0131nda \u00f6rg\u00fctlenerek ekonomik alandaki a\u011f\u0131rl\u0131\u011f\u0131n\u0131 art\u0131rm\u0131\u015ft\u0131r. Buna uygun olarak da Bat\u0131n\u0131n ideal insan\u0131 \u201cHomo Economicus\u201d yerine \u0130slam\u2019\u0131n ideal insan\u0131 olarak lanse edilen \u201cHomo \u0130slamicus\u201d savunulur hale gelmi\u015ftir. \u00d6zellikle AKP iktidar\u0131yla birlikte \u0130slami sermaye egemen konuma gelerek M\u00fcsl\u00fcman kesim aras\u0131ndaki \u201cs\u0131n\u0131fl\u0131\u201d g\u00f6r\u00fcn\u00fcm\u00fc artt\u0131rm\u0131\u015ft\u0131r. Burjuva \u0130slam\u2019\u0131n egemenli\u011fine tepki de gecikmemi\u015f, \u0130slam i\u00e7indeki bu s\u0131n\u0131fl\u0131 yap\u0131ya itiraz eden ve buna kar\u015f\u0131 m\u00fccadele eden ki\u015fi ve kurumlar da ortaya \u00e7\u0131kmaya ba\u015flam\u0131\u015ft\u0131r.T\u00fcrkiye\u2019deki \u0130slami sermaye \u00fczerine yapt\u0131\u011f\u0131 \u00e7al\u0131\u015fmalarla dikkat \u00e7eken \u015eennur \u00d6zdemir, bu \u00e7al\u0131\u015fmada \u0130slami sermayenin y\u00fckseli\u015fi ve ona kar\u015f\u0131 geli\u015fen tepkilere \u0131\u015f\u0131k tutmaktad\u0131r. <\/p>\n","protected":false},"excerpt":{"rendered":"<p>\u0130slam, hem dinsel hem de siyasal alanda belli h\u00fck\u00fcmler getirmi\u015ftir. Bu y\u00f6n\u00fcyle kapsay\u0131c\u0131 bir din g\u00f6r\u00fcnt\u00fcs\u00fc \u00e7izmektedir. 19. y\u00fczy\u0131la kadar kendi ekonomik mekanizmalar\u0131 \u00e7er\u00e7evesinde varl\u0131klar\u0131n\u0131 devam<span class=\"excerpt-hellip\"> [\u2026]<\/span><\/p>\n","protected":false},"featured_media":0,"template":"","meta":{"_monsterinsights_skip_tracking":false,"_monsterinsights_sitenote_active":false,"_monsterinsights_sitenote_note":"","_monsterinsights_sitenote_category":0},"product_brand":[],"product_cat":[12337,14543],"product_tag":[],"class_list":{"0":"post-699984","1":"product","2":"type-product","3":"status-publish","5":"product_cat-politika-siyaset","6":"product_cat-turkiye-siyaseti-ve-politikasi","7":"pa_cilt-ciltsiz","8":"pa_tur-kitap","9":"pa_yayinevi-nika-yayinevi","10":"pa_yazar-sennur-ozdemir","12":"first","13":"instock","14":"sale","15":"shipping-taxable","16":"purchasable","17":"product-type-simple"},"_links":{"self":[{"href":"https:\/\/roveyayinevi.com.tr\/index.php\/wp-json\/wp\/v2\/product\/699984","targetHints":{"allow":["GET"]}}],"collection":[{"href":"https:\/\/roveyayinevi.com.tr\/index.php\/wp-json\/wp\/v2\/product"}],"about":[{"href":"https:\/\/roveyayinevi.com.tr\/index.php\/wp-json\/wp\/v2\/types\/product"}],"wp:attachment":[{"href":"https:\/\/roveyayinevi.com.tr\/index.php\/wp-json\/wp\/v2\/media?parent=699984"}],"wp:term":[{"taxonomy":"product_brand","embeddable":true,"href":"https:\/\/roveyayinevi.com.tr\/index.php\/wp-json\/wp\/v2\/product_brand?post=699984"},{"taxonomy":"product_cat","embeddable":true,"href":"https:\/\/roveyayinevi.com.tr\/index.php\/wp-json\/wp\/v2\/product_cat?post=699984"},{"taxonomy":"product_tag","embeddable":true,"href":"https:\/\/roveyayinevi.com.tr\/index.php\/wp-json\/wp\/v2\/product_tag?post=699984"}],"curies":[{"name":"wp","href":"https:\/\/api.w.org\/{rel}","templated":true}]}}