{"id":699982,"date":"2025-08-27T14:55:07","date_gmt":"2025-08-27T11:55:07","guid":{"rendered":"https:\/\/roveyayinevi.com.tr\/index.php\/urun\/bizans-dunyasi\/"},"modified":"2026-04-16T02:09:28","modified_gmt":"2026-04-15T23:09:28","slug":"bizans-dunyasi","status":"publish","type":"product","link":"https:\/\/roveyayinevi.com.tr\/index.php\/urun\/bizans-dunyasi\/","title":{"rendered":"Bizans D\u00fcnyas\u0131"},"content":{"rendered":"<p>Bizans Tarihi ve Uygarl\u0131\u011f\u0131 Merkezi\u2019nden C\u00e9cile Morrisson y\u00f6netiminde y\u00fcr\u00fct\u00fclen bu e\u015fsiz \u00e7al\u0131\u015fma, Do\u011fu Roma veya tarih\u00e7ilerin sonradan yak\u0131\u015ft\u0131rd\u0131\u011f\u0131 isimle \u201cBizans\u201d \u0130mparatorlu\u011fu\u2019nun kurulu\u015f d\u00f6nemini anlat\u0131yor. Bu Do\u011fu imparatorlu\u011fu Bat\u0131\u2019dan daha istikrarl\u0131 ve daha zengindir asl\u0131nda ve Iustinanos\u2019un Vandallar\u2019dan Afrika\u2019y\u0131, Ostrogotlar\u2019dan \u0130talya\u2019y\u0131 ve Vizigotlar\u2019dan \u0130spanya\u2019n\u0131n g\u00fcneyini geri almas\u0131n\u0131n da g\u00f6sterdi\u011fi \u00fczere, \u201cRoma Birli\u011fi\u201d fikrine hi\u00e7bir zaman s\u0131rt\u0131n\u0131 \u00e7evirmemi\u015ftir. Bizans D\u00fcnyas\u0131 \u00fcst ba\u015fl\u0131\u011f\u0131 alt\u0131ndaki \u00fc\u00e7 ciltlik \u00e7al\u0131\u015fman\u0131n ilk cildi olan Do\u011fu Roma \u0130mparatorlu\u011fu 330-641, Konstantinopolis\u2019in kurulu\u015fundan (MS 330) Herakleios d\u00f6nemi sonuna kadar (MS 641) ge\u00e7en d\u00f6nemi kaps\u0131yor. Bu kitap b\u00f6l\u00fcmler halinde imparatorlu\u011fun Balkanlar\u2019dan M\u0131s\u0131r\u2019a uzanan ba\u015fl\u0131ca b\u00f6lgeleri ve bu b\u00f6lgelerin tarihsel, toplumsal, k\u00fclt\u00fcrel \u00f6zellikleri \u00fczerinde duruyor. Basit kli\u015felerden ka\u00e7\u0131narak yaz\u0131lm\u0131\u015f bu eser, Do\u011fu Roma \u0130mparatorlu\u011fu\u2019nun hem refah\u0131n\u0131n hem de MS 550\u2019den itibaren yava\u015f yava\u015f gerileyi\u015finin nedenlerini t\u00fcm a\u00e7\u0131kl\u0131\u011f\u0131yla g\u00f6zler \u00f6n\u00fcne seriyor. <\/p>\n","protected":false},"excerpt":{"rendered":"<p>Bizans Tarihi ve Uygarl\u0131\u011f\u0131 Merkezi\u2019nden C\u00e9cile Morrisson y\u00f6netiminde y\u00fcr\u00fct\u00fclen bu e\u015fsiz \u00e7al\u0131\u015fma, Do\u011fu Roma veya tarih\u00e7ilerin sonradan yak\u0131\u015ft\u0131rd\u0131\u011f\u0131 isimle \u201cBizans\u201d \u0130mparatorlu\u011fu\u2019nun kurulu\u015f d\u00f6nemini anlat\u0131yor. Bu Do\u011fu<span class=\"excerpt-hellip\"> [\u2026]<\/span><\/p>\n","protected":false},"featured_media":0,"template":"","meta":{"_monsterinsights_skip_tracking":false,"_monsterinsights_sitenote_active":false,"_monsterinsights_sitenote_note":"","_monsterinsights_sitenote_category":0},"product_brand":[],"product_cat":[13590,12337],"product_tag":[],"class_list":{"0":"post-699982","1":"product","2":"type-product","3":"status-publish","5":"product_cat-arastirma-inceleme-politika-siyaset","6":"product_cat-politika-siyaset","7":"pa_cilt-ciltsiz","8":"pa_tur-kitap","9":"pa_yayinevi-ayrinti-yayinlari","10":"pa_yazar-cecile-morrisson","12":"first","13":"instock","14":"sale","15":"shipping-taxable","16":"purchasable","17":"product-type-simple"},"_links":{"self":[{"href":"https:\/\/roveyayinevi.com.tr\/index.php\/wp-json\/wp\/v2\/product\/699982","targetHints":{"allow":["GET"]}}],"collection":[{"href":"https:\/\/roveyayinevi.com.tr\/index.php\/wp-json\/wp\/v2\/product"}],"about":[{"href":"https:\/\/roveyayinevi.com.tr\/index.php\/wp-json\/wp\/v2\/types\/product"}],"wp:attachment":[{"href":"https:\/\/roveyayinevi.com.tr\/index.php\/wp-json\/wp\/v2\/media?parent=699982"}],"wp:term":[{"taxonomy":"product_brand","embeddable":true,"href":"https:\/\/roveyayinevi.com.tr\/index.php\/wp-json\/wp\/v2\/product_brand?post=699982"},{"taxonomy":"product_cat","embeddable":true,"href":"https:\/\/roveyayinevi.com.tr\/index.php\/wp-json\/wp\/v2\/product_cat?post=699982"},{"taxonomy":"product_tag","embeddable":true,"href":"https:\/\/roveyayinevi.com.tr\/index.php\/wp-json\/wp\/v2\/product_tag?post=699982"}],"curies":[{"name":"wp","href":"https:\/\/api.w.org\/{rel}","templated":true}]}}