{"id":699980,"date":"2025-08-27T14:55:06","date_gmt":"2025-08-27T11:55:06","guid":{"rendered":"https:\/\/roveyayinevi.com.tr\/index.php\/urun\/ataturk-butun-eserleri-8\/"},"modified":"2026-04-16T02:09:28","modified_gmt":"2026-04-15T23:09:28","slug":"ataturk-butun-eserleri-8","status":"publish","type":"product","link":"https:\/\/roveyayinevi.com.tr\/index.php\/urun\/ataturk-butun-eserleri-8\/","title":{"rendered":"Atat\u00fcrk &#8211; B\u00fct\u00fcn Eserleri 8"},"content":{"rendered":"<p>\u0130ster bir gen\u00e7lik buhran\u0131, ister bir uyan\u0131\u015f \u00f6yk\u00fcs\u00fc diye okunsun, Atat\u00fcrk, Yakup Kadri Karaosmano\u011flu&#8217;nun Atat\u00fcrk&#8217;\u00fcn g\u00f6lgesinde olu\u015fan benli\u011finin, bu benli\u011fe nas\u0131l kavu\u015ftu\u011funun, k\u0131saca bir kimlik kazan\u0131m\u0131n\u0131n \u00f6yk\u00fcs\u00fcd\u00fcr. Kurtulu\u015f Sava\u015f\u0131 \u00f6ncesinin umutsuzluk duygusuna kar\u015f\u0131 Nietzsche&#8217;nin \u00fcst\u00fcn insan\u0131 gibi bir kahraman arayan Yakup Kadri Karaosmano\u011flu bu kahraman\u0131 Atat\u00fcrk&#8217;te bulmu\u015ftu. Ve kendi tan\u0131mlad\u0131\u011f\u0131 Atat\u00fcrk kavram\u0131 etraf\u0131nda, tarihe, siyasete, felsefeye, Do\u011fu-Bat\u0131 sorunsal\u0131na, uygarl\u0131\u011fa ili\u015fkin d\u00fc\u015f\u00fcncelerini aktard\u0131. Yirminci y\u00fczy\u0131l\u0131n ilk yar\u0131s\u0131nda b\u00fcy\u00fck bir \u00fcretkenlikle dergilere yazd\u0131\u011f\u0131 \u015fiir, \u00f6yk\u00fc, makale ve ele\u015ftri t\u00fcr\u00fc yaz\u0131larla T\u00fcrk edebiyat\u0131 sahnesine ad\u0131m\u0131n\u0131 atan Yakup Kadri Karaosmano\u011flu, romanlar\u0131, hikayeleri, denemeleri, oyunlar\u0131 ve an\u0131lar\u0131yla, en \u00f6nemli edebiyat\u00e7\u0131lar\u0131m\u0131z aras\u0131nda yer al\u0131r. \u00dcslup \u00f6zellikleri bak\u0131m\u0131ndan Yakup Kadri&#8217;nin 1910&#8217;dan 1974&#8217;e dek verdi\u011fi eserler T\u00fcrk\u00e7e&#8217;nin ge\u00e7irdi\u011fi b\u00fct\u00fcn evreleri yans\u0131t\u0131r. Eserlerinin konu ve fikir zenginli\u011fi de dil \u00f6zelliklerinin \u00e7e\u015fitlili\u011finden a\u015fa\u011f\u0131 kalmaz. Yakup Kadri&#8217;nin Frans\u0131z edebiyat\u0131 etkisinde ba\u015flayan yazarl\u0131\u011f\u0131, 1920&#8217;lerden sonra \u00f6zg\u00fcn bir sese kavu\u015farak siyasi ve sosyolojik konulara, tarihe, d\u00f6nem \u00e7at\u0131\u015fmalar\u0131na ve birey psikolojisi irdelemelerine y\u00f6nelir. Fecr-i Ati&#8217;den yeti\u015fmi\u015f ama bunu izleyen elli y\u0131l boyunca toplumsal ko\u015fullar, tarihi s\u00fcre\u00e7ler ve bireysel portreleri roman\u0131n dokusuna i\u015flemek i\u00e7in roman tekni\u011fiyle de bo\u011fu\u015fmu\u015f bir yazar olan Karaosmano\u011flu&#8217;nun eserleri, hala t\u00fcketilmemi\u015f ayr\u0131nt\u0131lar\u0131n\u0131n tart\u0131\u015f\u0131l\u0131p incelenmesi gereken zengin bir &#8220;panoroma&#8221;d\u0131r.<\/p>\n","protected":false},"excerpt":{"rendered":"<p>\u0130ster bir gen\u00e7lik buhran\u0131, ister bir uyan\u0131\u015f \u00f6yk\u00fcs\u00fc diye okunsun, Atat\u00fcrk, Yakup Kadri Karaosmano\u011flu&#8217;nun Atat\u00fcrk&#8217;\u00fcn g\u00f6lgesinde olu\u015fan benli\u011finin, bu benli\u011fe nas\u0131l kavu\u015ftu\u011funun, k\u0131saca bir kimlik kazan\u0131m\u0131n\u0131n<span class=\"excerpt-hellip\"> [\u2026]<\/span><\/p>\n","protected":false},"featured_media":0,"template":"","meta":{"_monsterinsights_skip_tracking":false,"_monsterinsights_sitenote_active":false,"_monsterinsights_sitenote_note":"","_monsterinsights_sitenote_category":0},"product_brand":[],"product_cat":[13946,12304],"product_tag":[],"class_list":{"0":"post-699980","1":"product","2":"type-product","3":"status-publish","5":"product_cat-biyografi-otobiyografi","6":"product_cat-tarih","7":"pa_cilt-ciltsiz","8":"pa_tur-kitap","9":"pa_yayinevi-iletisim-yayinlari","10":"pa_yazar-yakup-kadri-karaosmanoglu","12":"first","13":"instock","14":"sale","15":"shipping-taxable","16":"purchasable","17":"product-type-simple"},"_links":{"self":[{"href":"https:\/\/roveyayinevi.com.tr\/index.php\/wp-json\/wp\/v2\/product\/699980","targetHints":{"allow":["GET"]}}],"collection":[{"href":"https:\/\/roveyayinevi.com.tr\/index.php\/wp-json\/wp\/v2\/product"}],"about":[{"href":"https:\/\/roveyayinevi.com.tr\/index.php\/wp-json\/wp\/v2\/types\/product"}],"wp:attachment":[{"href":"https:\/\/roveyayinevi.com.tr\/index.php\/wp-json\/wp\/v2\/media?parent=699980"}],"wp:term":[{"taxonomy":"product_brand","embeddable":true,"href":"https:\/\/roveyayinevi.com.tr\/index.php\/wp-json\/wp\/v2\/product_brand?post=699980"},{"taxonomy":"product_cat","embeddable":true,"href":"https:\/\/roveyayinevi.com.tr\/index.php\/wp-json\/wp\/v2\/product_cat?post=699980"},{"taxonomy":"product_tag","embeddable":true,"href":"https:\/\/roveyayinevi.com.tr\/index.php\/wp-json\/wp\/v2\/product_tag?post=699980"}],"curies":[{"name":"wp","href":"https:\/\/api.w.org\/{rel}","templated":true}]}}