{"id":699976,"date":"2025-08-27T14:55:05","date_gmt":"2025-08-27T11:55:05","guid":{"rendered":"https:\/\/roveyayinevi.com.tr\/index.php\/urun\/ciftlik-oykuleri-merakli-kedi\/"},"modified":"2026-04-16T02:09:28","modified_gmt":"2026-04-15T23:09:28","slug":"ciftlik-oykuleri-merakli-kedi","status":"publish","type":"product","link":"https:\/\/roveyayinevi.com.tr\/index.php\/urun\/ciftlik-oykuleri-merakli-kedi\/","title":{"rendered":"\u00c7iftlik \u00d6yk\u00fcleri &#8211; Merakl\u0131 Kedi"},"content":{"rendered":"<p>Her \u015fey Hasan Amca&#8217;n\u0131n \u00e7iftli\u011fe hayvan yemi getirmesiyle ba\u015flad\u0131. \u00c7iftlik sakinleri Hasan Amca&#8217;ya yard\u0131m ederken, yaramaz kedi yavrusu Tekir ortadan kayboldu. Her yere bakt\u0131lar, ama minik yavruyu bulamad\u0131lar. Acaba yaramaz kedi nereye gitmi\u015f olabilir? Renkli resimlerle s\u00fcslenmi\u015f harika bir maceran\u0131n anlat\u0131ld\u0131\u011f\u0131 bu e\u011flenceli kitap, okumay\u0131 yeni \u00f6\u011frenen ya da \u00f6\u011frenmeye \u00e7al\u0131\u015fan \u00e7ocuklar i\u00e7in haz\u0131rlanm\u0131\u015ft\u0131r. Ayr\u0131ca g\u00fczel \u00f6yk\u00fcleri seven minikler de bu kitaba bay\u0131lacakt\u0131r. <\/p>\n","protected":false},"excerpt":{"rendered":"<p>Her \u015fey Hasan Amca&#8217;n\u0131n \u00e7iftli\u011fe hayvan yemi getirmesiyle ba\u015flad\u0131. \u00c7iftlik sakinleri Hasan Amca&#8217;ya yard\u0131m ederken, yaramaz kedi yavrusu Tekir ortadan kayboldu. Her yere bakt\u0131lar, ama minik<span class=\"excerpt-hellip\"> [\u2026]<\/span><\/p>\n","protected":false},"featured_media":0,"template":"","meta":{"_monsterinsights_skip_tracking":false,"_monsterinsights_sitenote_active":false,"_monsterinsights_sitenote_note":"","_monsterinsights_sitenote_category":0},"product_brand":[],"product_cat":[12274,12284],"product_tag":[],"class_list":{"0":"post-699976","1":"product","2":"type-product","3":"status-publish","5":"product_cat-cocuk-ve-genclik-kitaplari","6":"product_cat-hikayeler","7":"pa_cilt-ciltsiz","8":"pa_tur-kitap","9":"pa_yayinevi-is-bankasi-kultur-yayinlari","10":"pa_yazar-stephen-cartwright","12":"first","13":"instock","14":"sale","15":"shipping-taxable","16":"purchasable","17":"product-type-simple"},"_links":{"self":[{"href":"https:\/\/roveyayinevi.com.tr\/index.php\/wp-json\/wp\/v2\/product\/699976","targetHints":{"allow":["GET"]}}],"collection":[{"href":"https:\/\/roveyayinevi.com.tr\/index.php\/wp-json\/wp\/v2\/product"}],"about":[{"href":"https:\/\/roveyayinevi.com.tr\/index.php\/wp-json\/wp\/v2\/types\/product"}],"wp:attachment":[{"href":"https:\/\/roveyayinevi.com.tr\/index.php\/wp-json\/wp\/v2\/media?parent=699976"}],"wp:term":[{"taxonomy":"product_brand","embeddable":true,"href":"https:\/\/roveyayinevi.com.tr\/index.php\/wp-json\/wp\/v2\/product_brand?post=699976"},{"taxonomy":"product_cat","embeddable":true,"href":"https:\/\/roveyayinevi.com.tr\/index.php\/wp-json\/wp\/v2\/product_cat?post=699976"},{"taxonomy":"product_tag","embeddable":true,"href":"https:\/\/roveyayinevi.com.tr\/index.php\/wp-json\/wp\/v2\/product_tag?post=699976"}],"curies":[{"name":"wp","href":"https:\/\/api.w.org\/{rel}","templated":true}]}}