{"id":699973,"date":"2025-08-27T14:55:04","date_gmt":"2025-08-27T11:55:04","guid":{"rendered":"https:\/\/roveyayinevi.com.tr\/index.php\/urun\/felaket-henrynin-koku-bombasi\/"},"modified":"2025-10-30T10:05:17","modified_gmt":"2025-10-30T07:05:17","slug":"felaket-henrynin-koku-bombasi","status":"publish","type":"product","link":"https:\/\/roveyayinevi.com.tr\/index.php\/urun\/felaket-henrynin-koku-bombasi\/","title":{"rendered":"Felaket Henry&#8217;nin Koku Bombas\u0131"},"content":{"rendered":"<p>Haylaz m\u0131 haylaz&#8230;  Yaramaz m\u0131 yaramaz&#8230;  \u0130\u015fte Felaket Henry&#8230;  Yine tad\u0131na doyulmaz bir Felaket Henry maceras\u0131. Bakal\u0131m bu sefer Henry bizi hangi maceralara s\u00fcr\u00fckleyecek? Felaket Henry\u2019nin eline bir koku bombas\u0131 ge\u00e7erse neler yapmaz ki&#8230; Okuyup beraber <\/p>\n","protected":false},"excerpt":{"rendered":"<p>Haylaz m\u0131 haylaz&#8230; Yaramaz m\u0131 yaramaz&#8230; \u0130\u015fte Felaket Henry&#8230; Yine tad\u0131na doyulmaz bir Felaket Henry maceras\u0131. Bakal\u0131m bu sefer Henry bizi hangi maceralara s\u00fcr\u00fckleyecek? Felaket Henry\u2019nin<span class=\"excerpt-hellip\"> [\u2026]<\/span><\/p>\n","protected":false},"featured_media":0,"template":"","meta":{"_monsterinsights_skip_tracking":false,"_monsterinsights_sitenote_active":false,"_monsterinsights_sitenote_note":"","_monsterinsights_sitenote_category":0},"product_brand":[],"product_cat":[12274,12284],"product_tag":[],"class_list":{"0":"post-699973","1":"product","2":"type-product","3":"status-publish","5":"product_cat-cocuk-ve-genclik-kitaplari","6":"product_cat-hikayeler","7":"pa_cilt-ciltsiz","8":"pa_tur-kitap","9":"pa_yayinevi-iletisim-yayinlari","10":"pa_yazar-francesca-simon","12":"first","13":"instock","14":"sale","15":"shipping-taxable","16":"purchasable","17":"product-type-simple"},"_links":{"self":[{"href":"https:\/\/roveyayinevi.com.tr\/index.php\/wp-json\/wp\/v2\/product\/699973","targetHints":{"allow":["GET"]}}],"collection":[{"href":"https:\/\/roveyayinevi.com.tr\/index.php\/wp-json\/wp\/v2\/product"}],"about":[{"href":"https:\/\/roveyayinevi.com.tr\/index.php\/wp-json\/wp\/v2\/types\/product"}],"wp:attachment":[{"href":"https:\/\/roveyayinevi.com.tr\/index.php\/wp-json\/wp\/v2\/media?parent=699973"}],"wp:term":[{"taxonomy":"product_brand","embeddable":true,"href":"https:\/\/roveyayinevi.com.tr\/index.php\/wp-json\/wp\/v2\/product_brand?post=699973"},{"taxonomy":"product_cat","embeddable":true,"href":"https:\/\/roveyayinevi.com.tr\/index.php\/wp-json\/wp\/v2\/product_cat?post=699973"},{"taxonomy":"product_tag","embeddable":true,"href":"https:\/\/roveyayinevi.com.tr\/index.php\/wp-json\/wp\/v2\/product_tag?post=699973"}],"curies":[{"name":"wp","href":"https:\/\/api.w.org\/{rel}","templated":true}]}}