{"id":699972,"date":"2025-08-27T14:55:04","date_gmt":"2025-08-27T11:55:04","guid":{"rendered":"https:\/\/roveyayinevi.com.tr\/index.php\/urun\/yurekli-robot-rowni-2-kelebek-dansi\/"},"modified":"2026-04-16T02:09:28","modified_gmt":"2026-04-15T23:09:28","slug":"yurekli-robot-rowni-2-kelebek-dansi","status":"publish","type":"product","link":"https:\/\/roveyayinevi.com.tr\/index.php\/urun\/yurekli-robot-rowni-2-kelebek-dansi\/","title":{"rendered":"Y\u00fcrekli Robot Rowni 2 : Kelebek Dans\u0131"},"content":{"rendered":"<p>2049 y\u0131l\u0131nda \u0130stanbul&#8217;da ya\u015fayan on bir ya\u015f\u0131ndaki kahraman\u0131m\u0131z Mert o y\u0131llarda \u00e7ok pop\u00fcler olan d\u00f6v\u00fc\u015f\u00e7\u00fc robot hayran\u0131d\u0131r. En b\u00fcy\u00fck hayali ise bir g\u00fcn kendisine ait d\u00f6v\u00fcc\u00fc robotu olmas\u0131d\u0131r. Ancak bunun bir hayalden \u00f6teye ge\u00e7meyece\u011finin de fark\u0131ndad\u0131r. \u00c7\u00fcnk\u00fc d\u00f6v\u00fc\u015f\u00e7\u00fc robotlara sahip olmak i\u00e7in \u00e7uval dolusu paraya ihtiya\u00e7 vard\u0131r. Ama bir g\u00fcn hi\u00e7 beklemedi\u011fi \u015feyler olur ve&#8230; Macera tamda bundan sonra ba\u015flar. Tek hayali d\u00f6v\u00fc\u015f\u00e7\u00fc bir robota sahip olmak olan k\u00fc\u00e7\u00fck bir \u00e7ocuk&#8230; Hurdal\u0131\u011f\u0131 boylamak \u00fczere yola \u00e7\u0131kan paslanm\u0131\u015f eski bir robot&#8230; \u0130ki \u00e7\u0131lg\u0131n\u0131 kader bir araya getirseydi kim bilir neler olurdu&#8230; K\u00fc\u00e7\u00fck bir \u00e7ocukla d\u00f6v\u00fc\u015f\u00e7\u00fc bir robotun m\u00fcthi\u015f maceralar\u0131&#8230;Ve kar\u015f\u0131n\u0131zda Y\u00fcrekli Robot Rowni 2 &#8211; Kelebek Dans\u0131<\/p>\n","protected":false},"excerpt":{"rendered":"<p>2049 y\u0131l\u0131nda \u0130stanbul&#8217;da ya\u015fayan on bir ya\u015f\u0131ndaki kahraman\u0131m\u0131z Mert o y\u0131llarda \u00e7ok pop\u00fcler olan d\u00f6v\u00fc\u015f\u00e7\u00fc robot hayran\u0131d\u0131r. En b\u00fcy\u00fck hayali ise bir g\u00fcn kendisine ait d\u00f6v\u00fcc\u00fc<span class=\"excerpt-hellip\"> [\u2026]<\/span><\/p>\n","protected":false},"featured_media":0,"template":"","meta":{"_monsterinsights_skip_tracking":false,"_monsterinsights_sitenote_active":false,"_monsterinsights_sitenote_note":"","_monsterinsights_sitenote_category":0},"product_brand":[],"product_cat":[12644,12274],"product_tag":[],"class_list":{"0":"post-699972","1":"product","2":"type-product","3":"status-publish","5":"product_cat-boyama-kitaplari","6":"product_cat-cocuk-ve-genclik-kitaplari","7":"pa_cilt-ciltsiz","8":"pa_tur-kitap","9":"pa_yayinevi-pinus-kitap","10":"pa_yazar-erkan-iseri","12":"first","13":"instock","14":"sale","15":"shipping-taxable","16":"purchasable","17":"product-type-simple"},"_links":{"self":[{"href":"https:\/\/roveyayinevi.com.tr\/index.php\/wp-json\/wp\/v2\/product\/699972","targetHints":{"allow":["GET"]}}],"collection":[{"href":"https:\/\/roveyayinevi.com.tr\/index.php\/wp-json\/wp\/v2\/product"}],"about":[{"href":"https:\/\/roveyayinevi.com.tr\/index.php\/wp-json\/wp\/v2\/types\/product"}],"wp:attachment":[{"href":"https:\/\/roveyayinevi.com.tr\/index.php\/wp-json\/wp\/v2\/media?parent=699972"}],"wp:term":[{"taxonomy":"product_brand","embeddable":true,"href":"https:\/\/roveyayinevi.com.tr\/index.php\/wp-json\/wp\/v2\/product_brand?post=699972"},{"taxonomy":"product_cat","embeddable":true,"href":"https:\/\/roveyayinevi.com.tr\/index.php\/wp-json\/wp\/v2\/product_cat?post=699972"},{"taxonomy":"product_tag","embeddable":true,"href":"https:\/\/roveyayinevi.com.tr\/index.php\/wp-json\/wp\/v2\/product_tag?post=699972"}],"curies":[{"name":"wp","href":"https:\/\/api.w.org\/{rel}","templated":true}]}}