{"id":699966,"date":"2025-08-27T14:55:02","date_gmt":"2025-08-27T11:55:02","guid":{"rendered":"https:\/\/roveyayinevi.com.tr\/index.php\/urun\/hayatin-anlami-ve-psikoterapi\/"},"modified":"2026-04-16T02:09:28","modified_gmt":"2026-04-15T23:09:28","slug":"hayatin-anlami-ve-psikoterapi","status":"publish","type":"product","link":"https:\/\/roveyayinevi.com.tr\/index.php\/urun\/hayatin-anlami-ve-psikoterapi\/","title":{"rendered":"Hayat\u0131n Anlam\u0131 ve Psikoterapi"},"content":{"rendered":"<p>Hayat\u0131n anlam\u0131na sars\u0131lmaz bir inan\u00e7la sar\u0131lan bu kitapta Viktor E. Frankl, hayat\u0131n, d\u00fcnyan\u0131n, varolu\u015fun anlam\u0131n\u0131 kavrayamamas\u0131 sonucu insan\u0131n i\u00e7ine yuvarland\u0131\u011f\u0131, intihara s\u00fcr\u00fckleyebilen umutsuzluk ve \u00e7aresizli\u011fe \u00e7\u00f6z\u00fcm getirmeye \u00e7al\u0131\u015f\u0131yor. Frankl\u2019a g\u00f6re \u00e7\u00f6z\u00fcm ya da terapi hayat\u0131n somut ger\u00e7ekli\u011fi i\u00e7inde anlam\u0131 bulmaktan ge\u00e7iyor; ac\u0131n\u0131n, umutsuzlu\u011fun, hastal\u0131\u011f\u0131n ve \u00f6l\u00fcm\u00fcn bu anlam in\u015fas\u0131ndaki i\u015flevini ve yerini ink\u00e2r etmekten ka\u00e7\u0131nmam\u0131z gerekiyor. Anlam, somut hayat\u0131n i\u00e7inde, hayat\u0131n, kendisine sorulan sorulara verdi\u011fi cevapt\u0131r. Naziler taraf\u0131ndan toplama kamplar\u0131na kapat\u0131lan ve ailesini gaz odalar\u0131nda kaybeden Frankl, bu u\u00e7urumun en dip noktas\u0131nda bile anlam\u0131n yok edilmez insan \u00f6zg\u00fcrl\u00fc\u011f\u00fcn\u00fcn bir par\u00e7as\u0131 olarak nas\u0131l direni\u015fe destek verdi\u011fini ak\u0131c\u0131 bir dille anlat\u0131yor. Okur bu kitapta bir terapi felsefesi bulacak. Yormayan ama iddial\u0131 bir felsefe bu. <\/p>\n","protected":false},"excerpt":{"rendered":"<p>Hayat\u0131n anlam\u0131na sars\u0131lmaz bir inan\u00e7la sar\u0131lan bu kitapta Viktor E. Frankl, hayat\u0131n, d\u00fcnyan\u0131n, varolu\u015fun anlam\u0131n\u0131 kavrayamamas\u0131 sonucu insan\u0131n i\u00e7ine yuvarland\u0131\u011f\u0131, intihara s\u00fcr\u00fckleyebilen umutsuzluk ve \u00e7aresizli\u011fe \u00e7\u00f6z\u00fcm<span class=\"excerpt-hellip\"> [\u2026]<\/span><\/p>\n","protected":false},"featured_media":0,"template":"","meta":{"_monsterinsights_skip_tracking":false,"_monsterinsights_sitenote_active":false,"_monsterinsights_sitenote_note":"","_monsterinsights_sitenote_category":0},"product_brand":[],"product_cat":[13772,12364],"product_tag":[],"class_list":{"0":"post-699966","1":"product","2":"type-product","3":"status-publish","5":"product_cat-basvuru-kitaplari","6":"product_cat-genel-konular","7":"pa_cilt-ciltsiz","8":"pa_tur-kitap","9":"pa_yayinevi-say-yayinlari","10":"pa_yazar-viktor-e-frankl","12":"first","13":"instock","14":"sale","15":"shipping-taxable","16":"purchasable","17":"product-type-simple"},"_links":{"self":[{"href":"https:\/\/roveyayinevi.com.tr\/index.php\/wp-json\/wp\/v2\/product\/699966","targetHints":{"allow":["GET"]}}],"collection":[{"href":"https:\/\/roveyayinevi.com.tr\/index.php\/wp-json\/wp\/v2\/product"}],"about":[{"href":"https:\/\/roveyayinevi.com.tr\/index.php\/wp-json\/wp\/v2\/types\/product"}],"wp:attachment":[{"href":"https:\/\/roveyayinevi.com.tr\/index.php\/wp-json\/wp\/v2\/media?parent=699966"}],"wp:term":[{"taxonomy":"product_brand","embeddable":true,"href":"https:\/\/roveyayinevi.com.tr\/index.php\/wp-json\/wp\/v2\/product_brand?post=699966"},{"taxonomy":"product_cat","embeddable":true,"href":"https:\/\/roveyayinevi.com.tr\/index.php\/wp-json\/wp\/v2\/product_cat?post=699966"},{"taxonomy":"product_tag","embeddable":true,"href":"https:\/\/roveyayinevi.com.tr\/index.php\/wp-json\/wp\/v2\/product_tag?post=699966"}],"curies":[{"name":"wp","href":"https:\/\/api.w.org\/{rel}","templated":true}]}}