{"id":699962,"date":"2025-08-27T14:55:01","date_gmt":"2025-08-27T11:55:01","guid":{"rendered":"https:\/\/roveyayinevi.com.tr\/index.php\/urun\/inancin-en-guzel-tarihi\/"},"modified":"2026-04-16T02:09:28","modified_gmt":"2026-04-15T23:09:28","slug":"inancin-en-guzel-tarihi","status":"publish","type":"product","link":"https:\/\/roveyayinevi.com.tr\/index.php\/urun\/inancin-en-guzel-tarihi\/","title":{"rendered":"\u0130nanc\u0131n En G\u00fczel Tarihi"},"content":{"rendered":"<p>Tektanr\u0131c\u0131l\u0131k ne zaman ve nas\u0131l ba\u015flad\u0131? Nuh, \u0130brahim, Musa ve \u0130sa peygamberler hangi y\u00f6nleriyle kutsal kelam\u0131n el\u00e7isi olmu\u015flard\u0131? \u0130nanc\u0131n En G\u00fczel Tarihi\u2019nde yakla\u015f\u0131k 3300 y\u0131l \u00f6nce Ortado\u011fu\u2019da ortaya \u00e7\u0131kan tektanr\u0131 inanc\u0131 ve bu inanc\u0131n \u00f6zellikle ilk iki b\u00fcy\u00fck din ba\u011flam\u0131nda ge\u00e7irdi\u011fi evrelerin \u00f6yk\u00fcs\u00fc anlat\u0131l\u0131yor. Bu \u00f6yk\u00fcy\u00fc okurken, insan \u0131n bazen s\u0131\u011f\u0131nma, bazen \u00fcrkme, bazen de dilek ve \u015fik\u00e2yetlerle ba\u015fvurma ihtiyac\u0131yla ba\u011fl\u0131l\u0131k duydu\u011fu Tanr\u0131 fikrinin nas\u0131l olu\u015ftu\u011funa da tan\u0131kl\u0131k edeceksiniz. \ufffc<\/p>\n","protected":false},"excerpt":{"rendered":"<p>Tektanr\u0131c\u0131l\u0131k ne zaman ve nas\u0131l ba\u015flad\u0131? Nuh, \u0130brahim, Musa ve \u0130sa peygamberler hangi y\u00f6nleriyle kutsal kelam\u0131n el\u00e7isi olmu\u015flard\u0131? \u0130nanc\u0131n En G\u00fczel Tarihi\u2019nde yakla\u015f\u0131k 3300 y\u0131l \u00f6nce<span class=\"excerpt-hellip\"> [\u2026]<\/span><\/p>\n","protected":false},"featured_media":0,"template":"","meta":{"_monsterinsights_skip_tracking":false,"_monsterinsights_sitenote_active":false,"_monsterinsights_sitenote_note":"","_monsterinsights_sitenote_category":0},"product_brand":[],"product_cat":[12718,12858],"product_tag":[],"class_list":{"0":"post-699962","1":"product","2":"type-product","3":"status-publish","5":"product_cat-din","6":"product_cat-mitolojiler","7":"pa_cilt-ciltsiz","8":"pa_tur-kitap","9":"pa_yayinevi-is-bankasi-kultur-yayinlari","10":"pa_yazar-jean-bottero","12":"first","13":"instock","14":"sale","15":"shipping-taxable","16":"purchasable","17":"product-type-simple"},"_links":{"self":[{"href":"https:\/\/roveyayinevi.com.tr\/index.php\/wp-json\/wp\/v2\/product\/699962","targetHints":{"allow":["GET"]}}],"collection":[{"href":"https:\/\/roveyayinevi.com.tr\/index.php\/wp-json\/wp\/v2\/product"}],"about":[{"href":"https:\/\/roveyayinevi.com.tr\/index.php\/wp-json\/wp\/v2\/types\/product"}],"wp:attachment":[{"href":"https:\/\/roveyayinevi.com.tr\/index.php\/wp-json\/wp\/v2\/media?parent=699962"}],"wp:term":[{"taxonomy":"product_brand","embeddable":true,"href":"https:\/\/roveyayinevi.com.tr\/index.php\/wp-json\/wp\/v2\/product_brand?post=699962"},{"taxonomy":"product_cat","embeddable":true,"href":"https:\/\/roveyayinevi.com.tr\/index.php\/wp-json\/wp\/v2\/product_cat?post=699962"},{"taxonomy":"product_tag","embeddable":true,"href":"https:\/\/roveyayinevi.com.tr\/index.php\/wp-json\/wp\/v2\/product_tag?post=699962"}],"curies":[{"name":"wp","href":"https:\/\/api.w.org\/{rel}","templated":true}]}}