{"id":699960,"date":"2025-08-27T14:55:01","date_gmt":"2025-08-27T11:55:01","guid":{"rendered":"https:\/\/roveyayinevi.com.tr\/index.php\/urun\/felaket-henrynin-dogum-gunu-partisi\/"},"modified":"2026-03-05T02:15:19","modified_gmt":"2026-03-04T23:15:19","slug":"felaket-henrynin-dogum-gunu-partisi","status":"publish","type":"product","link":"https:\/\/roveyayinevi.com.tr\/index.php\/urun\/felaket-henrynin-dogum-gunu-partisi\/","title":{"rendered":"Felaket Henry&#8217;nin Do\u011fum G\u00fcn\u00fc Partisi"},"content":{"rendered":"<p>Yaramazl\u0131\u011f\u0131n kitab\u0131n\u0131 yazm\u0131\u015f bir d\u00fcnyalar h\u00e2kimi&#8230;Kar\u015f\u0131n\u0131zda Ekselanslar\u0131 Majeste Kral Felaket Henry!Felaket Henry yakla\u015fan do\u011fum g\u00fcn\u00fc i\u00e7in \u00e7ok heyecanl\u0131yd\u0131. Bu y\u0131l do\u011fum g\u00fcn\u00fc partisini Lazer Zap\u2019ta kutlamak istiyordu.Ancak Henry\u2019nin do\u011fum g\u00fcnleri her y\u0131l felaketle sonu\u00e7land\u0131\u011f\u0131 i\u00e7in, Anne ile Baba bu kez ipleri eline almaya kararl\u0131yd\u0131. Acaba Felaket Henry s\u0131k\u0131c\u0131 anne babas\u0131n\u0131n kurnaz planlar\u0131n\u0131 alt etmenin bir yolunu bulabilecek miydi? <\/p>\n","protected":false},"excerpt":{"rendered":"<p>Yaramazl\u0131\u011f\u0131n kitab\u0131n\u0131 yazm\u0131\u015f bir d\u00fcnyalar h\u00e2kimi&#8230;Kar\u015f\u0131n\u0131zda Ekselanslar\u0131 Majeste Kral Felaket Henry!Felaket Henry yakla\u015fan do\u011fum g\u00fcn\u00fc i\u00e7in \u00e7ok heyecanl\u0131yd\u0131. Bu y\u0131l do\u011fum g\u00fcn\u00fc partisini Lazer Zap\u2019ta kutlamak<span class=\"excerpt-hellip\"> [\u2026]<\/span><\/p>\n","protected":false},"featured_media":0,"template":"","meta":{"_monsterinsights_skip_tracking":false,"_monsterinsights_sitenote_active":false,"_monsterinsights_sitenote_note":"","_monsterinsights_sitenote_category":0},"product_brand":[],"product_cat":[12274,12284],"product_tag":[],"class_list":{"0":"post-699960","1":"product","2":"type-product","3":"status-publish","5":"product_cat-cocuk-ve-genclik-kitaplari","6":"product_cat-hikayeler","7":"pa_cilt-ciltsiz","8":"pa_tur-kitap","9":"pa_yayinevi-iletisim-yayinlari","10":"pa_yazar-francesca-simon","12":"first","13":"instock","14":"sale","15":"shipping-taxable","16":"purchasable","17":"product-type-simple"},"_links":{"self":[{"href":"https:\/\/roveyayinevi.com.tr\/index.php\/wp-json\/wp\/v2\/product\/699960","targetHints":{"allow":["GET"]}}],"collection":[{"href":"https:\/\/roveyayinevi.com.tr\/index.php\/wp-json\/wp\/v2\/product"}],"about":[{"href":"https:\/\/roveyayinevi.com.tr\/index.php\/wp-json\/wp\/v2\/types\/product"}],"wp:attachment":[{"href":"https:\/\/roveyayinevi.com.tr\/index.php\/wp-json\/wp\/v2\/media?parent=699960"}],"wp:term":[{"taxonomy":"product_brand","embeddable":true,"href":"https:\/\/roveyayinevi.com.tr\/index.php\/wp-json\/wp\/v2\/product_brand?post=699960"},{"taxonomy":"product_cat","embeddable":true,"href":"https:\/\/roveyayinevi.com.tr\/index.php\/wp-json\/wp\/v2\/product_cat?post=699960"},{"taxonomy":"product_tag","embeddable":true,"href":"https:\/\/roveyayinevi.com.tr\/index.php\/wp-json\/wp\/v2\/product_tag?post=699960"}],"curies":[{"name":"wp","href":"https:\/\/api.w.org\/{rel}","templated":true}]}}