{"id":699952,"date":"2025-08-27T14:54:58","date_gmt":"2025-08-27T11:54:58","guid":{"rendered":"https:\/\/roveyayinevi.com.tr\/index.php\/urun\/hirsiz-ve-kopekler\/"},"modified":"2026-04-16T02:09:28","modified_gmt":"2026-04-15T23:09:28","slug":"hirsiz-ve-kopekler","status":"publish","type":"product","link":"https:\/\/roveyayinevi.com.tr\/index.php\/urun\/hirsiz-ve-kopekler\/","title":{"rendered":"H\u0131rs\u0131z ve K\u00f6pekler"},"content":{"rendered":"<p>H\u0131rs\u0131z ve K\u00f6pekler en yak\u0131nlar\u0131n\u0131n ihanetine u\u011fray\u0131p hapse d\u00fc\u015fm\u00fc\u015f Said\u2019in intikam hayalleriyle hapisten \u00e7\u0131k\u0131\u015f\u0131n\u0131n hik\u00e2yesi. Said hem pe\u015finde polis k\u00f6pekleri olan bir su\u00e7lu hem de siyasi fikirlerinden sapanlar taraf\u0131ndan aldat\u0131lan bir kurband\u0131r. Adaleti sa\u011flamaya ve ne pahas\u0131na olursa olsun d\u00fc\u015fmanlar\u0131n\u0131 yok etmeye kararl\u0131d\u0131r. \ufffcTan\u0131t\u0131m Metni<\/p>\n","protected":false},"excerpt":{"rendered":"<p>H\u0131rs\u0131z ve K\u00f6pekler en yak\u0131nlar\u0131n\u0131n ihanetine u\u011fray\u0131p hapse d\u00fc\u015fm\u00fc\u015f Said\u2019in intikam hayalleriyle hapisten \u00e7\u0131k\u0131\u015f\u0131n\u0131n hik\u00e2yesi. Said hem pe\u015finde polis k\u00f6pekleri olan bir su\u00e7lu hem de siyasi<span class=\"excerpt-hellip\"> [\u2026]<\/span><\/p>\n","protected":false},"featured_media":0,"template":"","meta":{"_monsterinsights_skip_tracking":false,"_monsterinsights_sitenote_active":false,"_monsterinsights_sitenote_note":"","_monsterinsights_sitenote_category":0},"product_brand":[],"product_cat":[12291,12711],"product_tag":[],"class_list":{"0":"post-699952","1":"product","2":"type-product","3":"status-publish","5":"product_cat-edebiyat","6":"product_cat-roman-oyku","7":"pa_tur-kitap","8":"pa_yayinevi-kirmizi-kedi-yayinevi","9":"pa_yazar-necib-mahfuz","11":"first","12":"instock","13":"sale","14":"shipping-taxable","15":"purchasable","16":"product-type-simple"},"_links":{"self":[{"href":"https:\/\/roveyayinevi.com.tr\/index.php\/wp-json\/wp\/v2\/product\/699952","targetHints":{"allow":["GET"]}}],"collection":[{"href":"https:\/\/roveyayinevi.com.tr\/index.php\/wp-json\/wp\/v2\/product"}],"about":[{"href":"https:\/\/roveyayinevi.com.tr\/index.php\/wp-json\/wp\/v2\/types\/product"}],"wp:attachment":[{"href":"https:\/\/roveyayinevi.com.tr\/index.php\/wp-json\/wp\/v2\/media?parent=699952"}],"wp:term":[{"taxonomy":"product_brand","embeddable":true,"href":"https:\/\/roveyayinevi.com.tr\/index.php\/wp-json\/wp\/v2\/product_brand?post=699952"},{"taxonomy":"product_cat","embeddable":true,"href":"https:\/\/roveyayinevi.com.tr\/index.php\/wp-json\/wp\/v2\/product_cat?post=699952"},{"taxonomy":"product_tag","embeddable":true,"href":"https:\/\/roveyayinevi.com.tr\/index.php\/wp-json\/wp\/v2\/product_tag?post=699952"}],"curies":[{"name":"wp","href":"https:\/\/api.w.org\/{rel}","templated":true}]}}