{"id":699949,"date":"2025-08-27T14:54:57","date_gmt":"2025-08-27T11:54:57","guid":{"rendered":"https:\/\/roveyayinevi.com.tr\/index.php\/urun\/doga-tarihi\/"},"modified":"2026-04-16T02:09:28","modified_gmt":"2026-04-15T23:09:28","slug":"doga-tarihi","status":"publish","type":"product","link":"https:\/\/roveyayinevi.com.tr\/index.php\/urun\/doga-tarihi\/","title":{"rendered":"Do\u011fa Tarihi"},"content":{"rendered":"<p>D\u00fcnyan\u0131n kendi etraf\u0131nda d\u00f6nmedi\u011fini hissetti\u011fi an pani\u011fe kap\u0131l\u0131veriyordu Do\u011fa. \u0130\u00e7inde bulundu\u011fu i\u015f ortam\u0131 da bu pani\u011fi ac\u0131mas\u0131zca k\u00f6p\u00fcrt\u00fcyordu. Hep merkezde olmal\u0131yd\u0131. Hep farkl\u0131 olmal\u0131yd\u0131. Fark\u0131 fark edilmeliydi. Kalitesi g\u00f6zle g\u00f6r\u00fclmeliydi. Kesintisiz olarak arzulanmal\u0131yd\u0131. \u0130\u015ftah, takdir ve k\u0131skan\u00e7l\u0131k dolu g\u00f6zler hep \u00fczerinde olmal\u0131yd\u0131. Y\u0131llar sonra sa\u011fda solda k\u00fc\u00e7\u00fck adamlar\u0131n belirmeye ba\u015flamas\u0131 da bu tak\u0131nt\u0131n\u0131n eseri olacakt\u0131.Do\u011fa, 420 ayl\u0131k bir bebekti. Pembemsi. Lacivert lensli. Il\u0131k kokulu. G\u00f6\u011f\u00fcslerine silikon yapt\u0131rsa m\u0131yd\u0131? Site g\u00fcvenli\u011finin yan\u0131ndan yava\u015flayarak ge\u00e7iyordu. \u201cEtiniz nas\u0131l pi\u015fsin Do\u011fa Han\u0131m?\u201d Plazan\u0131n eksi yedinci kat\u0131nda yar\u0131 \u0130ngilizce yar\u0131 T\u00fcrk\u00e7e PowerPoint sunumu yap\u0131yordu. Cafe Jungle. Londra. Sepultura ti\u015f\u00f6rt\u00fc. Elektronik s igara. Do\u011fa&#8217;n\u0131n en sevdi\u011fi mevsim, yazd\u0131. Facebook\u2019ta yorumlar \u00e7ook g\u00fczeldi. Do\u011fa, &#8221;b omba gibiydi&#8221;. Alev olmasa, \u015fu k\u00fc\u00e7\u00fck k\u0131r\u0131\u015f\u0131kl\u0131klar, Onur ve di\u011fer metal turnikeler&#8230;Hakan B\u0131\u00e7akc\u0131, metropol tekinsizli\u011fine bu defa bir kad\u0131n\u0131n g\u00f6z\u00fcnden bak\u0131yor. Rekabetin, te\u015fhirin, g\u00fczel ve mutlu g\u00f6r\u00fcnmenin dayan\u0131lmaz bask\u0131s\u0131n\u0131 Do\u011fa\u2019yla resmediyor.Do\u011fa Tarihi, plaza-site-al\u0131\u015fveri\u015f merkezi \u00fc\u00e7geninde s\u0131k\u0131\u015fm\u0131\u015f hayatlar\u0131 anlatan, g\u00fcn\u00fcm\u00fczde ge\u00e7en bir distopya. <\/p>\n","protected":false},"excerpt":{"rendered":"<p>D\u00fcnyan\u0131n kendi etraf\u0131nda d\u00f6nmedi\u011fini hissetti\u011fi an pani\u011fe kap\u0131l\u0131veriyordu Do\u011fa. \u0130\u00e7inde bulundu\u011fu i\u015f ortam\u0131 da bu pani\u011fi ac\u0131mas\u0131zca k\u00f6p\u00fcrt\u00fcyordu. Hep merkezde olmal\u0131yd\u0131. Hep farkl\u0131 olmal\u0131yd\u0131. Fark\u0131 fark<span class=\"excerpt-hellip\"> [\u2026]<\/span><\/p>\n","protected":false},"featured_media":0,"template":"","meta":{"_monsterinsights_skip_tracking":false,"_monsterinsights_sitenote_active":false,"_monsterinsights_sitenote_note":"","_monsterinsights_sitenote_category":0},"product_brand":[],"product_cat":[12291,12292],"product_tag":[],"class_list":{"0":"post-699949","1":"product","2":"type-product","3":"status-publish","5":"product_cat-edebiyat","6":"product_cat-turk-edebiyati","7":"pa_cilt-ciltsiz","8":"pa_tur-kitap","9":"pa_yayinevi-iletisim-yayinlari","10":"pa_yazar-hakan-bicakci","12":"first","13":"instock","14":"sale","15":"shipping-taxable","16":"purchasable","17":"product-type-simple"},"_links":{"self":[{"href":"https:\/\/roveyayinevi.com.tr\/index.php\/wp-json\/wp\/v2\/product\/699949","targetHints":{"allow":["GET"]}}],"collection":[{"href":"https:\/\/roveyayinevi.com.tr\/index.php\/wp-json\/wp\/v2\/product"}],"about":[{"href":"https:\/\/roveyayinevi.com.tr\/index.php\/wp-json\/wp\/v2\/types\/product"}],"wp:attachment":[{"href":"https:\/\/roveyayinevi.com.tr\/index.php\/wp-json\/wp\/v2\/media?parent=699949"}],"wp:term":[{"taxonomy":"product_brand","embeddable":true,"href":"https:\/\/roveyayinevi.com.tr\/index.php\/wp-json\/wp\/v2\/product_brand?post=699949"},{"taxonomy":"product_cat","embeddable":true,"href":"https:\/\/roveyayinevi.com.tr\/index.php\/wp-json\/wp\/v2\/product_cat?post=699949"},{"taxonomy":"product_tag","embeddable":true,"href":"https:\/\/roveyayinevi.com.tr\/index.php\/wp-json\/wp\/v2\/product_tag?post=699949"}],"curies":[{"name":"wp","href":"https:\/\/api.w.org\/{rel}","templated":true}]}}