{"id":699948,"date":"2025-08-27T14:54:57","date_gmt":"2025-08-27T11:54:57","guid":{"rendered":"https:\/\/roveyayinevi.com.tr\/index.php\/urun\/penisin-sekli-neden-oyle\/"},"modified":"2026-03-23T02:10:37","modified_gmt":"2026-03-22T23:10:37","slug":"penisin-sekli-neden-oyle","status":"publish","type":"product","link":"https:\/\/roveyayinevi.com.tr\/index.php\/urun\/penisin-sekli-neden-oyle\/","title":{"rendered":"Penisin \u015eekli Neden \u00d6yle?"},"content":{"rendered":"<p>Penisin \u015eekli Neden \u00d6yle? kitab\u0131nda Jesse Bering bizi insan do\u011fas\u0131n\u0131n en uzak noktalar\u0131na \u00e7arp\u0131c\u0131 ve b\u00fcy\u00fcleyici bir yolculu\u011fa \u00e7\u0131kar\u0131yor. E\u011fer daha \u00f6nce siz de&#8230;-  Baz\u0131 insanlar\u0131n hayvanlar\u0131 neden bu kadar seksi buldu\u011funu-  Testislerin neden bu kadar savunmas\u0131z bir b\u00f6lgede oldu\u011funu-  Yamyamlar\u0131n yediklerini neden bu kadar lezzetli buldu\u011funu-  \u201c\u00d6zg\u00fcr irade\u201dnin ger\u00e7ekten var olup olmad\u0131\u011f\u0131n\u0131-   Penisin \u015feklinin neden \u00f6yle oldu\u011funu&#8230; merak ettiyseniz, o zaman bu kitap tam size g\u00f6re.\u201cJesse Bering, Helen Fisher ve Oliver Sacks\u2019in d\u00fc\u015f\u00fcnsel birlikteliklerinin bir \u00fcr\u00fcn\u00fc gibi ve Penisin \u015eekli Neden \u00d6yle? zek\u00e2 dolu, e\u011fitici, tutkulu ve olduk\u00e7a e\u011flenceli bir bi\u00e7imde edepsiz.\u201d\u2013Amy Dickinson, New York Times \u00e7ok-satan yazar\u0131 ve National Public Radio sunucusu.\u201cKeyifle okunan Jesse Bering bilimsel makalelerin Hunter S. Thompson\u2019\u0131d\u0131r \u2013 e\u011flenceli, zeki ve \u00e7\u0131lg\u0131nca provokatif.\u201d \u2013Paul Bloom, Psikoloji Profes\u00f6r\u00fc, Yale \u00dcniversitesi ve How Pleasure Works kitab\u0131n\u0131n yazar\u0131.\u201cJesse Bering ustaca yaz\u0131lm\u0131\u015f, hayran b\u0131rakt\u0131racak \u00f6l\u00e7\u00fcde e\u011fitici ve durmak bilmez bir e\u011flence vaat eden yeni kitab\u0131nda b\u00fct\u00fcn kutsal de\u011ferlere dokunduruyor&#8230; O kadar komik ki elinizden b\u0131rakman\u0131z imk\u00e2ns\u0131z.\u201d\u2013Violet Blue, \u00f6d\u00fcll\u00fc yazar ve seks e\u011fitmeni.\u201cE\u011fer David Sedaris deneysel psikolog olsayd\u0131 bunlara \u00e7ok benzer makaleler yaz\u0131yor olurdu. Bering\u2019in bilimsel bilgisinin, espri anlay\u0131\u015f\u0131n\u0131n, entelekt\u00fcel cesaretinin ve kusursuz yaz\u0131nsal yetene\u011finin e\u015fsiz kar\u0131\u015f\u0131m\u0131 hemen fark ediliyor; kimse Bering\u2019in yazd\u0131\u011f\u0131 gibi yazamaz. Bu kitab\u0131 okuyun. \u00d6\u011freneceksiniz, g\u00fcleceksiniz ve sonra biraz daha \u00f6\u011freneceksiniz.\u201d\u2013Christopher Ryan, New York Times \u00e7oksatan\u0131 Sex at Dawn kitab\u0131n\u0131n yazarlar\u0131ndan.<\/p>\n","protected":false},"excerpt":{"rendered":"<p>Penisin \u015eekli Neden \u00d6yle? kitab\u0131nda Jesse Bering bizi insan do\u011fas\u0131n\u0131n en uzak noktalar\u0131na \u00e7arp\u0131c\u0131 ve b\u00fcy\u00fcleyici bir yolculu\u011fa \u00e7\u0131kar\u0131yor. E\u011fer daha \u00f6nce siz de&#8230;- Baz\u0131 insanlar\u0131n<span class=\"excerpt-hellip\"> [\u2026]<\/span><\/p>\n","protected":false},"featured_media":0,"template":"","meta":{"_monsterinsights_skip_tracking":false,"_monsterinsights_sitenote_active":false,"_monsterinsights_sitenote_note":"","_monsterinsights_sitenote_category":0},"product_brand":[],"product_cat":[13005,13006],"product_tag":[],"class_list":{"0":"post-699948","1":"product","2":"type-product","3":"status-publish","5":"product_cat-bilim-muhendislik","6":"product_cat-populer-bilim","7":"pa_cilt-ciltsiz","8":"pa_tur-kitap","9":"pa_yayinevi-bigbang-yayinlari","10":"pa_yazar-jesse-bering","12":"first","13":"instock","14":"sale","15":"shipping-taxable","16":"purchasable","17":"product-type-simple"},"_links":{"self":[{"href":"https:\/\/roveyayinevi.com.tr\/index.php\/wp-json\/wp\/v2\/product\/699948","targetHints":{"allow":["GET"]}}],"collection":[{"href":"https:\/\/roveyayinevi.com.tr\/index.php\/wp-json\/wp\/v2\/product"}],"about":[{"href":"https:\/\/roveyayinevi.com.tr\/index.php\/wp-json\/wp\/v2\/types\/product"}],"wp:attachment":[{"href":"https:\/\/roveyayinevi.com.tr\/index.php\/wp-json\/wp\/v2\/media?parent=699948"}],"wp:term":[{"taxonomy":"product_brand","embeddable":true,"href":"https:\/\/roveyayinevi.com.tr\/index.php\/wp-json\/wp\/v2\/product_brand?post=699948"},{"taxonomy":"product_cat","embeddable":true,"href":"https:\/\/roveyayinevi.com.tr\/index.php\/wp-json\/wp\/v2\/product_cat?post=699948"},{"taxonomy":"product_tag","embeddable":true,"href":"https:\/\/roveyayinevi.com.tr\/index.php\/wp-json\/wp\/v2\/product_tag?post=699948"}],"curies":[{"name":"wp","href":"https:\/\/api.w.org\/{rel}","templated":true}]}}