{"id":699945,"date":"2025-08-27T14:54:56","date_gmt":"2025-08-27T11:54:56","guid":{"rendered":"https:\/\/roveyayinevi.com.tr\/index.php\/urun\/osmanli-turkcesi-ogrenim-seti-5-mavi-ve-siyah\/"},"modified":"2026-04-15T02:11:56","modified_gmt":"2026-04-14T23:11:56","slug":"osmanli-turkcesi-ogrenim-seti-5-mavi-ve-siyah","status":"publish","type":"product","link":"https:\/\/roveyayinevi.com.tr\/index.php\/urun\/osmanli-turkcesi-ogrenim-seti-5-mavi-ve-siyah\/","title":{"rendered":"Osmanl\u0131 T\u00fcrk\u00e7esi \u00d6\u011frenim Seti 5 \/ Mavi ve Siyah"},"content":{"rendered":"<p>Osmanl\u0131 T\u00fcrk\u00e7esi \u00d6\u011frenim Seti 5 \/ Mavi ve Siyah <\/p>\n","protected":false},"excerpt":{"rendered":"<p>Osmanl\u0131 T\u00fcrk\u00e7esi \u00d6\u011frenim Seti 5 \/ Mavi ve Siyah<\/p>\n","protected":false},"featured_media":0,"template":"","meta":{"_monsterinsights_skip_tracking":false,"_monsterinsights_sitenote_active":false,"_monsterinsights_sitenote_note":"","_monsterinsights_sitenote_category":0},"product_brand":[],"product_cat":[14597,12566],"product_tag":[],"class_list":{"0":"post-699945","1":"product","2":"type-product","3":"status-publish","5":"product_cat-dil-ogrenimi","6":"product_cat-egitim","7":"pa_cilt-ciltsiz","8":"pa_tur-kitap","9":"pa_yayinevi-say-yayinlari","10":"pa_yazar-halid-ziya-usakligil","12":"first","13":"instock","14":"sale","15":"shipping-taxable","16":"purchasable","17":"product-type-simple"},"_links":{"self":[{"href":"https:\/\/roveyayinevi.com.tr\/index.php\/wp-json\/wp\/v2\/product\/699945","targetHints":{"allow":["GET"]}}],"collection":[{"href":"https:\/\/roveyayinevi.com.tr\/index.php\/wp-json\/wp\/v2\/product"}],"about":[{"href":"https:\/\/roveyayinevi.com.tr\/index.php\/wp-json\/wp\/v2\/types\/product"}],"wp:attachment":[{"href":"https:\/\/roveyayinevi.com.tr\/index.php\/wp-json\/wp\/v2\/media?parent=699945"}],"wp:term":[{"taxonomy":"product_brand","embeddable":true,"href":"https:\/\/roveyayinevi.com.tr\/index.php\/wp-json\/wp\/v2\/product_brand?post=699945"},{"taxonomy":"product_cat","embeddable":true,"href":"https:\/\/roveyayinevi.com.tr\/index.php\/wp-json\/wp\/v2\/product_cat?post=699945"},{"taxonomy":"product_tag","embeddable":true,"href":"https:\/\/roveyayinevi.com.tr\/index.php\/wp-json\/wp\/v2\/product_tag?post=699945"}],"curies":[{"name":"wp","href":"https:\/\/api.w.org\/{rel}","templated":true}]}}